{"id":1675,"date":"2021-09-16T09:33:59","date_gmt":"2021-09-16T19:33:59","guid":{"rendered":"https:\/\/recherche.upf.pf\/?page_id=1675"},"modified":"2025-04-15T14:59:48","modified_gmt":"2025-04-16T00:59:48","slug":"contacts-des-laboratoires","status":"publish","type":"page","link":"https:\/\/recherche.upf.pf\/ty\/contacts-des-laboratoires\/","title":{"rendered":"Contacts des Laboratoires"},"content":{"rendered":"<p class=\"qtranxs-available-languages-message qtranxs-available-languages-message-ty\">D\u00e9sol\u00e9, ce contenu est uniquement disponible en <a href=\"https:\/\/recherche.upf.pf\/fr\/wp-json\/wp\/v2\/pages\/1675\" class=\"qtranxs-available-language-link qtranxs-available-language-link-fr\" title=\"Fran\u00e7ais\">Fran\u00e7ais<\/a>.<\/p><h2 class=\"wp-block-heading\">UMR SECOPOL<\/h2>\n\n\n\n<p>Unit\u00e9 Mixte de Recherche \u00c9cosyst\u00e8mes Insulaires Oc\u00e9aniens<\/p>\n\n\n\n<p>UMR n\u00b0241 &#8211; UPF &#8211; IRD &#8211; IFREMER &#8211; ILM<\/p>\n\n\n\n<p>Mail : secretariat-umr241@upf.pf<\/p>\n\n\n\n<p>T\u00e9l : +689 408 039 67<\/p>\n\n\n\n<h2 class=\"wp-block-heading\">MSHP<\/h2>\n\n\n\n<p>Maison des Sciences de l&#8217;Homme du Pacifique<\/p>\n\n\n\n<p>USR n\u00b02003 UPF &#8211; CNRS<\/p>\n\n\n\n<p>Mail : direction-mshp@upf.pf<\/p>\n\n\n\n<h2 class=\"wp-block-heading\">GDI<\/h2>\n\n\n\n<p>Gouvernance et D\u00e9veloppement Insulaire<\/p>\n\n\n\n<p>EA n\u00b04240 <\/p>\n\n\n\n<p>Mail : gdi@upf.pf<\/p>\n\n\n\n<h2 class=\"wp-block-heading\">EASTCO<\/h2>\n\n\n\n<p>Equipe d&#8217;Accueil Soci\u00e9t\u00e9s Traditionnelles et Contemporaines en Oc\u00e9anie <\/p>\n\n\n\n<p>EA n\u00b04241<\/p>\n\n\n\n<p>Mail : eastco@upf.pf<\/p>\n\n\n\n<h2 class=\"wp-block-heading\">GePaSud<\/h2>\n\n\n\n<p>G\u00e9op\u00f4le du Pacifique Sud<\/p>\n\n\n\n<p>EA n\u00b04238<\/p>\n\n\n\n<p>Mail : gepasud@upf.pf<\/p>\n\n\n\n<h2 class=\"wp-block-heading\">GAATI<\/h2>\n\n\n\n<p>G\u00e9om\u00e9trie Alg\u00e9brique et Application \u00e0 la th\u00e9orie de l&#8217;Information<\/p>\n\n\n\n<p>EA n\u00b03893<\/p>\n\n\n\n<p>Mail : gaati@upf.pf<\/p>","protected":false},"excerpt":{"rendered":"<p>D\u00e9sol\u00e9, ce contenu est uniquement disponible en Fran\u00e7ais. UMR SECOPOL Unit\u00e9 Mixte de Recherche \u00c9cosyst\u00e8mes Insulaires Oc\u00e9aniens UMR n\u00b0241 &#8211; UPF &#8211; IRD &#8211; IFREMER &#8211; ILM Mail : secretariat-umr241@upf.pf T\u00e9l : +689 408 039 67 MSHP Maison des Sciences de l&#8217;Homme du Pacifique USR n\u00b02003 UPF &#8211; CNRS Mail : direction-mshp@upf.pf GDI Gouvernance et&hellip; <a class=\"more-link\" href=\"https:\/\/recherche.upf.pf\/ty\/contacts-des-laboratoires\/\">Continue reading <span class=\"screen-reader-text\">Contacts des Laboratoires<\/span><\/a><\/p>\n","protected":false},"author":1,"featured_media":0,"parent":0,"menu_order":0,"comment_status":"closed","ping_status":"closed","template":"","meta":{"_acf_changed":false,"_relevanssi_hide_post":"","_relevanssi_hide_content":"","_relevanssi_pin_for_all":"","_relevanssi_pin_keywords":"","_relevanssi_unpin_keywords":"","_relevanssi_related_keywords":"","_relevanssi_related_include_ids":"","_relevanssi_related_exclude_ids":"","_relevanssi_related_no_append":"","_relevanssi_related_not_related":"","_relevanssi_related_posts":"1","_relevanssi_noindex_reason":"","footnotes":""},"coauthors":[349],"class_list":["post-1675","page","type-page","status-publish","hentry","entry"],"acf":[],"yoast_head":"<!-- This site is optimized with the Yoast SEO plugin v27.3 - https:\/\/yoast.com\/product\/yoast-seo-wordpress\/ -->\n<title>Contacts des Laboratoires &#8226; Recherche UPF<\/title>\n<meta name=\"description\" content=\"Coordonn\u00e9es des laboratoires de l&#039;Universit\u00e9 de la Polyn\u00e9sie fran\u00e7aise.\" \/>\n<meta name=\"robots\" content=\"index, follow, max-snippet:-1, max-image-preview:large, max-video-preview:-1\" \/>\n<link rel=\"canonical\" href=\"https:\/\/recherche.upf.pf\/ty\/contacts-des-laboratoires\/\" \/>\n<meta property=\"og:locale\" content=\"en_US\" \/>\n<meta property=\"og:type\" content=\"article\" \/>\n<meta property=\"og:title\" content=\"Contacts des Laboratoires &#8226; Recherche UPF\" \/>\n<meta property=\"og:description\" content=\"Coordonn\u00e9es des laboratoires de l&#039;Universit\u00e9 de la Polyn\u00e9sie fran\u00e7aise.\" \/>\n<meta property=\"og:url\" content=\"https:\/\/recherche.upf.pf\/contacts-des-laboratoires\/\" \/>\n<meta property=\"og:site_name\" content=\"Recherche UPF\" \/>\n<meta property=\"article:publisher\" content=\"https:\/\/www.facebook.com\/univpf\" \/>\n<meta property=\"article:modified_time\" content=\"2025-04-16T00:59:48+00:00\" \/>\n<meta name=\"twitter:card\" content=\"summary_large_image\" \/>\n<meta name=\"twitter:site\" content=\"@univpf\" \/>\n<meta name=\"twitter:label1\" content=\"Est. reading time\" \/>\n\t<meta name=\"twitter:data1\" content=\"1 minute\" \/>\n\t<meta name=\"twitter:label2\" content=\"Written by\" \/>\n\t<meta name=\"twitter:data2\" content=\"Marcio Marim\" \/>\n<script type=\"application\/ld+json\" class=\"yoast-schema-graph\">{\"@context\":\"https:\\\/\\\/schema.org\",\"@graph\":[{\"@type\":\"WebPage\",\"@id\":\"https:\\\/\\\/recherche.upf.pf\\\/contacts-des-laboratoires\\\/\",\"url\":\"https:\\\/\\\/recherche.upf.pf\\\/contacts-des-laboratoires\\\/\",\"name\":\"Contacts des Laboratoires &#8226; Recherche UPF\",\"isPartOf\":{\"@id\":\"https:\\\/\\\/recherche.upf.pf\\\/fr\\\/#website\"},\"datePublished\":\"2021-09-16T19:33:59+00:00\",\"dateModified\":\"2025-04-16T00:59:48+00:00\",\"description\":\"Coordonn\u00e9es des laboratoires de l'Universit\u00e9 de la Polyn\u00e9sie fran\u00e7aise.\",\"breadcrumb\":{\"@id\":\"https:\\\/\\\/recherche.upf.pf\\\/contacts-des-laboratoires\\\/#breadcrumb\"},\"inLanguage\":\"ty\",\"potentialAction\":[{\"@type\":\"ReadAction\",\"target\":[\"https:\\\/\\\/recherche.upf.pf\\\/contacts-des-laboratoires\\\/\"]}]},{\"@type\":\"BreadcrumbList\",\"@id\":\"https:\\\/\\\/recherche.upf.pf\\\/contacts-des-laboratoires\\\/#breadcrumb\",\"itemListElement\":[{\"@type\":\"ListItem\",\"position\":1,\"name\":\"Accueil\",\"item\":\"https:\\\/\\\/recherche.upf.pf\\\/\"},{\"@type\":\"ListItem\",\"position\":2,\"name\":\"Contacts des Laboratoires\"}]},{\"@type\":\"WebSite\",\"@id\":\"https:\\\/\\\/recherche.upf.pf\\\/fr\\\/#website\",\"url\":\"https:\\\/\\\/recherche.upf.pf\\\/fr\\\/\",\"name\":\"Recherche - Universit\u00e9 de la Polyn\u00e9sie Fran\u00e7aise\",\"description\":\"Universit\u00e9 de la Polyn\u00e9sie Fran\u00e7aise\",\"publisher\":{\"@id\":\"https:\\\/\\\/recherche.upf.pf\\\/fr\\\/#organization\"},\"alternateName\":\"Recherche UPF\",\"potentialAction\":[{\"@type\":\"SearchAction\",\"target\":{\"@type\":\"EntryPoint\",\"urlTemplate\":\"https:\\\/\\\/recherche.upf.pf\\\/fr\\\/?s={search_term_string}\"},\"query-input\":{\"@type\":\"PropertyValueSpecification\",\"valueRequired\":true,\"valueName\":\"search_term_string\"}}],\"inLanguage\":\"ty\"},{\"@type\":\"Organization\",\"@id\":\"https:\\\/\\\/recherche.upf.pf\\\/fr\\\/#organization\",\"name\":\"Universit\u00e9 de la Polyn\u00e9sie Fran\u00e7aise\",\"url\":\"https:\\\/\\\/recherche.upf.pf\\\/fr\\\/\",\"logo\":{\"@type\":\"ImageObject\",\"inLanguage\":\"ty\",\"@id\":\"https:\\\/\\\/recherche.upf.pf\\\/fr\\\/#\\\/schema\\\/logo\\\/image\\\/\",\"url\":\"https:\\\/\\\/recherche.upf.pf\\\/wp-content\\\/uploads\\\/2021\\\/02\\\/Logo-UPF.png\",\"contentUrl\":\"https:\\\/\\\/recherche.upf.pf\\\/wp-content\\\/uploads\\\/2021\\\/02\\\/Logo-UPF.png\",\"width\":2132,\"height\":968,\"caption\":\"Universit\u00e9 de la Polyn\u00e9sie Fran\u00e7aise\"},\"image\":{\"@id\":\"https:\\\/\\\/recherche.upf.pf\\\/fr\\\/#\\\/schema\\\/logo\\\/image\\\/\"},\"sameAs\":[\"https:\\\/\\\/www.facebook.com\\\/univpf\",\"https:\\\/\\\/x.com\\\/univpf\",\"https:\\\/\\\/www.instagram.com\\\/univpf\\\/\",\"https:\\\/\\\/www.linkedin.com\\\/school\\\/universit\u00e9-de-la-polyn\u00e9sie-fran\u00e7aise\\\/\",\"https:\\\/\\\/www.youtube.com\\\/channel\\\/UC535-cUv9j7pnLabFCFc17g\",\"https:\\\/\\\/fr.wikipedia.org\\\/wiki\\\/Universit\u00e9_de_la_Polyn\u00e9sie_fran\u00e7aise\"]}]}<\/script>\n<!-- \/ Yoast SEO plugin. -->","yoast_head_json":{"title":"Contacts des Laboratoires &#8226; Recherche UPF","description":"Coordonn\u00e9es des laboratoires de l'Universit\u00e9 de la Polyn\u00e9sie fran\u00e7aise.","robots":{"index":"index","follow":"follow","max-snippet":"max-snippet:-1","max-image-preview":"max-image-preview:large","max-video-preview":"max-video-preview:-1"},"canonical":"https:\/\/recherche.upf.pf\/ty\/contacts-des-laboratoires\/","og_locale":"en_US","og_type":"article","og_title":"Contacts des Laboratoires &#8226; Recherche UPF","og_description":"Coordonn\u00e9es des laboratoires de l'Universit\u00e9 de la Polyn\u00e9sie fran\u00e7aise.","og_url":"https:\/\/recherche.upf.pf\/contacts-des-laboratoires\/","og_site_name":"Recherche UPF","article_publisher":"https:\/\/www.facebook.com\/univpf","article_modified_time":"2025-04-16T00:59:48+00:00","twitter_card":"summary_large_image","twitter_site":"@univpf","twitter_misc":{"Est. reading time":"1 minute","Written by":"Marcio Marim"},"schema":{"@context":"https:\/\/schema.org","@graph":[{"@type":"WebPage","@id":"https:\/\/recherche.upf.pf\/contacts-des-laboratoires\/","url":"https:\/\/recherche.upf.pf\/contacts-des-laboratoires\/","name":"Contacts des Laboratoires &#8226; Recherche UPF","isPartOf":{"@id":"https:\/\/recherche.upf.pf\/fr\/#website"},"datePublished":"2021-09-16T19:33:59+00:00","dateModified":"2025-04-16T00:59:48+00:00","description":"Coordonn\u00e9es des laboratoires de l'Universit\u00e9 de la Polyn\u00e9sie fran\u00e7aise.","breadcrumb":{"@id":"https:\/\/recherche.upf.pf\/contacts-des-laboratoires\/#breadcrumb"},"inLanguage":"ty","potentialAction":[{"@type":"ReadAction","target":["https:\/\/recherche.upf.pf\/contacts-des-laboratoires\/"]}]},{"@type":"BreadcrumbList","@id":"https:\/\/recherche.upf.pf\/contacts-des-laboratoires\/#breadcrumb","itemListElement":[{"@type":"ListItem","position":1,"name":"Accueil","item":"https:\/\/recherche.upf.pf\/"},{"@type":"ListItem","position":2,"name":"Contacts des Laboratoires"}]},{"@type":"WebSite","@id":"https:\/\/recherche.upf.pf\/fr\/#website","url":"https:\/\/recherche.upf.pf\/fr\/","name":"Recherche - Universit\u00e9 de la Polyn\u00e9sie Fran\u00e7aise","description":"Universit\u00e9 de la Polyn\u00e9sie Fran\u00e7aise","publisher":{"@id":"https:\/\/recherche.upf.pf\/fr\/#organization"},"alternateName":"Recherche UPF","potentialAction":[{"@type":"SearchAction","target":{"@type":"EntryPoint","urlTemplate":"https:\/\/recherche.upf.pf\/fr\/?s={search_term_string}"},"query-input":{"@type":"PropertyValueSpecification","valueRequired":true,"valueName":"search_term_string"}}],"inLanguage":"ty"},{"@type":"Organization","@id":"https:\/\/recherche.upf.pf\/fr\/#organization","name":"Universit\u00e9 de la Polyn\u00e9sie Fran\u00e7aise","url":"https:\/\/recherche.upf.pf\/fr\/","logo":{"@type":"ImageObject","inLanguage":"ty","@id":"https:\/\/recherche.upf.pf\/fr\/#\/schema\/logo\/image\/","url":"https:\/\/recherche.upf.pf\/wp-content\/uploads\/2021\/02\/Logo-UPF.png","contentUrl":"https:\/\/recherche.upf.pf\/wp-content\/uploads\/2021\/02\/Logo-UPF.png","width":2132,"height":968,"caption":"Universit\u00e9 de la Polyn\u00e9sie Fran\u00e7aise"},"image":{"@id":"https:\/\/recherche.upf.pf\/fr\/#\/schema\/logo\/image\/"},"sameAs":["https:\/\/www.facebook.com\/univpf","https:\/\/x.com\/univpf","https:\/\/www.instagram.com\/univpf\/","https:\/\/www.linkedin.com\/school\/universit\u00e9-de-la-polyn\u00e9sie-fran\u00e7aise\/","https:\/\/www.youtube.com\/channel\/UC535-cUv9j7pnLabFCFc17g","https:\/\/fr.wikipedia.org\/wiki\/Universit\u00e9_de_la_Polyn\u00e9sie_fran\u00e7aise"]}]}},"jetpack_shortlink":"https:\/\/wp.me\/Pd7hzg-r1","jetpack_sharing_enabled":true,"_links":{"self":[{"href":"https:\/\/recherche.upf.pf\/ty\/wp-json\/wp\/v2\/pages\/1675","targetHints":{"allow":["GET"]}}],"collection":[{"href":"https:\/\/recherche.upf.pf\/ty\/wp-json\/wp\/v2\/pages"}],"about":[{"href":"https:\/\/recherche.upf.pf\/ty\/wp-json\/wp\/v2\/types\/page"}],"author":[{"embeddable":true,"href":"https:\/\/recherche.upf.pf\/ty\/wp-json\/wp\/v2\/users\/1"}],"replies":[{"embeddable":true,"href":"https:\/\/recherche.upf.pf\/ty\/wp-json\/wp\/v2\/comments?post=1675"}],"version-history":[{"count":9,"href":"https:\/\/recherche.upf.pf\/ty\/wp-json\/wp\/v2\/pages\/1675\/revisions"}],"predecessor-version":[{"id":10160,"href":"https:\/\/recherche.upf.pf\/ty\/wp-json\/wp\/v2\/pages\/1675\/revisions\/10160"}],"wp:attachment":[{"href":"https:\/\/recherche.upf.pf\/ty\/wp-json\/wp\/v2\/media?parent=1675"}],"wp:term":[{"taxonomy":"author","embeddable":true,"href":"https:\/\/recherche.upf.pf\/ty\/wp-json\/wp\/v2\/coauthors?post=1675"}],"curies":[{"name":"wp","href":"https:\/\/api.w.org\/{rel}","templated":true}]}}