{"id":1669,"date":"2021-09-15T15:08:02","date_gmt":"2021-09-16T01:08:02","guid":{"rendered":"https:\/\/recherche.upf.pf\/?page_id=1669"},"modified":"2023-04-06T14:48:11","modified_gmt":"2023-04-07T00:48:11","slug":"habilitation-a-diriger-des-recherches","status":"publish","type":"page","link":"https:\/\/recherche.upf.pf\/ty\/habilitation-a-diriger-des-recherches\/","title":{"rendered":"HABILITATION\u00c0 DIRIGER DES  RECHERCHES"},"content":{"rendered":"<p class=\"qtranxs-available-languages-message qtranxs-available-languages-message-ty\">D\u00e9sol\u00e9, ce contenu est uniquement disponible en <a href=\"https:\/\/recherche.upf.pf\/fr\/wp-json\/wp\/v2\/pages\/1669\" class=\"qtranxs-available-language-link qtranxs-available-language-link-fr\" title=\"Fran\u00e7ais\">Fran\u00e7ais<\/a>.<\/p><p><\/p>\n\n\n\n<figure class=\"wp-block-image size-full\"><img loading=\"lazy\" decoding=\"async\" width=\"895\" height=\"535\" data-attachment-id=\"6683\" data-permalink=\"https:\/\/recherche.upf.pf\/ty\/habilitation-a-diriger-des-recherches\/attachment\/shema-hdr\/\" data-orig-file=\"https:\/\/recherche.upf.pf\/wp-content\/uploads\/2023\/04\/shema-HDR.jpg\" data-orig-size=\"895,535\" data-comments-opened=\"1\" data-image-meta=\"{&quot;aperture&quot;:&quot;0&quot;,&quot;credit&quot;:&quot;&quot;,&quot;camera&quot;:&quot;&quot;,&quot;caption&quot;:&quot;&quot;,&quot;created_timestamp&quot;:&quot;0&quot;,&quot;copyright&quot;:&quot;&quot;,&quot;focal_length&quot;:&quot;0&quot;,&quot;iso&quot;:&quot;0&quot;,&quot;shutter_speed&quot;:&quot;0&quot;,&quot;title&quot;:&quot;&quot;,&quot;orientation&quot;:&quot;0&quot;}\" data-image-title=\"shema-HDR\" data-image-description=\"\" data-image-caption=\"\" data-medium-file=\"https:\/\/recherche.upf.pf\/wp-content\/uploads\/2023\/04\/shema-HDR-300x300.jpg\" data-large-file=\"https:\/\/recherche.upf.pf\/wp-content\/uploads\/2023\/04\/shema-HDR.jpg\" src=\"https:\/\/recherche.upf.pf\/wp-content\/uploads\/2023\/04\/shema-HDR.jpg\" alt=\"\" class=\"wp-image-6683\" srcset=\"https:\/\/recherche.upf.pf\/wp-content\/uploads\/2023\/04\/shema-HDR.jpg 895w, https:\/\/recherche.upf.pf\/wp-content\/uploads\/2023\/04\/shema-HDR-300x179.jpg 300w, https:\/\/recherche.upf.pf\/wp-content\/uploads\/2023\/04\/shema-HDR-60x36.jpg 60w, https:\/\/recherche.upf.pf\/wp-content\/uploads\/2023\/04\/shema-HDR-600x359.jpg 600w\" sizes=\"auto, (max-width: 895px) 100vw, 895px\" \/><\/figure>\n\n\n\n<div data-wp-interactive=\"core\/file\" class=\"wp-block-file\"><object data-wp-bind--hidden=\"!state.hasPdfPreview\" hidden class=\"wp-block-file__embed\" data=\"https:\/\/recherche.upf.pf\/wp-content\/uploads\/2023\/04\/DELIB-CR-2022-09-HDR-Procedure-HDR-2022.pdf\" type=\"application\/pdf\" style=\"width:100%;height:600px\" aria-label=\"Embed of DELIB-CR-2022-09-HDR-Procedure-HDR-2022.\"><\/object><a id=\"wp-block-file--media-fd448156-9a2e-455b-b019-7bb0ab682569\" href=\"https:\/\/recherche.upf.pf\/wp-content\/uploads\/2023\/04\/DELIB-CR-2022-09-HDR-Procedure-HDR-2022.pdf\">DELIB-CR-2022-09-HDR-Procedure-HDR-2022<\/a><a href=\"https:\/\/recherche.upf.pf\/wp-content\/uploads\/2023\/04\/DELIB-CR-2022-09-HDR-Procedure-HDR-2022.pdf\" class=\"wp-block-file__button wp-element-button\" download aria-describedby=\"wp-block-file--media-fd448156-9a2e-455b-b019-7bb0ab682569\">T\u00e9l\u00e9charger<\/a><\/div>","protected":false},"excerpt":{"rendered":"<p>D\u00e9sol\u00e9, ce contenu est uniquement disponible en Fran\u00e7ais.<\/p>\n","protected":false},"author":1,"featured_media":0,"parent":0,"menu_order":0,"comment_status":"closed","ping_status":"closed","template":"","meta":{"_acf_changed":false,"_relevanssi_hide_post":"","_relevanssi_hide_content":"","_relevanssi_pin_for_all":"","_relevanssi_pin_keywords":"","_relevanssi_unpin_keywords":"","_relevanssi_related_keywords":"","_relevanssi_related_include_ids":"","_relevanssi_related_exclude_ids":"","_relevanssi_related_no_append":"","_relevanssi_related_not_related":"","_relevanssi_related_posts":"1","_relevanssi_noindex_reason":"","footnotes":""},"coauthors":[349],"class_list":["post-1669","page","type-page","status-publish","hentry","entry"],"acf":[],"yoast_head":"<!-- This site is optimized with the Yoast SEO plugin v27.3 - https:\/\/yoast.com\/product\/yoast-seo-wordpress\/ -->\n<title>HABILITATION\u00c0 DIRIGER DES RECHERCHES &#8226; Recherche UPF<\/title>\n<meta name=\"description\" content=\"Proc\u00e9dure Habilitation \u00e0 Diriger des Recherches de l&#039;Universit\u00e9 de la Polyn\u00e9sie fran\u00e7aise.\" \/>\n<meta name=\"robots\" content=\"index, follow, max-snippet:-1, max-image-preview:large, max-video-preview:-1\" \/>\n<link rel=\"canonical\" href=\"https:\/\/recherche.upf.pf\/ty\/habilitation-a-diriger-des-recherches\/\" \/>\n<meta property=\"og:locale\" content=\"en_US\" \/>\n<meta property=\"og:type\" content=\"article\" \/>\n<meta property=\"og:title\" content=\"HABILITATION\u00c0 DIRIGER DES RECHERCHES &#8226; Recherche UPF\" \/>\n<meta property=\"og:description\" content=\"Proc\u00e9dure Habilitation \u00e0 Diriger des Recherches de l&#039;Universit\u00e9 de la Polyn\u00e9sie fran\u00e7aise.\" \/>\n<meta property=\"og:url\" content=\"https:\/\/recherche.upf.pf\/habilitation-a-diriger-des-recherches\/\" \/>\n<meta property=\"og:site_name\" content=\"Recherche UPF\" \/>\n<meta property=\"article:publisher\" content=\"https:\/\/www.facebook.com\/univpf\" \/>\n<meta property=\"article:modified_time\" content=\"2023-04-07T00:48:11+00:00\" \/>\n<meta property=\"og:image\" content=\"https:\/\/recherche.upf.pf\/wp-content\/uploads\/2023\/04\/shema-HDR.jpg\" \/>\n<meta name=\"twitter:card\" content=\"summary_large_image\" \/>\n<meta name=\"twitter:site\" content=\"@univpf\" \/>\n<meta name=\"twitter:label1\" content=\"Est. reading time\" \/>\n\t<meta name=\"twitter:data1\" content=\"1 minute\" \/>\n\t<meta name=\"twitter:label2\" content=\"Written by\" \/>\n\t<meta name=\"twitter:data2\" content=\"Marcio Marim\" \/>\n<script type=\"application\/ld+json\" class=\"yoast-schema-graph\">{\"@context\":\"https:\\\/\\\/schema.org\",\"@graph\":[{\"@type\":\"WebPage\",\"@id\":\"https:\\\/\\\/recherche.upf.pf\\\/habilitation-a-diriger-des-recherches\\\/\",\"url\":\"https:\\\/\\\/recherche.upf.pf\\\/habilitation-a-diriger-des-recherches\\\/\",\"name\":\"HABILITATION\u00c0 DIRIGER DES RECHERCHES &#8226; Recherche UPF\",\"isPartOf\":{\"@id\":\"https:\\\/\\\/recherche.upf.pf\\\/fr\\\/#website\"},\"primaryImageOfPage\":{\"@id\":\"https:\\\/\\\/recherche.upf.pf\\\/habilitation-a-diriger-des-recherches\\\/#primaryimage\"},\"image\":{\"@id\":\"https:\\\/\\\/recherche.upf.pf\\\/habilitation-a-diriger-des-recherches\\\/#primaryimage\"},\"thumbnailUrl\":\"https:\\\/\\\/recherche.upf.pf\\\/wp-content\\\/uploads\\\/2023\\\/04\\\/shema-HDR.jpg\",\"datePublished\":\"2021-09-16T01:08:02+00:00\",\"dateModified\":\"2023-04-07T00:48:11+00:00\",\"description\":\"Proc\u00e9dure Habilitation \u00e0 Diriger des Recherches de l'Universit\u00e9 de la Polyn\u00e9sie fran\u00e7aise.\",\"breadcrumb\":{\"@id\":\"https:\\\/\\\/recherche.upf.pf\\\/habilitation-a-diriger-des-recherches\\\/#breadcrumb\"},\"inLanguage\":\"ty\",\"potentialAction\":[{\"@type\":\"ReadAction\",\"target\":[\"https:\\\/\\\/recherche.upf.pf\\\/habilitation-a-diriger-des-recherches\\\/\"]}]},{\"@type\":\"ImageObject\",\"inLanguage\":\"ty\",\"@id\":\"https:\\\/\\\/recherche.upf.pf\\\/habilitation-a-diriger-des-recherches\\\/#primaryimage\",\"url\":\"https:\\\/\\\/recherche.upf.pf\\\/wp-content\\\/uploads\\\/2023\\\/04\\\/shema-HDR.jpg\",\"contentUrl\":\"https:\\\/\\\/recherche.upf.pf\\\/wp-content\\\/uploads\\\/2023\\\/04\\\/shema-HDR.jpg\"},{\"@type\":\"BreadcrumbList\",\"@id\":\"https:\\\/\\\/recherche.upf.pf\\\/habilitation-a-diriger-des-recherches\\\/#breadcrumb\",\"itemListElement\":[{\"@type\":\"ListItem\",\"position\":1,\"name\":\"Accueil\",\"item\":\"https:\\\/\\\/recherche.upf.pf\\\/\"},{\"@type\":\"ListItem\",\"position\":2,\"name\":\"HABILITATION\u00c0 DIRIGER DES RECHERCHES\"}]},{\"@type\":\"WebSite\",\"@id\":\"https:\\\/\\\/recherche.upf.pf\\\/fr\\\/#website\",\"url\":\"https:\\\/\\\/recherche.upf.pf\\\/fr\\\/\",\"name\":\"Recherche - Universit\u00e9 de la Polyn\u00e9sie Fran\u00e7aise\",\"description\":\"Universit\u00e9 de la Polyn\u00e9sie Fran\u00e7aise\",\"publisher\":{\"@id\":\"https:\\\/\\\/recherche.upf.pf\\\/fr\\\/#organization\"},\"alternateName\":\"Recherche UPF\",\"potentialAction\":[{\"@type\":\"SearchAction\",\"target\":{\"@type\":\"EntryPoint\",\"urlTemplate\":\"https:\\\/\\\/recherche.upf.pf\\\/fr\\\/?s={search_term_string}\"},\"query-input\":{\"@type\":\"PropertyValueSpecification\",\"valueRequired\":true,\"valueName\":\"search_term_string\"}}],\"inLanguage\":\"ty\"},{\"@type\":\"Organization\",\"@id\":\"https:\\\/\\\/recherche.upf.pf\\\/fr\\\/#organization\",\"name\":\"Universit\u00e9 de la Polyn\u00e9sie Fran\u00e7aise\",\"url\":\"https:\\\/\\\/recherche.upf.pf\\\/fr\\\/\",\"logo\":{\"@type\":\"ImageObject\",\"inLanguage\":\"ty\",\"@id\":\"https:\\\/\\\/recherche.upf.pf\\\/fr\\\/#\\\/schema\\\/logo\\\/image\\\/\",\"url\":\"https:\\\/\\\/recherche.upf.pf\\\/wp-content\\\/uploads\\\/2021\\\/02\\\/Logo-UPF.png\",\"contentUrl\":\"https:\\\/\\\/recherche.upf.pf\\\/wp-content\\\/uploads\\\/2021\\\/02\\\/Logo-UPF.png\",\"width\":2132,\"height\":968,\"caption\":\"Universit\u00e9 de la Polyn\u00e9sie Fran\u00e7aise\"},\"image\":{\"@id\":\"https:\\\/\\\/recherche.upf.pf\\\/fr\\\/#\\\/schema\\\/logo\\\/image\\\/\"},\"sameAs\":[\"https:\\\/\\\/www.facebook.com\\\/univpf\",\"https:\\\/\\\/x.com\\\/univpf\",\"https:\\\/\\\/www.instagram.com\\\/univpf\\\/\",\"https:\\\/\\\/www.linkedin.com\\\/school\\\/universit\u00e9-de-la-polyn\u00e9sie-fran\u00e7aise\\\/\",\"https:\\\/\\\/www.youtube.com\\\/channel\\\/UC535-cUv9j7pnLabFCFc17g\",\"https:\\\/\\\/fr.wikipedia.org\\\/wiki\\\/Universit\u00e9_de_la_Polyn\u00e9sie_fran\u00e7aise\"]}]}<\/script>\n<!-- \/ Yoast SEO plugin. -->","yoast_head_json":{"title":"HABILITATION\u00c0 DIRIGER DES RECHERCHES &#8226; Recherche UPF","description":"Proc\u00e9dure Habilitation \u00e0 Diriger des Recherches de l'Universit\u00e9 de la Polyn\u00e9sie fran\u00e7aise.","robots":{"index":"index","follow":"follow","max-snippet":"max-snippet:-1","max-image-preview":"max-image-preview:large","max-video-preview":"max-video-preview:-1"},"canonical":"https:\/\/recherche.upf.pf\/ty\/habilitation-a-diriger-des-recherches\/","og_locale":"en_US","og_type":"article","og_title":"HABILITATION\u00c0 DIRIGER DES RECHERCHES &#8226; Recherche UPF","og_description":"Proc\u00e9dure Habilitation \u00e0 Diriger des Recherches de l'Universit\u00e9 de la Polyn\u00e9sie fran\u00e7aise.","og_url":"https:\/\/recherche.upf.pf\/habilitation-a-diriger-des-recherches\/","og_site_name":"Recherche UPF","article_publisher":"https:\/\/www.facebook.com\/univpf","article_modified_time":"2023-04-07T00:48:11+00:00","og_image":[{"url":"https:\/\/recherche.upf.pf\/wp-content\/uploads\/2023\/04\/shema-HDR.jpg","type":"","width":"","height":""}],"twitter_card":"summary_large_image","twitter_site":"@univpf","twitter_misc":{"Est. reading time":"1 minute","Written by":"Marcio Marim"},"schema":{"@context":"https:\/\/schema.org","@graph":[{"@type":"WebPage","@id":"https:\/\/recherche.upf.pf\/habilitation-a-diriger-des-recherches\/","url":"https:\/\/recherche.upf.pf\/habilitation-a-diriger-des-recherches\/","name":"HABILITATION\u00c0 DIRIGER DES RECHERCHES &#8226; Recherche UPF","isPartOf":{"@id":"https:\/\/recherche.upf.pf\/fr\/#website"},"primaryImageOfPage":{"@id":"https:\/\/recherche.upf.pf\/habilitation-a-diriger-des-recherches\/#primaryimage"},"image":{"@id":"https:\/\/recherche.upf.pf\/habilitation-a-diriger-des-recherches\/#primaryimage"},"thumbnailUrl":"https:\/\/recherche.upf.pf\/wp-content\/uploads\/2023\/04\/shema-HDR.jpg","datePublished":"2021-09-16T01:08:02+00:00","dateModified":"2023-04-07T00:48:11+00:00","description":"Proc\u00e9dure Habilitation \u00e0 Diriger des Recherches de l'Universit\u00e9 de la Polyn\u00e9sie fran\u00e7aise.","breadcrumb":{"@id":"https:\/\/recherche.upf.pf\/habilitation-a-diriger-des-recherches\/#breadcrumb"},"inLanguage":"ty","potentialAction":[{"@type":"ReadAction","target":["https:\/\/recherche.upf.pf\/habilitation-a-diriger-des-recherches\/"]}]},{"@type":"ImageObject","inLanguage":"ty","@id":"https:\/\/recherche.upf.pf\/habilitation-a-diriger-des-recherches\/#primaryimage","url":"https:\/\/recherche.upf.pf\/wp-content\/uploads\/2023\/04\/shema-HDR.jpg","contentUrl":"https:\/\/recherche.upf.pf\/wp-content\/uploads\/2023\/04\/shema-HDR.jpg"},{"@type":"BreadcrumbList","@id":"https:\/\/recherche.upf.pf\/habilitation-a-diriger-des-recherches\/#breadcrumb","itemListElement":[{"@type":"ListItem","position":1,"name":"Accueil","item":"https:\/\/recherche.upf.pf\/"},{"@type":"ListItem","position":2,"name":"HABILITATION\u00c0 DIRIGER DES RECHERCHES"}]},{"@type":"WebSite","@id":"https:\/\/recherche.upf.pf\/fr\/#website","url":"https:\/\/recherche.upf.pf\/fr\/","name":"Recherche - Universit\u00e9 de la Polyn\u00e9sie Fran\u00e7aise","description":"Universit\u00e9 de la Polyn\u00e9sie Fran\u00e7aise","publisher":{"@id":"https:\/\/recherche.upf.pf\/fr\/#organization"},"alternateName":"Recherche UPF","potentialAction":[{"@type":"SearchAction","target":{"@type":"EntryPoint","urlTemplate":"https:\/\/recherche.upf.pf\/fr\/?s={search_term_string}"},"query-input":{"@type":"PropertyValueSpecification","valueRequired":true,"valueName":"search_term_string"}}],"inLanguage":"ty"},{"@type":"Organization","@id":"https:\/\/recherche.upf.pf\/fr\/#organization","name":"Universit\u00e9 de la Polyn\u00e9sie Fran\u00e7aise","url":"https:\/\/recherche.upf.pf\/fr\/","logo":{"@type":"ImageObject","inLanguage":"ty","@id":"https:\/\/recherche.upf.pf\/fr\/#\/schema\/logo\/image\/","url":"https:\/\/recherche.upf.pf\/wp-content\/uploads\/2021\/02\/Logo-UPF.png","contentUrl":"https:\/\/recherche.upf.pf\/wp-content\/uploads\/2021\/02\/Logo-UPF.png","width":2132,"height":968,"caption":"Universit\u00e9 de la Polyn\u00e9sie Fran\u00e7aise"},"image":{"@id":"https:\/\/recherche.upf.pf\/fr\/#\/schema\/logo\/image\/"},"sameAs":["https:\/\/www.facebook.com\/univpf","https:\/\/x.com\/univpf","https:\/\/www.instagram.com\/univpf\/","https:\/\/www.linkedin.com\/school\/universit\u00e9-de-la-polyn\u00e9sie-fran\u00e7aise\/","https:\/\/www.youtube.com\/channel\/UC535-cUv9j7pnLabFCFc17g","https:\/\/fr.wikipedia.org\/wiki\/Universit\u00e9_de_la_Polyn\u00e9sie_fran\u00e7aise"]}]}},"jetpack_shortlink":"https:\/\/wp.me\/Pd7hzg-qV","jetpack_sharing_enabled":true,"_links":{"self":[{"href":"https:\/\/recherche.upf.pf\/ty\/wp-json\/wp\/v2\/pages\/1669","targetHints":{"allow":["GET"]}}],"collection":[{"href":"https:\/\/recherche.upf.pf\/ty\/wp-json\/wp\/v2\/pages"}],"about":[{"href":"https:\/\/recherche.upf.pf\/ty\/wp-json\/wp\/v2\/types\/page"}],"author":[{"embeddable":true,"href":"https:\/\/recherche.upf.pf\/ty\/wp-json\/wp\/v2\/users\/1"}],"replies":[{"embeddable":true,"href":"https:\/\/recherche.upf.pf\/ty\/wp-json\/wp\/v2\/comments?post=1669"}],"version-history":[{"count":7,"href":"https:\/\/recherche.upf.pf\/ty\/wp-json\/wp\/v2\/pages\/1669\/revisions"}],"predecessor-version":[{"id":6687,"href":"https:\/\/recherche.upf.pf\/ty\/wp-json\/wp\/v2\/pages\/1669\/revisions\/6687"}],"wp:attachment":[{"href":"https:\/\/recherche.upf.pf\/ty\/wp-json\/wp\/v2\/media?parent=1669"}],"wp:term":[{"taxonomy":"author","embeddable":true,"href":"https:\/\/recherche.upf.pf\/ty\/wp-json\/wp\/v2\/coauthors?post=1669"}],"curies":[{"name":"wp","href":"https:\/\/api.w.org\/{rel}","templated":true}]}}