{"id":1664,"date":"2021-09-15T10:48:45","date_gmt":"2021-09-15T20:48:45","guid":{"rendered":"https:\/\/recherche.upf.pf\/?page_id=1664"},"modified":"2026-02-11T08:38:18","modified_gmt":"2026-02-11T18:38:18","slug":"doctorant","status":"publish","type":"page","link":"https:\/\/recherche.upf.pf\/ty\/doctorant\/","title":{"rendered":"Doctorant"},"content":{"rendered":"<p class=\"qtranxs-available-languages-message qtranxs-available-languages-message-ty\">D\u00e9sol\u00e9, ce contenu est uniquement disponible en <a href=\"https:\/\/recherche.upf.pf\/fr\/wp-json\/wp\/v2\/pages\/1664\" class=\"qtranxs-available-language-link qtranxs-available-language-link-fr\" title=\"Fran\u00e7ais\">Fran\u00e7ais<\/a>.<\/p><h2 class=\"wp-block-heading section\">Re-inscription<\/h2>\n\n\n\n<ul class=\"wp-block-list\">\n<li>Date d\u2019ouverture\u00a0:\u00a0<strong>&#8230;&#8230;&#8230;&#8230;&#8230;&#8230;&#8230;&#8230;&#8230;&#8230;&#8230;&#8230;&#8230;&#8230;&#8230;.<\/strong><\/li>\n\n\n\n<li>Date de cl\u00f4ture :\u00a0<strong>&#8230;&#8230;&#8230;&#8230;&#8230;&#8230;&#8230;&#8230;&#8230;&#8230;&#8230;&#8230;&#8230;&#8230;&#8230;&#8230;.<\/strong><\/li>\n<\/ul>\n\n\n\n<p>Les doctorants et doctorantes doivent renouveler leur inscription chaque ann\u00e9e lors de la rentr\u00e9e universitaire et ce, ind\u00e9pendamment de la date de premi\u00e8re inscription. <\/p>\n\n\n\n<p>Nous vous rappelons que <strong>la tenue d\u2019un comit\u00e9 de suivi est obligatoire<\/strong> avant l&#8217;inscription en deuxi\u00e8me ann\u00e9e puis avant chaque nouvelle inscription jusqu\u2019\u00e0 la fin du doctorat. Aucune d\u00e9rogation ne sera accord\u00e9e. Les \u00e9tudiants en ann\u00e9e de c\u00e9sure sont invit\u00e9s \u00e0 prendre contact avec l\u2019\u00c9cole doctorale pour toute question relative \u00e0 ce sujet. <\/p>\n\n\n\n<p>Le dossier de r\u00e9inscription complet doit \u00eatre envoy\u00e9 \u00e0 l\u2019Ecole Doctorale du Pacifique (ED 469) par mail \u00e0&nbsp;<strong><a href=\"mailto:ecole-doctorale@upf.pf\" target=\"_blank\" rel=\"noreferrer noopener\">ecole-doctorale@upf.pf<\/a><\/strong><\/p>\n\n\n\n<p>Renseignements par t\u00e9l\u00e9phone au&nbsp;<strong>40 803 923<\/strong>&nbsp;(uniquement le matin). <\/p>\n\n\n\n<p>Le secr\u00e9tariat de l\u2019\u00c9cole doctorale accusera r\u00e9ception des dossiers re\u00e7us, v\u00e9rifiera qu\u2019ils sont complets et pr\u00e9parera l\u2019autorisation de r\u00e9inscription sign\u00e9e du pr\u00e9sident de l\u2019UPF.<\/p>\n\n\n\n<hr class=\"wp-block-separator has-alpha-channel-opacity\"\/>\n\n\n\n<p>Documents t\u00e9l\u00e9chargeables \u2013 R\u00e9inscription \u00e0 l\u2019EDP ci-apr\u00e8s&nbsp;:<\/p>\n\n\n\n<ul class=\"wp-block-list\">\n<li><a href=\"https:\/\/recherche.upf.pf\/wp-content\/uploads\/2025\/06\/Procedure_Re-inscription_2025-2026.pdf\" target=\"_blank\" rel=\"noreferrer noopener\">Notice explicative \u2013 proc\u00e9dure de r\u00e9inscription EDP 2025-2026<\/a><\/li>\n\n\n\n<li><a href=\"https:\/\/recherche.upf.pf\/wp-content\/uploads\/2025\/08\/1-Autorisation_Reinscription_EDP-UPF_2025-2026-2.docx\" target=\"_blank\" rel=\"noreferrer noopener\">Autorisation r\u00e9inscription EDP <\/a>2025\/2026<\/li>\n<\/ul>\n\n\n\n<h2 class=\"wp-block-heading section\">Comit\u00e9 de suivi<\/h2>\n\n\n\n<p>Vous trouverez le formulaire \u00e0 t\u00e9l\u00e9charger ici :<\/p>\n\n\n\n<ul class=\"wp-block-list\">\n<li><a href=\"https:\/\/recherche.upf.pf\/wp-content\/uploads\/2025\/06\/CR_Comite-Suivi-Individuel.docx\" target=\"_blank\" rel=\"noreferrer noopener\">Comit\u00e9 de suivi individuel EDP<\/a><\/li>\n<\/ul>\n\n\n\n<h2 class=\"wp-block-heading section\">Pr\u00e9parer et soutenir une th\u00e8se<\/h2>\n\n\n\n<p>Le secr\u00e9tariat de l\u2019\u00c9cole doctorale est charg\u00e9 de l\u2019organisation des soutenances de th\u00e8ses. Il accompagne les doctorants, les directeurs et autres membres de jury dans leurs d\u00e9marches administratives. Enfin, il d\u00e9livre les attestations de r\u00e9ussite et les dipl\u00f4mes.<\/p>\n\n\n\n<p>Afin d\u2019identifier les diff\u00e9rentes \u00e9tapes n\u00e9cessaires \u00e0 la soutenance, nous vous proposons de naviguer sur les items suivants :<\/p>\n\n\n\n<ul class=\"wp-block-list\">\n<li><a href=\"https:\/\/recherche.upf.pf\/wp-content\/uploads\/2026\/02\/Soutenance-these-EDP-UPF_Guide.pdf\" target=\"_blank\" rel=\"noreferrer noopener\">Guide de la soutenance de th\u00e8se<\/a> 2025<\/li>\n\n\n\n<li><a href=\"http:\/\/www.upf.pf\/sites\/default\/files\/images\/documents\/BU\/guide_pour_la_redaction_et_presentation_des_theses_2007.pdf\" target=\"_blank\" rel=\"noreferrer noopener\">Guide pour la r\u00e9daction et la pr\u00e9sentation des th\u00e8ses \u00e0 l\u2019usage des doctorants\u00a0<\/a>2007<\/li>\n\n\n\n<li><a href=\"https:\/\/recherche.upf.pf\/wp-content\/uploads\/2023\/12\/Presentation-soutenance-de-these-comment-sy-preparer.pptx\" target=\"_blank\" rel=\"noreferrer noopener\">Pr\u00e9parer sa soutenance de th\u00e8se<\/a> 2023<\/li>\n\n\n\n<li><a href=\"https:\/\/recherche.upf.pf\/wp-content\/uploads\/2026\/02\/Soutenance-these-EDP-UPF_Retroplanning.pdf\" target=\"_blank\" rel=\"noreferrer noopener\">Retroplanning de la soutenance de th\u00e8se<\/a> 2025<\/li>\n\n\n\n<li><a href=\"https:\/\/bibliotheque.upf.pf\/accueil\/appui_a_la_recherche\" target=\"_blank\" rel=\"noreferrer noopener\">Appui \u00e0 la recherche<\/a> du site de la BU <\/li>\n<\/ul>\n\n\n\n<hr class=\"wp-block-separator has-alpha-channel-opacity\"\/>\n\n\n\n<p>Documents t\u00e9l\u00e9chargeables \u2013 Soutenir une th\u00e8se \u00e0 l\u2019EDP ci-apr\u00e8s&nbsp;:<\/p>\n\n\n\n<ul class=\"wp-block-list\">\n<li><a href=\"https:\/\/recherche.upf.pf\/wp-content\/uploads\/2024\/04\/MODELE-10-a-Fiche-preparation-technique-et-de-communication-des-soutenances-de-these.xlsx\" target=\"_blank\" rel=\"noreferrer noopener\">Fiche de pr\u00e9paration technique et communication <\/a><\/li>\n\n\n\n<li><a href=\"https:\/\/recherche.upf.pf\/wp-content\/uploads\/2024\/04\/MODELE-05-Autorisation-pour-filmer-enregistrer-these.docx\" target=\"_blank\" rel=\"noreferrer noopener\">Autorisation de captation<\/a> de la soutenance<\/li>\n\n\n\n<li><a href=\"https:\/\/recherche.upf.pf\/wp-content\/uploads\/2024\/04\/MODELE-01-Page-de-titre-UPF.docx\" target=\"_blank\" rel=\"noreferrer noopener\">Page de garde<\/a> du manuscrit<\/li>\n\n\n\n<li><a href=\"https:\/\/recherche.upf.pf\/wp-content\/uploads\/2024\/04\/MODELE-06-a-Formulaire-Enregistrement-these-soutenue-ABES.docx\" target=\"_blank\" rel=\"noreferrer noopener\">Formulaire ABES<\/a><\/li>\n\n\n\n<li><a href=\"https:\/\/recherche.upf.pf\/wp-content\/uploads\/2024\/04\/MODELE-06-b-Contrat-de-diffusion-des-theses-electroniques.docx\" target=\"_blank\" rel=\"noreferrer noopener\">Formulaire de d\u00e9p\u00f4t de th\u00e8se<\/a><\/li>\n\n\n\n<li><a href=\"https:\/\/recherche.upf.pf\/wp-content\/uploads\/2024\/04\/MODELE-27-Serment-nouveau-docteur-UPF.docx\" target=\"_blank\" rel=\"noreferrer noopener\">Serment Doctoral<\/a><\/li>\n<\/ul>\n\n\n\n<h2 class=\"wp-block-heading\"><\/h2>","protected":false},"excerpt":{"rendered":"<p>D\u00e9sol\u00e9, ce contenu est uniquement disponible en Fran\u00e7ais. Re-inscription Les doctorants et doctorantes doivent renouveler leur inscription chaque ann\u00e9e lors de la rentr\u00e9e universitaire et ce, ind\u00e9pendamment de la date de premi\u00e8re inscription. Nous vous rappelons que la tenue d\u2019un comit\u00e9 de suivi est obligatoire avant l&#8217;inscription en deuxi\u00e8me ann\u00e9e puis avant chaque nouvelle inscription&hellip; <a class=\"more-link\" href=\"https:\/\/recherche.upf.pf\/ty\/doctorant\/\">Continue reading <span class=\"screen-reader-text\">Doctorant<\/span><\/a><\/p>\n","protected":false},"author":103,"featured_media":4043,"parent":0,"menu_order":0,"comment_status":"closed","ping_status":"closed","template":"pages\/page-ecole-doctorale.php","meta":{"_acf_changed":false,"_relevanssi_hide_post":"","_relevanssi_hide_content":"","_relevanssi_pin_for_all":"","_relevanssi_pin_keywords":"","_relevanssi_unpin_keywords":"","_relevanssi_related_keywords":"","_relevanssi_related_include_ids":"","_relevanssi_related_exclude_ids":"","_relevanssi_related_no_append":"","_relevanssi_related_not_related":"","_relevanssi_related_posts":"1","_relevanssi_noindex_reason":"","footnotes":""},"coauthors":[233],"class_list":["post-1664","page","type-page","status-publish","has-post-thumbnail","hentry","entry"],"acf":[],"yoast_head":"<!-- This site is optimized with the Yoast SEO plugin v27.3 - https:\/\/yoast.com\/product\/yoast-seo-wordpress\/ -->\n<title>Doctorant &#8226; Recherche UPF<\/title>\n<meta name=\"robots\" content=\"index, follow, max-snippet:-1, max-image-preview:large, max-video-preview:-1\" \/>\n<link rel=\"canonical\" href=\"https:\/\/recherche.upf.pf\/ty\/doctorant\/\" \/>\n<meta property=\"og:locale\" content=\"en_US\" \/>\n<meta property=\"og:type\" content=\"article\" \/>\n<meta property=\"og:title\" content=\"Doctorant &#8226; Recherche UPF\" \/>\n<meta property=\"og:description\" content=\"D\u00e9sol\u00e9, ce contenu est uniquement disponible en Fran\u00e7ais. Re-inscription Les doctorants et doctorantes doivent renouveler leur inscription chaque ann\u00e9e lors de la rentr\u00e9e universitaire et ce, ind\u00e9pendamment de la date de premi\u00e8re inscription. Nous vous rappelons que la tenue d\u2019un comit\u00e9 de suivi est obligatoire avant l&#8217;inscription en deuxi\u00e8me ann\u00e9e puis avant chaque nouvelle inscription&hellip; Continue reading Doctorant\" \/>\n<meta property=\"og:url\" content=\"https:\/\/recherche.upf.pf\/doctorant\/\" \/>\n<meta property=\"og:site_name\" content=\"Recherche UPF\" \/>\n<meta property=\"article:publisher\" content=\"https:\/\/www.facebook.com\/univpf\" \/>\n<meta property=\"article:modified_time\" content=\"2026-02-11T18:38:18+00:00\" \/>\n<meta property=\"og:image\" content=\"https:\/\/recherche.upf.pf\/wp-content\/uploads\/2022\/08\/RVN7220-1.jpg\" \/>\n\t<meta property=\"og:image:width\" content=\"3000\" \/>\n\t<meta property=\"og:image:height\" content=\"900\" \/>\n\t<meta property=\"og:image:type\" content=\"image\/jpeg\" \/>\n<meta name=\"twitter:card\" content=\"summary_large_image\" \/>\n<meta name=\"twitter:site\" content=\"@univpf\" \/>\n<meta name=\"twitter:label1\" content=\"Est. reading time\" \/>\n\t<meta name=\"twitter:data1\" content=\"1 minute\" \/>\n\t<meta name=\"twitter:label2\" content=\"Written by\" \/>\n\t<meta name=\"twitter:data2\" content=\"Christophe Uraeva\" \/>\n<script type=\"application\/ld+json\" class=\"yoast-schema-graph\">{\"@context\":\"https:\\\/\\\/schema.org\",\"@graph\":[{\"@type\":\"WebPage\",\"@id\":\"https:\\\/\\\/recherche.upf.pf\\\/doctorant\\\/\",\"url\":\"https:\\\/\\\/recherche.upf.pf\\\/doctorant\\\/\",\"name\":\"Doctorant &#8226; Recherche UPF\",\"isPartOf\":{\"@id\":\"https:\\\/\\\/recherche.upf.pf\\\/fr\\\/#website\"},\"primaryImageOfPage\":{\"@id\":\"https:\\\/\\\/recherche.upf.pf\\\/doctorant\\\/#primaryimage\"},\"image\":{\"@id\":\"https:\\\/\\\/recherche.upf.pf\\\/doctorant\\\/#primaryimage\"},\"thumbnailUrl\":\"https:\\\/\\\/recherche.upf.pf\\\/wp-content\\\/uploads\\\/2022\\\/08\\\/RVN7220-1.jpg\",\"datePublished\":\"2021-09-15T20:48:45+00:00\",\"dateModified\":\"2026-02-11T18:38:18+00:00\",\"breadcrumb\":{\"@id\":\"https:\\\/\\\/recherche.upf.pf\\\/doctorant\\\/#breadcrumb\"},\"inLanguage\":\"ty\",\"potentialAction\":[{\"@type\":\"ReadAction\",\"target\":[\"https:\\\/\\\/recherche.upf.pf\\\/doctorant\\\/\"]}]},{\"@type\":\"ImageObject\",\"inLanguage\":\"ty\",\"@id\":\"https:\\\/\\\/recherche.upf.pf\\\/doctorant\\\/#primaryimage\",\"url\":\"https:\\\/\\\/recherche.upf.pf\\\/wp-content\\\/uploads\\\/2022\\\/08\\\/RVN7220-1.jpg\",\"contentUrl\":\"https:\\\/\\\/recherche.upf.pf\\\/wp-content\\\/uploads\\\/2022\\\/08\\\/RVN7220-1.jpg\",\"width\":3000,\"height\":900},{\"@type\":\"BreadcrumbList\",\"@id\":\"https:\\\/\\\/recherche.upf.pf\\\/doctorant\\\/#breadcrumb\",\"itemListElement\":[{\"@type\":\"ListItem\",\"position\":1,\"name\":\"Accueil\",\"item\":\"https:\\\/\\\/recherche.upf.pf\\\/\"},{\"@type\":\"ListItem\",\"position\":2,\"name\":\"Doctorant\"}]},{\"@type\":\"WebSite\",\"@id\":\"https:\\\/\\\/recherche.upf.pf\\\/fr\\\/#website\",\"url\":\"https:\\\/\\\/recherche.upf.pf\\\/fr\\\/\",\"name\":\"Recherche - Universit\u00e9 de la Polyn\u00e9sie Fran\u00e7aise\",\"description\":\"Universit\u00e9 de la Polyn\u00e9sie Fran\u00e7aise\",\"publisher\":{\"@id\":\"https:\\\/\\\/recherche.upf.pf\\\/fr\\\/#organization\"},\"alternateName\":\"Recherche UPF\",\"potentialAction\":[{\"@type\":\"SearchAction\",\"target\":{\"@type\":\"EntryPoint\",\"urlTemplate\":\"https:\\\/\\\/recherche.upf.pf\\\/fr\\\/?s={search_term_string}\"},\"query-input\":{\"@type\":\"PropertyValueSpecification\",\"valueRequired\":true,\"valueName\":\"search_term_string\"}}],\"inLanguage\":\"ty\"},{\"@type\":\"Organization\",\"@id\":\"https:\\\/\\\/recherche.upf.pf\\\/fr\\\/#organization\",\"name\":\"Universit\u00e9 de la Polyn\u00e9sie Fran\u00e7aise\",\"url\":\"https:\\\/\\\/recherche.upf.pf\\\/fr\\\/\",\"logo\":{\"@type\":\"ImageObject\",\"inLanguage\":\"ty\",\"@id\":\"https:\\\/\\\/recherche.upf.pf\\\/fr\\\/#\\\/schema\\\/logo\\\/image\\\/\",\"url\":\"https:\\\/\\\/recherche.upf.pf\\\/wp-content\\\/uploads\\\/2021\\\/02\\\/Logo-UPF.png\",\"contentUrl\":\"https:\\\/\\\/recherche.upf.pf\\\/wp-content\\\/uploads\\\/2021\\\/02\\\/Logo-UPF.png\",\"width\":2132,\"height\":968,\"caption\":\"Universit\u00e9 de la Polyn\u00e9sie Fran\u00e7aise\"},\"image\":{\"@id\":\"https:\\\/\\\/recherche.upf.pf\\\/fr\\\/#\\\/schema\\\/logo\\\/image\\\/\"},\"sameAs\":[\"https:\\\/\\\/www.facebook.com\\\/univpf\",\"https:\\\/\\\/x.com\\\/univpf\",\"https:\\\/\\\/www.instagram.com\\\/univpf\\\/\",\"https:\\\/\\\/www.linkedin.com\\\/school\\\/universit\u00e9-de-la-polyn\u00e9sie-fran\u00e7aise\\\/\",\"https:\\\/\\\/www.youtube.com\\\/channel\\\/UC535-cUv9j7pnLabFCFc17g\",\"https:\\\/\\\/fr.wikipedia.org\\\/wiki\\\/Universit\u00e9_de_la_Polyn\u00e9sie_fran\u00e7aise\"]}]}<\/script>\n<!-- \/ Yoast SEO plugin. -->","yoast_head_json":{"title":"Doctorant &#8226; Recherche UPF","robots":{"index":"index","follow":"follow","max-snippet":"max-snippet:-1","max-image-preview":"max-image-preview:large","max-video-preview":"max-video-preview:-1"},"canonical":"https:\/\/recherche.upf.pf\/ty\/doctorant\/","og_locale":"en_US","og_type":"article","og_title":"Doctorant &#8226; Recherche UPF","og_description":"D\u00e9sol\u00e9, ce contenu est uniquement disponible en Fran\u00e7ais. Re-inscription Les doctorants et doctorantes doivent renouveler leur inscription chaque ann\u00e9e lors de la rentr\u00e9e universitaire et ce, ind\u00e9pendamment de la date de premi\u00e8re inscription. Nous vous rappelons que la tenue d\u2019un comit\u00e9 de suivi est obligatoire avant l&#8217;inscription en deuxi\u00e8me ann\u00e9e puis avant chaque nouvelle inscription&hellip; Continue reading Doctorant","og_url":"https:\/\/recherche.upf.pf\/doctorant\/","og_site_name":"Recherche UPF","article_publisher":"https:\/\/www.facebook.com\/univpf","article_modified_time":"2026-02-11T18:38:18+00:00","og_image":[{"width":3000,"height":900,"url":"https:\/\/recherche.upf.pf\/wp-content\/uploads\/2022\/08\/RVN7220-1.jpg","type":"image\/jpeg"}],"twitter_card":"summary_large_image","twitter_site":"@univpf","twitter_misc":{"Est. reading time":"1 minute","Written by":"Christophe Uraeva"},"schema":{"@context":"https:\/\/schema.org","@graph":[{"@type":"WebPage","@id":"https:\/\/recherche.upf.pf\/doctorant\/","url":"https:\/\/recherche.upf.pf\/doctorant\/","name":"Doctorant &#8226; Recherche UPF","isPartOf":{"@id":"https:\/\/recherche.upf.pf\/fr\/#website"},"primaryImageOfPage":{"@id":"https:\/\/recherche.upf.pf\/doctorant\/#primaryimage"},"image":{"@id":"https:\/\/recherche.upf.pf\/doctorant\/#primaryimage"},"thumbnailUrl":"https:\/\/recherche.upf.pf\/wp-content\/uploads\/2022\/08\/RVN7220-1.jpg","datePublished":"2021-09-15T20:48:45+00:00","dateModified":"2026-02-11T18:38:18+00:00","breadcrumb":{"@id":"https:\/\/recherche.upf.pf\/doctorant\/#breadcrumb"},"inLanguage":"ty","potentialAction":[{"@type":"ReadAction","target":["https:\/\/recherche.upf.pf\/doctorant\/"]}]},{"@type":"ImageObject","inLanguage":"ty","@id":"https:\/\/recherche.upf.pf\/doctorant\/#primaryimage","url":"https:\/\/recherche.upf.pf\/wp-content\/uploads\/2022\/08\/RVN7220-1.jpg","contentUrl":"https:\/\/recherche.upf.pf\/wp-content\/uploads\/2022\/08\/RVN7220-1.jpg","width":3000,"height":900},{"@type":"BreadcrumbList","@id":"https:\/\/recherche.upf.pf\/doctorant\/#breadcrumb","itemListElement":[{"@type":"ListItem","position":1,"name":"Accueil","item":"https:\/\/recherche.upf.pf\/"},{"@type":"ListItem","position":2,"name":"Doctorant"}]},{"@type":"WebSite","@id":"https:\/\/recherche.upf.pf\/fr\/#website","url":"https:\/\/recherche.upf.pf\/fr\/","name":"Recherche - Universit\u00e9 de la Polyn\u00e9sie Fran\u00e7aise","description":"Universit\u00e9 de la Polyn\u00e9sie Fran\u00e7aise","publisher":{"@id":"https:\/\/recherche.upf.pf\/fr\/#organization"},"alternateName":"Recherche UPF","potentialAction":[{"@type":"SearchAction","target":{"@type":"EntryPoint","urlTemplate":"https:\/\/recherche.upf.pf\/fr\/?s={search_term_string}"},"query-input":{"@type":"PropertyValueSpecification","valueRequired":true,"valueName":"search_term_string"}}],"inLanguage":"ty"},{"@type":"Organization","@id":"https:\/\/recherche.upf.pf\/fr\/#organization","name":"Universit\u00e9 de la Polyn\u00e9sie Fran\u00e7aise","url":"https:\/\/recherche.upf.pf\/fr\/","logo":{"@type":"ImageObject","inLanguage":"ty","@id":"https:\/\/recherche.upf.pf\/fr\/#\/schema\/logo\/image\/","url":"https:\/\/recherche.upf.pf\/wp-content\/uploads\/2021\/02\/Logo-UPF.png","contentUrl":"https:\/\/recherche.upf.pf\/wp-content\/uploads\/2021\/02\/Logo-UPF.png","width":2132,"height":968,"caption":"Universit\u00e9 de la Polyn\u00e9sie Fran\u00e7aise"},"image":{"@id":"https:\/\/recherche.upf.pf\/fr\/#\/schema\/logo\/image\/"},"sameAs":["https:\/\/www.facebook.com\/univpf","https:\/\/x.com\/univpf","https:\/\/www.instagram.com\/univpf\/","https:\/\/www.linkedin.com\/school\/universit\u00e9-de-la-polyn\u00e9sie-fran\u00e7aise\/","https:\/\/www.youtube.com\/channel\/UC535-cUv9j7pnLabFCFc17g","https:\/\/fr.wikipedia.org\/wiki\/Universit\u00e9_de_la_Polyn\u00e9sie_fran\u00e7aise"]}]}},"jetpack_shortlink":"https:\/\/wp.me\/Pd7hzg-qQ","jetpack_sharing_enabled":true,"_links":{"self":[{"href":"https:\/\/recherche.upf.pf\/ty\/wp-json\/wp\/v2\/pages\/1664","targetHints":{"allow":["GET"]}}],"collection":[{"href":"https:\/\/recherche.upf.pf\/ty\/wp-json\/wp\/v2\/pages"}],"about":[{"href":"https:\/\/recherche.upf.pf\/ty\/wp-json\/wp\/v2\/types\/page"}],"author":[{"embeddable":true,"href":"https:\/\/recherche.upf.pf\/ty\/wp-json\/wp\/v2\/users\/103"}],"replies":[{"embeddable":true,"href":"https:\/\/recherche.upf.pf\/ty\/wp-json\/wp\/v2\/comments?post=1664"}],"version-history":[{"count":9,"href":"https:\/\/recherche.upf.pf\/ty\/wp-json\/wp\/v2\/pages\/1664\/revisions"}],"predecessor-version":[{"id":11412,"href":"https:\/\/recherche.upf.pf\/ty\/wp-json\/wp\/v2\/pages\/1664\/revisions\/11412"}],"wp:featuredmedia":[{"embeddable":true,"href":"https:\/\/recherche.upf.pf\/ty\/wp-json\/wp\/v2\/media\/4043"}],"wp:attachment":[{"href":"https:\/\/recherche.upf.pf\/ty\/wp-json\/wp\/v2\/media?parent=1664"}],"wp:term":[{"taxonomy":"author","embeddable":true,"href":"https:\/\/recherche.upf.pf\/ty\/wp-json\/wp\/v2\/coauthors?post=1664"}],"curies":[{"name":"wp","href":"https:\/\/api.w.org\/{rel}","templated":true}]}}