{"id":10,"date":"2021-02-11T07:41:03","date_gmt":"2021-02-11T17:41:03","guid":{"rendered":"https:\/\/recherche.upf.pf\/?page_id=10"},"modified":"2025-11-28T12:01:27","modified_gmt":"2025-11-28T22:01:27","slug":"universite-de-la-polynesie-francaise","status":"publish","type":"page","link":"https:\/\/recherche.upf.pf\/ty\/","title":{"rendered":"La Recherche"},"content":{"rendered":"<p class=\"qtranxs-available-languages-message qtranxs-available-languages-message-ty\">D\u00e9sol\u00e9, ce contenu est uniquement disponible en <a href=\"https:\/\/recherche.upf.pf\/fr\/wp-json\/wp\/v2\/pages\/10\" class=\"qtranxs-available-language-link qtranxs-available-language-link-fr\" title=\"Fran\u00e7ais\">Fran\u00e7ais<\/a> et <a href=\"https:\/\/recherche.upf.pf\/en\/wp-json\/wp\/v2\/pages\/10\" class=\"qtranxs-available-language-link qtranxs-available-language-link-en\" title=\"English\">English<\/a>.<\/p><p>L&#8217;Universit\u00e9 de la Polyn\u00e9sie fran\u00e7aise dispose aujourd&#8217;hui du&nbsp;potentiel de recherche interdisciplinaire le plus important de Polyn\u00e9sie fran\u00e7aise, rassemblant plus d&#8217;une centaine de personnels permanents. La qualit\u00e9 des travaux de recherche conduits par ces \u00e9quipes, est reconnue non seulement \u00e0 l&#8217;\u00e9chelle nationale, mais&nbsp;surtout au niveau r\u00e9gional et \u00e0 l&#8217;international. D\u00e9couvrir la <a href=\"https:\/\/recherche.upf.pf\/politique-de-recherche\/\">politique de recherche ambitieuse<\/a> de l&#8217;UPF.<\/p>","protected":false},"excerpt":{"rendered":"<p>D\u00e9sol\u00e9, ce contenu est uniquement disponible en Fran\u00e7ais et English. L&#8217;Universit\u00e9 de la Polyn\u00e9sie fran\u00e7aise dispose aujourd&#8217;hui du&nbsp;potentiel de recherche interdisciplinaire le plus important de Polyn\u00e9sie fran\u00e7aise, rassemblant plus d&#8217;une centaine de personnels permanents. La qualit\u00e9 des travaux de recherche conduits par ces \u00e9quipes, est reconnue non seulement \u00e0 l&#8217;\u00e9chelle nationale, mais&nbsp;surtout au niveau r\u00e9gional&hellip; <a class=\"more-link\" href=\"https:\/\/recherche.upf.pf\/ty\/\">Continue reading <span class=\"screen-reader-text\">La Recherche<\/span><\/a><\/p>\n","protected":false},"author":1,"featured_media":4036,"parent":0,"menu_order":0,"comment_status":"closed","ping_status":"closed","template":"pages\/page-accueil.php","meta":{"_acf_changed":false,"_relevanssi_hide_post":"","_relevanssi_hide_content":"","_relevanssi_pin_for_all":"","_relevanssi_pin_keywords":"","_relevanssi_unpin_keywords":"","_relevanssi_related_keywords":"","_relevanssi_related_include_ids":"","_relevanssi_related_exclude_ids":"","_relevanssi_related_no_append":"","_relevanssi_related_not_related":"","_relevanssi_related_posts":"1","_relevanssi_noindex_reason":"","footnotes":""},"coauthors":[349],"class_list":["post-10","page","type-page","status-publish","has-post-thumbnail","hentry","entry"],"acf":[],"yoast_head":"<!-- This site is optimized with the Yoast SEO plugin v27.3 - https:\/\/yoast.com\/product\/yoast-seo-wordpress\/ -->\n<title>La Recherche &#8226; Recherche UPF<\/title>\n<meta name=\"robots\" content=\"index, follow, max-snippet:-1, max-image-preview:large, max-video-preview:-1\" \/>\n<link rel=\"canonical\" href=\"https:\/\/recherche.upf.pf\/ty\/\" \/>\n<meta property=\"og:locale\" content=\"en_US\" \/>\n<meta property=\"og:type\" content=\"article\" \/>\n<meta property=\"og:title\" content=\"La Recherche &#8226; Recherche UPF\" \/>\n<meta property=\"og:description\" content=\"D\u00e9sol\u00e9, ce contenu est uniquement disponible en Fran\u00e7ais et English. L&#8217;Universit\u00e9 de la Polyn\u00e9sie fran\u00e7aise dispose aujourd&#8217;hui du&nbsp;potentiel de recherche interdisciplinaire le plus important de Polyn\u00e9sie fran\u00e7aise, rassemblant plus d&#8217;une centaine de personnels permanents. La qualit\u00e9 des travaux de recherche conduits par ces \u00e9quipes, est reconnue non seulement \u00e0 l&#8217;\u00e9chelle nationale, mais&nbsp;surtout au niveau r\u00e9gional&hellip; Continue reading La Recherche\" \/>\n<meta property=\"og:url\" content=\"https:\/\/recherche.upf.pf\/\" \/>\n<meta property=\"og:site_name\" content=\"Recherche UPF\" \/>\n<meta property=\"article:publisher\" content=\"https:\/\/www.facebook.com\/univpf\" \/>\n<meta property=\"article:modified_time\" content=\"2025-11-28T22:01:27+00:00\" \/>\n<meta property=\"og:image\" content=\"https:\/\/recherche.upf.pf\/wp-content\/uploads\/2022\/08\/Universite_de_la_Polynesie_francaise_VD-2-e1764367225368.jpg\" \/>\n\t<meta property=\"og:image:width\" content=\"1600\" \/>\n\t<meta property=\"og:image:height\" content=\"885\" \/>\n\t<meta property=\"og:image:type\" content=\"image\/jpeg\" \/>\n<meta name=\"twitter:card\" content=\"summary_large_image\" \/>\n<meta name=\"twitter:site\" content=\"@univpf\" \/>\n<meta name=\"twitter:label1\" content=\"Est. reading time\" \/>\n\t<meta name=\"twitter:data1\" content=\"1 minute\" \/>\n\t<meta name=\"twitter:label2\" content=\"Written by\" \/>\n\t<meta name=\"twitter:data2\" content=\"Marcio Marim\" \/>\n<script type=\"application\/ld+json\" class=\"yoast-schema-graph\">{\"@context\":\"https:\\\/\\\/schema.org\",\"@graph\":[{\"@type\":\"WebPage\",\"@id\":\"https:\\\/\\\/recherche.upf.pf\\\/\",\"url\":\"https:\\\/\\\/recherche.upf.pf\\\/\",\"name\":\"La Recherche &#8226; Recherche UPF\",\"isPartOf\":{\"@id\":\"https:\\\/\\\/recherche.upf.pf\\\/fr\\\/#website\"},\"primaryImageOfPage\":{\"@id\":\"https:\\\/\\\/recherche.upf.pf\\\/#primaryimage\"},\"image\":{\"@id\":\"https:\\\/\\\/recherche.upf.pf\\\/#primaryimage\"},\"thumbnailUrl\":\"https:\\\/\\\/recherche.upf.pf\\\/wp-content\\\/uploads\\\/2022\\\/08\\\/Universite_de_la_Polynesie_francaise_VD-2-e1764367225368.jpg\",\"datePublished\":\"2021-02-11T17:41:03+00:00\",\"dateModified\":\"2025-11-28T22:01:27+00:00\",\"breadcrumb\":{\"@id\":\"https:\\\/\\\/recherche.upf.pf\\\/#breadcrumb\"},\"inLanguage\":\"ty\",\"potentialAction\":[{\"@type\":\"ReadAction\",\"target\":[\"https:\\\/\\\/recherche.upf.pf\\\/\"]}]},{\"@type\":\"ImageObject\",\"inLanguage\":\"ty\",\"@id\":\"https:\\\/\\\/recherche.upf.pf\\\/#primaryimage\",\"url\":\"https:\\\/\\\/recherche.upf.pf\\\/wp-content\\\/uploads\\\/2022\\\/08\\\/Universite_de_la_Polynesie_francaise_VD-2-e1764367225368.jpg\",\"contentUrl\":\"https:\\\/\\\/recherche.upf.pf\\\/wp-content\\\/uploads\\\/2022\\\/08\\\/Universite_de_la_Polynesie_francaise_VD-2-e1764367225368.jpg\",\"width\":1600,\"height\":885,\"caption\":\"image de l'universit\u00e9\"},{\"@type\":\"BreadcrumbList\",\"@id\":\"https:\\\/\\\/recherche.upf.pf\\\/#breadcrumb\",\"itemListElement\":[{\"@type\":\"ListItem\",\"position\":1,\"name\":\"Accueil\",\"item\":\"https:\\\/\\\/recherche.upf.pf\\\/\"},{\"@type\":\"ListItem\",\"position\":2,\"name\":\"La Recherche\"}]},{\"@type\":\"WebSite\",\"@id\":\"https:\\\/\\\/recherche.upf.pf\\\/fr\\\/#website\",\"url\":\"https:\\\/\\\/recherche.upf.pf\\\/fr\\\/\",\"name\":\"Recherche - Universit\u00e9 de la Polyn\u00e9sie Fran\u00e7aise\",\"description\":\"Universit\u00e9 de la Polyn\u00e9sie Fran\u00e7aise\",\"publisher\":{\"@id\":\"https:\\\/\\\/recherche.upf.pf\\\/fr\\\/#organization\"},\"alternateName\":\"Recherche UPF\",\"potentialAction\":[{\"@type\":\"SearchAction\",\"target\":{\"@type\":\"EntryPoint\",\"urlTemplate\":\"https:\\\/\\\/recherche.upf.pf\\\/fr\\\/?s={search_term_string}\"},\"query-input\":{\"@type\":\"PropertyValueSpecification\",\"valueRequired\":true,\"valueName\":\"search_term_string\"}}],\"inLanguage\":\"ty\"},{\"@type\":\"Organization\",\"@id\":\"https:\\\/\\\/recherche.upf.pf\\\/fr\\\/#organization\",\"name\":\"Universit\u00e9 de la Polyn\u00e9sie Fran\u00e7aise\",\"url\":\"https:\\\/\\\/recherche.upf.pf\\\/fr\\\/\",\"logo\":{\"@type\":\"ImageObject\",\"inLanguage\":\"ty\",\"@id\":\"https:\\\/\\\/recherche.upf.pf\\\/fr\\\/#\\\/schema\\\/logo\\\/image\\\/\",\"url\":\"https:\\\/\\\/recherche.upf.pf\\\/wp-content\\\/uploads\\\/2021\\\/02\\\/Logo-UPF.png\",\"contentUrl\":\"https:\\\/\\\/recherche.upf.pf\\\/wp-content\\\/uploads\\\/2021\\\/02\\\/Logo-UPF.png\",\"width\":2132,\"height\":968,\"caption\":\"Universit\u00e9 de la Polyn\u00e9sie Fran\u00e7aise\"},\"image\":{\"@id\":\"https:\\\/\\\/recherche.upf.pf\\\/fr\\\/#\\\/schema\\\/logo\\\/image\\\/\"},\"sameAs\":[\"https:\\\/\\\/www.facebook.com\\\/univpf\",\"https:\\\/\\\/x.com\\\/univpf\",\"https:\\\/\\\/www.instagram.com\\\/univpf\\\/\",\"https:\\\/\\\/www.linkedin.com\\\/school\\\/universit\u00e9-de-la-polyn\u00e9sie-fran\u00e7aise\\\/\",\"https:\\\/\\\/www.youtube.com\\\/channel\\\/UC535-cUv9j7pnLabFCFc17g\",\"https:\\\/\\\/fr.wikipedia.org\\\/wiki\\\/Universit\u00e9_de_la_Polyn\u00e9sie_fran\u00e7aise\"]}]}<\/script>\n<!-- \/ Yoast SEO plugin. -->","yoast_head_json":{"title":"La Recherche &#8226; Recherche UPF","robots":{"index":"index","follow":"follow","max-snippet":"max-snippet:-1","max-image-preview":"max-image-preview:large","max-video-preview":"max-video-preview:-1"},"canonical":"https:\/\/recherche.upf.pf\/ty\/","og_locale":"en_US","og_type":"article","og_title":"La Recherche &#8226; Recherche UPF","og_description":"D\u00e9sol\u00e9, ce contenu est uniquement disponible en Fran\u00e7ais et English. L&#8217;Universit\u00e9 de la Polyn\u00e9sie fran\u00e7aise dispose aujourd&#8217;hui du&nbsp;potentiel de recherche interdisciplinaire le plus important de Polyn\u00e9sie fran\u00e7aise, rassemblant plus d&#8217;une centaine de personnels permanents. La qualit\u00e9 des travaux de recherche conduits par ces \u00e9quipes, est reconnue non seulement \u00e0 l&#8217;\u00e9chelle nationale, mais&nbsp;surtout au niveau r\u00e9gional&hellip; Continue reading La Recherche","og_url":"https:\/\/recherche.upf.pf\/","og_site_name":"Recherche UPF","article_publisher":"https:\/\/www.facebook.com\/univpf","article_modified_time":"2025-11-28T22:01:27+00:00","og_image":[{"width":1600,"height":885,"url":"https:\/\/recherche.upf.pf\/wp-content\/uploads\/2022\/08\/Universite_de_la_Polynesie_francaise_VD-2-e1764367225368.jpg","type":"image\/jpeg"}],"twitter_card":"summary_large_image","twitter_site":"@univpf","twitter_misc":{"Est. reading time":"1 minute","Written by":"Marcio Marim"},"schema":{"@context":"https:\/\/schema.org","@graph":[{"@type":"WebPage","@id":"https:\/\/recherche.upf.pf\/","url":"https:\/\/recherche.upf.pf\/","name":"La Recherche &#8226; Recherche UPF","isPartOf":{"@id":"https:\/\/recherche.upf.pf\/fr\/#website"},"primaryImageOfPage":{"@id":"https:\/\/recherche.upf.pf\/#primaryimage"},"image":{"@id":"https:\/\/recherche.upf.pf\/#primaryimage"},"thumbnailUrl":"https:\/\/recherche.upf.pf\/wp-content\/uploads\/2022\/08\/Universite_de_la_Polynesie_francaise_VD-2-e1764367225368.jpg","datePublished":"2021-02-11T17:41:03+00:00","dateModified":"2025-11-28T22:01:27+00:00","breadcrumb":{"@id":"https:\/\/recherche.upf.pf\/#breadcrumb"},"inLanguage":"ty","potentialAction":[{"@type":"ReadAction","target":["https:\/\/recherche.upf.pf\/"]}]},{"@type":"ImageObject","inLanguage":"ty","@id":"https:\/\/recherche.upf.pf\/#primaryimage","url":"https:\/\/recherche.upf.pf\/wp-content\/uploads\/2022\/08\/Universite_de_la_Polynesie_francaise_VD-2-e1764367225368.jpg","contentUrl":"https:\/\/recherche.upf.pf\/wp-content\/uploads\/2022\/08\/Universite_de_la_Polynesie_francaise_VD-2-e1764367225368.jpg","width":1600,"height":885,"caption":"image de l'universit\u00e9"},{"@type":"BreadcrumbList","@id":"https:\/\/recherche.upf.pf\/#breadcrumb","itemListElement":[{"@type":"ListItem","position":1,"name":"Accueil","item":"https:\/\/recherche.upf.pf\/"},{"@type":"ListItem","position":2,"name":"La Recherche"}]},{"@type":"WebSite","@id":"https:\/\/recherche.upf.pf\/fr\/#website","url":"https:\/\/recherche.upf.pf\/fr\/","name":"Recherche - Universit\u00e9 de la Polyn\u00e9sie Fran\u00e7aise","description":"Universit\u00e9 de la Polyn\u00e9sie Fran\u00e7aise","publisher":{"@id":"https:\/\/recherche.upf.pf\/fr\/#organization"},"alternateName":"Recherche UPF","potentialAction":[{"@type":"SearchAction","target":{"@type":"EntryPoint","urlTemplate":"https:\/\/recherche.upf.pf\/fr\/?s={search_term_string}"},"query-input":{"@type":"PropertyValueSpecification","valueRequired":true,"valueName":"search_term_string"}}],"inLanguage":"ty"},{"@type":"Organization","@id":"https:\/\/recherche.upf.pf\/fr\/#organization","name":"Universit\u00e9 de la Polyn\u00e9sie Fran\u00e7aise","url":"https:\/\/recherche.upf.pf\/fr\/","logo":{"@type":"ImageObject","inLanguage":"ty","@id":"https:\/\/recherche.upf.pf\/fr\/#\/schema\/logo\/image\/","url":"https:\/\/recherche.upf.pf\/wp-content\/uploads\/2021\/02\/Logo-UPF.png","contentUrl":"https:\/\/recherche.upf.pf\/wp-content\/uploads\/2021\/02\/Logo-UPF.png","width":2132,"height":968,"caption":"Universit\u00e9 de la Polyn\u00e9sie Fran\u00e7aise"},"image":{"@id":"https:\/\/recherche.upf.pf\/fr\/#\/schema\/logo\/image\/"},"sameAs":["https:\/\/www.facebook.com\/univpf","https:\/\/x.com\/univpf","https:\/\/www.instagram.com\/univpf\/","https:\/\/www.linkedin.com\/school\/universit\u00e9-de-la-polyn\u00e9sie-fran\u00e7aise\/","https:\/\/www.youtube.com\/channel\/UC535-cUv9j7pnLabFCFc17g","https:\/\/fr.wikipedia.org\/wiki\/Universit\u00e9_de_la_Polyn\u00e9sie_fran\u00e7aise"]}]}},"jetpack_shortlink":"https:\/\/wp.me\/Pd7hzg-a","jetpack_sharing_enabled":true,"_links":{"self":[{"href":"https:\/\/recherche.upf.pf\/ty\/wp-json\/wp\/v2\/pages\/10","targetHints":{"allow":["GET"]}}],"collection":[{"href":"https:\/\/recherche.upf.pf\/ty\/wp-json\/wp\/v2\/pages"}],"about":[{"href":"https:\/\/recherche.upf.pf\/ty\/wp-json\/wp\/v2\/types\/page"}],"author":[{"embeddable":true,"href":"https:\/\/recherche.upf.pf\/ty\/wp-json\/wp\/v2\/users\/1"}],"replies":[{"embeddable":true,"href":"https:\/\/recherche.upf.pf\/ty\/wp-json\/wp\/v2\/comments?post=10"}],"version-history":[{"count":8,"href":"https:\/\/recherche.upf.pf\/ty\/wp-json\/wp\/v2\/pages\/10\/revisions"}],"predecessor-version":[{"id":10725,"href":"https:\/\/recherche.upf.pf\/ty\/wp-json\/wp\/v2\/pages\/10\/revisions\/10725"}],"wp:featuredmedia":[{"embeddable":true,"href":"https:\/\/recherche.upf.pf\/ty\/wp-json\/wp\/v2\/media\/4036"}],"wp:attachment":[{"href":"https:\/\/recherche.upf.pf\/ty\/wp-json\/wp\/v2\/media?parent=10"}],"wp:term":[{"taxonomy":"author","embeddable":true,"href":"https:\/\/recherche.upf.pf\/ty\/wp-json\/wp\/v2\/coauthors?post=10"}],"curies":[{"name":"wp","href":"https:\/\/api.w.org\/{rel}","templated":true}]}}