{"id":1677,"date":"2021-09-16T09:40:15","date_gmt":"2021-09-16T19:40:15","guid":{"rendered":"https:\/\/recherche.upf.pf\/?page_id=1677"},"modified":"2022-08-11T09:56:54","modified_gmt":"2022-08-11T19:56:54","slug":"contact-ecole-doctorale-pacifique","status":"publish","type":"page","link":"https:\/\/recherche.upf.pf\/fr\/contact-ecole-doctorale-pacifique\/","title":{"rendered":"Contact de \u00c9cole doctorale du Pacifique (EDP)"},"content":{"rendered":"<h4 class=\"wp-block-heading\">R\u00e9ception du public<\/h4>\n\n\n\n<p>Du lundi au vendredi de 8h00 \u00e0 12h00 \u00e0 la Pr\u00e9sidence de l&#8217;UPF<\/p>\n\n\n\n<h4 class=\"wp-block-heading\">Adresse<\/h4>\n\n\n\n<p>\u00c9cole doctorale du Pacifique<\/p>\n\n\n\n<p>Universit\u00e9 de la Polyn\u00e9sie fran\u00e7aise<\/p>\n\n\n\n<p>BP 6570 &#8211; 98702 Faa\u2019a \u2013 Tahiti<\/p>\n\n\n\n<h4 class=\"wp-block-heading\">Mail<\/h4>\n\n\n\n<p>ecole-doctorale[at]upf.pf<\/p>\n\n\n\n<h4 class=\"wp-block-heading\">T\u00e9l\u00e9phone<\/h4>\n\n\n\n<p>(+689) 40 803 923<\/p>","protected":false},"excerpt":{"rendered":"<p>R\u00e9ception du public Du lundi au vendredi de 8h00 \u00e0 12h00 \u00e0 la Pr\u00e9sidence de l&#8217;UPF Adresse \u00c9cole doctorale du Pacifique Universit\u00e9 de la Polyn\u00e9sie fran\u00e7aise BP 6570 &#8211; 98702 Faa\u2019a \u2013 Tahiti Mail ecole-doctorale[at]upf.pf T\u00e9l\u00e9phone (+689) 40 803 923<\/p>\n","protected":false},"author":1,"featured_media":0,"parent":0,"menu_order":0,"comment_status":"closed","ping_status":"closed","template":"","meta":{"_acf_changed":false,"_relevanssi_hide_post":"","_relevanssi_hide_content":"","_relevanssi_pin_for_all":"","_relevanssi_pin_keywords":"","_relevanssi_unpin_keywords":"","_relevanssi_related_keywords":"","_relevanssi_related_include_ids":"","_relevanssi_related_exclude_ids":"","_relevanssi_related_no_append":"","_relevanssi_related_not_related":"","_relevanssi_related_posts":"1","_relevanssi_noindex_reason":"","footnotes":""},"coauthors":[233],"class_list":["post-1677","page","type-page","status-publish","hentry","entry"],"acf":[],"yoast_head":"<!-- This site is optimized with the Yoast SEO plugin v27.3 - https:\/\/yoast.com\/product\/yoast-seo-wordpress\/ -->\n<title>Contact de \u00c9cole doctorale du Pacifique (EDP) &#8226; Recherche UPF<\/title>\n<meta name=\"description\" content=\"Coordonn\u00e9es de l&#039;\u00c9cole Doctorale du Pacifique.\" \/>\n<meta name=\"robots\" content=\"index, follow, max-snippet:-1, max-image-preview:large, max-video-preview:-1\" \/>\n<link rel=\"canonical\" href=\"https:\/\/recherche.upf.pf\/fr\/contact-ecole-doctorale-pacifique\/\" \/>\n<meta property=\"og:locale\" content=\"fr_FR\" \/>\n<meta property=\"og:type\" content=\"article\" \/>\n<meta property=\"og:title\" content=\"Contact de \u00c9cole doctorale du Pacifique (EDP) &#8226; Recherche UPF\" \/>\n<meta property=\"og:description\" content=\"Coordonn\u00e9es de l&#039;\u00c9cole Doctorale du Pacifique.\" \/>\n<meta property=\"og:url\" content=\"https:\/\/recherche.upf.pf\/fr\/contact-ecole-doctorale-pacifique\/\" \/>\n<meta property=\"og:site_name\" content=\"Recherche UPF\" \/>\n<meta property=\"article:publisher\" content=\"https:\/\/www.facebook.com\/univpf\" \/>\n<meta property=\"article:modified_time\" content=\"2022-08-11T19:56:54+00:00\" \/>\n<meta name=\"twitter:card\" content=\"summary_large_image\" \/>\n<meta name=\"twitter:site\" content=\"@univpf\" \/>\n<meta name=\"twitter:label1\" content=\"Dur\u00e9e de lecture estim\u00e9e\" \/>\n\t<meta name=\"twitter:data1\" content=\"1 minute\" \/>\n\t<meta name=\"twitter:label2\" content=\"Written by\" \/>\n\t<meta name=\"twitter:data2\" content=\"Christophe Uraeva\" \/>\n<script type=\"application\/ld+json\" class=\"yoast-schema-graph\">{\"@context\":\"https:\\\/\\\/schema.org\",\"@graph\":[{\"@type\":\"WebPage\",\"@id\":\"https:\\\/\\\/recherche.upf.pf\\\/fr\\\/contact-ecole-doctorale-pacifique\\\/\",\"url\":\"https:\\\/\\\/recherche.upf.pf\\\/fr\\\/contact-ecole-doctorale-pacifique\\\/\",\"name\":\"Contact de \u00c9cole doctorale du Pacifique (EDP) &#8226; Recherche UPF\",\"isPartOf\":{\"@id\":\"https:\\\/\\\/recherche.upf.pf\\\/fr\\\/#website\"},\"datePublished\":\"2021-09-16T19:40:15+00:00\",\"dateModified\":\"2022-08-11T19:56:54+00:00\",\"description\":\"Coordonn\u00e9es de l'\u00c9cole Doctorale du Pacifique.\",\"breadcrumb\":{\"@id\":\"https:\\\/\\\/recherche.upf.pf\\\/fr\\\/contact-ecole-doctorale-pacifique\\\/#breadcrumb\"},\"inLanguage\":\"fr-FR\",\"potentialAction\":[{\"@type\":\"ReadAction\",\"target\":[\"https:\\\/\\\/recherche.upf.pf\\\/fr\\\/contact-ecole-doctorale-pacifique\\\/\"]}]},{\"@type\":\"BreadcrumbList\",\"@id\":\"https:\\\/\\\/recherche.upf.pf\\\/fr\\\/contact-ecole-doctorale-pacifique\\\/#breadcrumb\",\"itemListElement\":[{\"@type\":\"ListItem\",\"position\":1,\"name\":\"Accueil\",\"item\":\"https:\\\/\\\/recherche.upf.pf\\\/\"},{\"@type\":\"ListItem\",\"position\":2,\"name\":\"Contact de \u00c9cole doctorale du Pacifique (EDP)\"}]},{\"@type\":\"WebSite\",\"@id\":\"https:\\\/\\\/recherche.upf.pf\\\/fr\\\/#website\",\"url\":\"https:\\\/\\\/recherche.upf.pf\\\/fr\\\/\",\"name\":\"Recherche - Universit\u00e9 de la Polyn\u00e9sie Fran\u00e7aise\",\"description\":\"Universit\u00e9 de la Polyn\u00e9sie Fran\u00e7aise\",\"publisher\":{\"@id\":\"https:\\\/\\\/recherche.upf.pf\\\/fr\\\/#organization\"},\"alternateName\":\"Recherche UPF\",\"potentialAction\":[{\"@type\":\"SearchAction\",\"target\":{\"@type\":\"EntryPoint\",\"urlTemplate\":\"https:\\\/\\\/recherche.upf.pf\\\/fr\\\/?s={search_term_string}\"},\"query-input\":{\"@type\":\"PropertyValueSpecification\",\"valueRequired\":true,\"valueName\":\"search_term_string\"}}],\"inLanguage\":\"fr-FR\"},{\"@type\":\"Organization\",\"@id\":\"https:\\\/\\\/recherche.upf.pf\\\/fr\\\/#organization\",\"name\":\"Universit\u00e9 de la Polyn\u00e9sie Fran\u00e7aise\",\"url\":\"https:\\\/\\\/recherche.upf.pf\\\/fr\\\/\",\"logo\":{\"@type\":\"ImageObject\",\"inLanguage\":\"fr-FR\",\"@id\":\"https:\\\/\\\/recherche.upf.pf\\\/fr\\\/#\\\/schema\\\/logo\\\/image\\\/\",\"url\":\"https:\\\/\\\/recherche.upf.pf\\\/wp-content\\\/uploads\\\/2021\\\/02\\\/Logo-UPF.png\",\"contentUrl\":\"https:\\\/\\\/recherche.upf.pf\\\/wp-content\\\/uploads\\\/2021\\\/02\\\/Logo-UPF.png\",\"width\":2132,\"height\":968,\"caption\":\"Universit\u00e9 de la Polyn\u00e9sie Fran\u00e7aise\"},\"image\":{\"@id\":\"https:\\\/\\\/recherche.upf.pf\\\/fr\\\/#\\\/schema\\\/logo\\\/image\\\/\"},\"sameAs\":[\"https:\\\/\\\/www.facebook.com\\\/univpf\",\"https:\\\/\\\/x.com\\\/univpf\",\"https:\\\/\\\/www.instagram.com\\\/univpf\\\/\",\"https:\\\/\\\/www.linkedin.com\\\/school\\\/universit\u00e9-de-la-polyn\u00e9sie-fran\u00e7aise\\\/\",\"https:\\\/\\\/www.youtube.com\\\/channel\\\/UC535-cUv9j7pnLabFCFc17g\",\"https:\\\/\\\/fr.wikipedia.org\\\/wiki\\\/Universit\u00e9_de_la_Polyn\u00e9sie_fran\u00e7aise\"]}]}<\/script>\n<!-- \/ Yoast SEO plugin. -->","yoast_head_json":{"title":"Contact de \u00c9cole doctorale du Pacifique (EDP) &#8226; Recherche UPF","description":"Coordonn\u00e9es de l'\u00c9cole Doctorale du Pacifique.","robots":{"index":"index","follow":"follow","max-snippet":"max-snippet:-1","max-image-preview":"max-image-preview:large","max-video-preview":"max-video-preview:-1"},"canonical":"https:\/\/recherche.upf.pf\/fr\/contact-ecole-doctorale-pacifique\/","og_locale":"fr_FR","og_type":"article","og_title":"Contact de \u00c9cole doctorale du Pacifique (EDP) &#8226; Recherche UPF","og_description":"Coordonn\u00e9es de l'\u00c9cole Doctorale du Pacifique.","og_url":"https:\/\/recherche.upf.pf\/fr\/contact-ecole-doctorale-pacifique\/","og_site_name":"Recherche UPF","article_publisher":"https:\/\/www.facebook.com\/univpf","article_modified_time":"2022-08-11T19:56:54+00:00","twitter_card":"summary_large_image","twitter_site":"@univpf","twitter_misc":{"Dur\u00e9e de lecture estim\u00e9e":"1 minute","Written by":"Christophe Uraeva"},"schema":{"@context":"https:\/\/schema.org","@graph":[{"@type":"WebPage","@id":"https:\/\/recherche.upf.pf\/fr\/contact-ecole-doctorale-pacifique\/","url":"https:\/\/recherche.upf.pf\/fr\/contact-ecole-doctorale-pacifique\/","name":"Contact de \u00c9cole doctorale du Pacifique (EDP) &#8226; Recherche UPF","isPartOf":{"@id":"https:\/\/recherche.upf.pf\/fr\/#website"},"datePublished":"2021-09-16T19:40:15+00:00","dateModified":"2022-08-11T19:56:54+00:00","description":"Coordonn\u00e9es de l'\u00c9cole Doctorale du Pacifique.","breadcrumb":{"@id":"https:\/\/recherche.upf.pf\/fr\/contact-ecole-doctorale-pacifique\/#breadcrumb"},"inLanguage":"fr-FR","potentialAction":[{"@type":"ReadAction","target":["https:\/\/recherche.upf.pf\/fr\/contact-ecole-doctorale-pacifique\/"]}]},{"@type":"BreadcrumbList","@id":"https:\/\/recherche.upf.pf\/fr\/contact-ecole-doctorale-pacifique\/#breadcrumb","itemListElement":[{"@type":"ListItem","position":1,"name":"Accueil","item":"https:\/\/recherche.upf.pf\/"},{"@type":"ListItem","position":2,"name":"Contact de \u00c9cole doctorale du Pacifique (EDP)"}]},{"@type":"WebSite","@id":"https:\/\/recherche.upf.pf\/fr\/#website","url":"https:\/\/recherche.upf.pf\/fr\/","name":"Recherche - Universit\u00e9 de la Polyn\u00e9sie Fran\u00e7aise","description":"Universit\u00e9 de la Polyn\u00e9sie Fran\u00e7aise","publisher":{"@id":"https:\/\/recherche.upf.pf\/fr\/#organization"},"alternateName":"Recherche UPF","potentialAction":[{"@type":"SearchAction","target":{"@type":"EntryPoint","urlTemplate":"https:\/\/recherche.upf.pf\/fr\/?s={search_term_string}"},"query-input":{"@type":"PropertyValueSpecification","valueRequired":true,"valueName":"search_term_string"}}],"inLanguage":"fr-FR"},{"@type":"Organization","@id":"https:\/\/recherche.upf.pf\/fr\/#organization","name":"Universit\u00e9 de la Polyn\u00e9sie Fran\u00e7aise","url":"https:\/\/recherche.upf.pf\/fr\/","logo":{"@type":"ImageObject","inLanguage":"fr-FR","@id":"https:\/\/recherche.upf.pf\/fr\/#\/schema\/logo\/image\/","url":"https:\/\/recherche.upf.pf\/wp-content\/uploads\/2021\/02\/Logo-UPF.png","contentUrl":"https:\/\/recherche.upf.pf\/wp-content\/uploads\/2021\/02\/Logo-UPF.png","width":2132,"height":968,"caption":"Universit\u00e9 de la Polyn\u00e9sie Fran\u00e7aise"},"image":{"@id":"https:\/\/recherche.upf.pf\/fr\/#\/schema\/logo\/image\/"},"sameAs":["https:\/\/www.facebook.com\/univpf","https:\/\/x.com\/univpf","https:\/\/www.instagram.com\/univpf\/","https:\/\/www.linkedin.com\/school\/universit\u00e9-de-la-polyn\u00e9sie-fran\u00e7aise\/","https:\/\/www.youtube.com\/channel\/UC535-cUv9j7pnLabFCFc17g","https:\/\/fr.wikipedia.org\/wiki\/Universit\u00e9_de_la_Polyn\u00e9sie_fran\u00e7aise"]}]}},"jetpack_shortlink":"https:\/\/wp.me\/Pd7hzg-r3","jetpack_sharing_enabled":true,"_links":{"self":[{"href":"https:\/\/recherche.upf.pf\/fr\/wp-json\/wp\/v2\/pages\/1677","targetHints":{"allow":["GET"]}}],"collection":[{"href":"https:\/\/recherche.upf.pf\/fr\/wp-json\/wp\/v2\/pages"}],"about":[{"href":"https:\/\/recherche.upf.pf\/fr\/wp-json\/wp\/v2\/types\/page"}],"author":[{"embeddable":true,"href":"https:\/\/recherche.upf.pf\/fr\/wp-json\/wp\/v2\/users\/1"}],"replies":[{"embeddable":true,"href":"https:\/\/recherche.upf.pf\/fr\/wp-json\/wp\/v2\/comments?post=1677"}],"version-history":[{"count":4,"href":"https:\/\/recherche.upf.pf\/fr\/wp-json\/wp\/v2\/pages\/1677\/revisions"}],"predecessor-version":[{"id":3320,"href":"https:\/\/recherche.upf.pf\/fr\/wp-json\/wp\/v2\/pages\/1677\/revisions\/3320"}],"wp:attachment":[{"href":"https:\/\/recherche.upf.pf\/fr\/wp-json\/wp\/v2\/media?parent=1677"}],"wp:term":[{"taxonomy":"author","embeddable":true,"href":"https:\/\/recherche.upf.pf\/fr\/wp-json\/wp\/v2\/coauthors?post=1677"}],"curies":[{"name":"wp","href":"https:\/\/api.w.org\/{rel}","templated":true}]}}