{"id":1666,"date":"2021-09-15T10:49:39","date_gmt":"2021-09-15T20:49:39","guid":{"rendered":"https:\/\/recherche.upf.pf\/?page_id=1666"},"modified":"2024-06-11T09:34:33","modified_gmt":"2024-06-11T19:34:33","slug":"docteur","status":"publish","type":"page","link":"https:\/\/recherche.upf.pf\/fr\/docteur\/","title":{"rendered":"Docteur"},"content":{"rendered":"<h1 class=\"wp-block-heading section\">Apr\u00e8s le doctorat<\/h1>\n\n\n\n<h2 class=\"wp-block-heading\">Que faire apr\u00e8s la soutenance de ma th\u00e8se ?<\/h2>\n\n\n\n<p>F\u00e9licitations\u00a0! Vous avez termin\u00e9 la\u00a0r\u00e9daction de votre th\u00e8se de doctorat, vous \u00eates \u00e9galement pass\u00e9 par\u00a0la soutenance de votre th\u00e8se\u00a0et avez obtenu le titre de docteur apr\u00e8s des ann\u00e9es de recherches acharn\u00e9es.<\/p>\n\n\n\n<p>Il est d\u00e9sormais opportun de penser \u00e0 l\u2019apr\u00e8s\u00a0th\u00e8se de doctorat&#8230;<\/p>\n\n\n\n<p>&#8220;<em>Le doctorat n\u2019est pas un aboutissement en soi, il s&#8217;inscrit dans une perspective professionnelle \u00e0 plus long terme.\u00a0Planifier l\u2019apr\u00e8s-th\u00e8se\u00a0fait donc partie int\u00e9grante de la th\u00e8se<\/em>&#8220;<\/p>\n\n\n\n<h2 class=\"wp-block-heading\">Le Post-Doctorat  <\/h2>\n\n\n\n<p>Il se fait dans une autre universit\u00e9 que celle o\u00f9 a \u00e9t\u00e9 pr\u00e9par\u00e9e la th\u00e8se, souvent dans un autre pays. Les \u00e9tudes post-doctorales permettent d&#8217;approfondir, pendant un an ou deux, le travail r\u00e9alis\u00e9 pendant la th\u00e8se. Les appels \u00e0 candidature sont \u00e0 chercher sur les sites internet des universit\u00e9s et des organismes.<\/p>\n\n\n\n<p>Il peut durer\u00a0jusqu\u2019\u00e0 cinq ans,\u00a0apr\u00e8s la fin de la r\u00e9daction de votre\u00a0th\u00e8se.<\/p>\n\n\n\n<p>Apr\u00e8s un ou deux ans de post-doc, vous serez dot\u00e9 d\u2019un dossier assez complet qui vous permettra d\u2019\u00eatre recrut\u00e9 dans une universit\u00e9, un organisme de recherche ou une entreprise priv\u00e9e. <\/p>\n\n\n\n<p><\/p>\n\n\n\n<h2 class=\"wp-block-heading\">Devenir chercheur\u00b7e ou enseignant\u00b7e-chercheur\u00b7e<\/h2>\n\n\n\n<p>Pour devenir chercheur\u00b7e ou enseignant\u00b7e-chercheur\u00b7e, il faut candidater aux concours de recrutement organis\u00e9s annuellement par les \u00e9tablissements d\u2019enseignement sup\u00e9rieur et les organismes de recherche (CNRS, IRD, Inria, Inserm&#8230;). Les docteur\u00b7e\u00b7s qui souhaitent poursuivre leur carri\u00e8re dans l&#8217;enseignement sup\u00e9rieur peuvent consulter\u00a0<a href=\"https:\/\/www.galaxie.enseignementsup-recherche.gouv.fr\/ensup\/candidats.html\" target=\"_blank\" rel=\"noreferrer noopener\">Galaxie<\/a>, portail internet d\u00e9di\u00e9 au recrutement dans l\u2019enseignement sup\u00e9rieur, pour voir quelles options s&#8217;offrent \u00e0 eux\u00b7elles : attach\u00e9\u00b7e\u00b7s temporaires d&#8217;enseignement et de recherche (ATER), enseignant\u00b7e\u00b7s-chercheur\u00b7e\u00b7s&#8230;<\/p>\n\n\n\n<p><\/p>\n\n\n\n<h2 class=\"wp-block-heading\">Travailler&nbsp;en entreprise<\/h2>\n\n\n\n<p>Les jeunes docteur\u00b7e\u00b7s peuvent aussi s&#8217;ins\u00e9rer dans le secteur priv\u00e9. Si leur th\u00e8me de recherche est compatible, ils\u00b7elles peuvent rejoindre les services de recherche et d\u00e9veloppement d\u2019entreprises industrielles. Ils\u00b7elles peuvent aussi exercer dans le domaine du conseil, des \u00e9tudes et de l\u2019expertise dans des cabinets et soci\u00e9t\u00e9s, ou monter leur propre entreprise dans un secteur innovant.<\/p>","protected":false},"excerpt":{"rendered":"<p>Apr\u00e8s le doctorat Que faire apr\u00e8s la soutenance de ma th\u00e8se ? F\u00e9licitations\u00a0! Vous avez termin\u00e9 la\u00a0r\u00e9daction de votre th\u00e8se de doctorat, vous \u00eates \u00e9galement pass\u00e9 par\u00a0la soutenance de votre th\u00e8se\u00a0et avez obtenu le titre de docteur apr\u00e8s des ann\u00e9es de recherches acharn\u00e9es. Il est d\u00e9sormais opportun de penser \u00e0 l\u2019apr\u00e8s\u00a0th\u00e8se de doctorat&#8230; &#8220;Le doctorat&hellip; <a class=\"more-link\" href=\"https:\/\/recherche.upf.pf\/fr\/docteur\/\">Continue reading <span class=\"screen-reader-text\">Docteur<\/span><\/a><\/p>\n","protected":false},"author":103,"featured_media":2625,"parent":0,"menu_order":0,"comment_status":"closed","ping_status":"closed","template":"pages\/page-ecole-doctorale.php","meta":{"_acf_changed":false,"_relevanssi_hide_post":"","_relevanssi_hide_content":"","_relevanssi_pin_for_all":"","_relevanssi_pin_keywords":"","_relevanssi_unpin_keywords":"","_relevanssi_related_keywords":"","_relevanssi_related_include_ids":"","_relevanssi_related_exclude_ids":"","_relevanssi_related_no_append":"","_relevanssi_related_not_related":"","_relevanssi_related_posts":"1","_relevanssi_noindex_reason":"","footnotes":""},"coauthors":[233],"class_list":["post-1666","page","type-page","status-publish","has-post-thumbnail","hentry","entry"],"acf":[],"yoast_head":"<!-- This site is optimized with the Yoast SEO plugin v27.3 - https:\/\/yoast.com\/product\/yoast-seo-wordpress\/ -->\n<title>Docteur  &#8226; Recherche UPF<\/title>\n<meta name=\"robots\" content=\"index, follow, max-snippet:-1, max-image-preview:large, max-video-preview:-1\" \/>\n<link rel=\"canonical\" href=\"https:\/\/recherche.upf.pf\/fr\/docteur\/\" \/>\n<meta property=\"og:locale\" content=\"fr_FR\" \/>\n<meta property=\"og:type\" content=\"article\" \/>\n<meta property=\"og:title\" content=\"Docteur  &#8226; Recherche UPF\" \/>\n<meta property=\"og:description\" content=\"Apr\u00e8s le doctorat Que faire apr\u00e8s la soutenance de ma th\u00e8se ? F\u00e9licitations\u00a0! Vous avez termin\u00e9 la\u00a0r\u00e9daction de votre th\u00e8se de doctorat, vous \u00eates \u00e9galement pass\u00e9 par\u00a0la soutenance de votre th\u00e8se\u00a0et avez obtenu le titre de docteur apr\u00e8s des ann\u00e9es de recherches acharn\u00e9es. Il est d\u00e9sormais opportun de penser \u00e0 l\u2019apr\u00e8s\u00a0th\u00e8se de doctorat&#8230; &#8220;Le doctorat&hellip; Continue reading Docteur\" \/>\n<meta property=\"og:url\" content=\"https:\/\/recherche.upf.pf\/docteur\/\" \/>\n<meta property=\"og:site_name\" content=\"Recherche UPF\" \/>\n<meta property=\"article:publisher\" content=\"https:\/\/www.facebook.com\/univpf\" \/>\n<meta property=\"article:modified_time\" content=\"2024-06-11T19:34:33+00:00\" \/>\n<meta property=\"og:image\" content=\"https:\/\/recherche.upf.pf\/wp-content\/uploads\/2021\/11\/DSC05527-bis-e1636421494408.jpg\" \/>\n\t<meta property=\"og:image:width\" content=\"3000\" \/>\n\t<meta property=\"og:image:height\" content=\"2000\" \/>\n\t<meta property=\"og:image:type\" content=\"image\/jpeg\" \/>\n<meta name=\"twitter:card\" content=\"summary_large_image\" \/>\n<meta name=\"twitter:site\" content=\"@univpf\" \/>\n<meta name=\"twitter:label1\" content=\"Dur\u00e9e de lecture estim\u00e9e\" \/>\n\t<meta name=\"twitter:data1\" content=\"1 minute\" \/>\n\t<meta name=\"twitter:label2\" content=\"Written by\" \/>\n\t<meta name=\"twitter:data2\" content=\"Christophe Uraeva\" \/>\n<script type=\"application\/ld+json\" class=\"yoast-schema-graph\">{\"@context\":\"https:\\\/\\\/schema.org\",\"@graph\":[{\"@type\":\"WebPage\",\"@id\":\"https:\\\/\\\/recherche.upf.pf\\\/docteur\\\/\",\"url\":\"https:\\\/\\\/recherche.upf.pf\\\/docteur\\\/\",\"name\":\"Docteur  &#8226; Recherche UPF\",\"isPartOf\":{\"@id\":\"https:\\\/\\\/recherche.upf.pf\\\/fr\\\/#website\"},\"primaryImageOfPage\":{\"@id\":\"https:\\\/\\\/recherche.upf.pf\\\/docteur\\\/#primaryimage\"},\"image\":{\"@id\":\"https:\\\/\\\/recherche.upf.pf\\\/docteur\\\/#primaryimage\"},\"thumbnailUrl\":\"https:\\\/\\\/recherche.upf.pf\\\/wp-content\\\/uploads\\\/2021\\\/11\\\/DSC05527-bis-e1636421494408.jpg\",\"datePublished\":\"2021-09-15T20:49:39+00:00\",\"dateModified\":\"2024-06-11T19:34:33+00:00\",\"breadcrumb\":{\"@id\":\"https:\\\/\\\/recherche.upf.pf\\\/docteur\\\/#breadcrumb\"},\"inLanguage\":\"fr-FR\",\"potentialAction\":[{\"@type\":\"ReadAction\",\"target\":[\"https:\\\/\\\/recherche.upf.pf\\\/docteur\\\/\"]}]},{\"@type\":\"ImageObject\",\"inLanguage\":\"fr-FR\",\"@id\":\"https:\\\/\\\/recherche.upf.pf\\\/docteur\\\/#primaryimage\",\"url\":\"https:\\\/\\\/recherche.upf.pf\\\/wp-content\\\/uploads\\\/2021\\\/11\\\/DSC05527-bis-e1636421494408.jpg\",\"contentUrl\":\"https:\\\/\\\/recherche.upf.pf\\\/wp-content\\\/uploads\\\/2021\\\/11\\\/DSC05527-bis-e1636421494408.jpg\",\"width\":3000,\"height\":2000},{\"@type\":\"BreadcrumbList\",\"@id\":\"https:\\\/\\\/recherche.upf.pf\\\/docteur\\\/#breadcrumb\",\"itemListElement\":[{\"@type\":\"ListItem\",\"position\":1,\"name\":\"Accueil\",\"item\":\"https:\\\/\\\/recherche.upf.pf\\\/\"},{\"@type\":\"ListItem\",\"position\":2,\"name\":\"Docteur\"}]},{\"@type\":\"WebSite\",\"@id\":\"https:\\\/\\\/recherche.upf.pf\\\/fr\\\/#website\",\"url\":\"https:\\\/\\\/recherche.upf.pf\\\/fr\\\/\",\"name\":\"Recherche - Universit\u00e9 de la Polyn\u00e9sie Fran\u00e7aise\",\"description\":\"Universit\u00e9 de la Polyn\u00e9sie Fran\u00e7aise\",\"publisher\":{\"@id\":\"https:\\\/\\\/recherche.upf.pf\\\/fr\\\/#organization\"},\"alternateName\":\"Recherche UPF\",\"potentialAction\":[{\"@type\":\"SearchAction\",\"target\":{\"@type\":\"EntryPoint\",\"urlTemplate\":\"https:\\\/\\\/recherche.upf.pf\\\/fr\\\/?s={search_term_string}\"},\"query-input\":{\"@type\":\"PropertyValueSpecification\",\"valueRequired\":true,\"valueName\":\"search_term_string\"}}],\"inLanguage\":\"fr-FR\"},{\"@type\":\"Organization\",\"@id\":\"https:\\\/\\\/recherche.upf.pf\\\/fr\\\/#organization\",\"name\":\"Universit\u00e9 de la Polyn\u00e9sie Fran\u00e7aise\",\"url\":\"https:\\\/\\\/recherche.upf.pf\\\/fr\\\/\",\"logo\":{\"@type\":\"ImageObject\",\"inLanguage\":\"fr-FR\",\"@id\":\"https:\\\/\\\/recherche.upf.pf\\\/fr\\\/#\\\/schema\\\/logo\\\/image\\\/\",\"url\":\"https:\\\/\\\/recherche.upf.pf\\\/wp-content\\\/uploads\\\/2021\\\/02\\\/Logo-UPF.png\",\"contentUrl\":\"https:\\\/\\\/recherche.upf.pf\\\/wp-content\\\/uploads\\\/2021\\\/02\\\/Logo-UPF.png\",\"width\":2132,\"height\":968,\"caption\":\"Universit\u00e9 de la Polyn\u00e9sie Fran\u00e7aise\"},\"image\":{\"@id\":\"https:\\\/\\\/recherche.upf.pf\\\/fr\\\/#\\\/schema\\\/logo\\\/image\\\/\"},\"sameAs\":[\"https:\\\/\\\/www.facebook.com\\\/univpf\",\"https:\\\/\\\/x.com\\\/univpf\",\"https:\\\/\\\/www.instagram.com\\\/univpf\\\/\",\"https:\\\/\\\/www.linkedin.com\\\/school\\\/universit\u00e9-de-la-polyn\u00e9sie-fran\u00e7aise\\\/\",\"https:\\\/\\\/www.youtube.com\\\/channel\\\/UC535-cUv9j7pnLabFCFc17g\",\"https:\\\/\\\/fr.wikipedia.org\\\/wiki\\\/Universit\u00e9_de_la_Polyn\u00e9sie_fran\u00e7aise\"]}]}<\/script>\n<!-- \/ Yoast SEO plugin. -->","yoast_head_json":{"title":"Docteur  &#8226; Recherche UPF","robots":{"index":"index","follow":"follow","max-snippet":"max-snippet:-1","max-image-preview":"max-image-preview:large","max-video-preview":"max-video-preview:-1"},"canonical":"https:\/\/recherche.upf.pf\/fr\/docteur\/","og_locale":"fr_FR","og_type":"article","og_title":"Docteur  &#8226; Recherche UPF","og_description":"Apr\u00e8s le doctorat Que faire apr\u00e8s la soutenance de ma th\u00e8se ? F\u00e9licitations\u00a0! Vous avez termin\u00e9 la\u00a0r\u00e9daction de votre th\u00e8se de doctorat, vous \u00eates \u00e9galement pass\u00e9 par\u00a0la soutenance de votre th\u00e8se\u00a0et avez obtenu le titre de docteur apr\u00e8s des ann\u00e9es de recherches acharn\u00e9es. Il est d\u00e9sormais opportun de penser \u00e0 l\u2019apr\u00e8s\u00a0th\u00e8se de doctorat&#8230; &#8220;Le doctorat&hellip; Continue reading Docteur","og_url":"https:\/\/recherche.upf.pf\/docteur\/","og_site_name":"Recherche UPF","article_publisher":"https:\/\/www.facebook.com\/univpf","article_modified_time":"2024-06-11T19:34:33+00:00","og_image":[{"width":3000,"height":2000,"url":"https:\/\/recherche.upf.pf\/wp-content\/uploads\/2021\/11\/DSC05527-bis-e1636421494408.jpg","type":"image\/jpeg"}],"twitter_card":"summary_large_image","twitter_site":"@univpf","twitter_misc":{"Dur\u00e9e de lecture estim\u00e9e":"1 minute","Written by":"Christophe Uraeva"},"schema":{"@context":"https:\/\/schema.org","@graph":[{"@type":"WebPage","@id":"https:\/\/recherche.upf.pf\/docteur\/","url":"https:\/\/recherche.upf.pf\/docteur\/","name":"Docteur  &#8226; Recherche UPF","isPartOf":{"@id":"https:\/\/recherche.upf.pf\/fr\/#website"},"primaryImageOfPage":{"@id":"https:\/\/recherche.upf.pf\/docteur\/#primaryimage"},"image":{"@id":"https:\/\/recherche.upf.pf\/docteur\/#primaryimage"},"thumbnailUrl":"https:\/\/recherche.upf.pf\/wp-content\/uploads\/2021\/11\/DSC05527-bis-e1636421494408.jpg","datePublished":"2021-09-15T20:49:39+00:00","dateModified":"2024-06-11T19:34:33+00:00","breadcrumb":{"@id":"https:\/\/recherche.upf.pf\/docteur\/#breadcrumb"},"inLanguage":"fr-FR","potentialAction":[{"@type":"ReadAction","target":["https:\/\/recherche.upf.pf\/docteur\/"]}]},{"@type":"ImageObject","inLanguage":"fr-FR","@id":"https:\/\/recherche.upf.pf\/docteur\/#primaryimage","url":"https:\/\/recherche.upf.pf\/wp-content\/uploads\/2021\/11\/DSC05527-bis-e1636421494408.jpg","contentUrl":"https:\/\/recherche.upf.pf\/wp-content\/uploads\/2021\/11\/DSC05527-bis-e1636421494408.jpg","width":3000,"height":2000},{"@type":"BreadcrumbList","@id":"https:\/\/recherche.upf.pf\/docteur\/#breadcrumb","itemListElement":[{"@type":"ListItem","position":1,"name":"Accueil","item":"https:\/\/recherche.upf.pf\/"},{"@type":"ListItem","position":2,"name":"Docteur"}]},{"@type":"WebSite","@id":"https:\/\/recherche.upf.pf\/fr\/#website","url":"https:\/\/recherche.upf.pf\/fr\/","name":"Recherche - Universit\u00e9 de la Polyn\u00e9sie Fran\u00e7aise","description":"Universit\u00e9 de la Polyn\u00e9sie Fran\u00e7aise","publisher":{"@id":"https:\/\/recherche.upf.pf\/fr\/#organization"},"alternateName":"Recherche UPF","potentialAction":[{"@type":"SearchAction","target":{"@type":"EntryPoint","urlTemplate":"https:\/\/recherche.upf.pf\/fr\/?s={search_term_string}"},"query-input":{"@type":"PropertyValueSpecification","valueRequired":true,"valueName":"search_term_string"}}],"inLanguage":"fr-FR"},{"@type":"Organization","@id":"https:\/\/recherche.upf.pf\/fr\/#organization","name":"Universit\u00e9 de la Polyn\u00e9sie Fran\u00e7aise","url":"https:\/\/recherche.upf.pf\/fr\/","logo":{"@type":"ImageObject","inLanguage":"fr-FR","@id":"https:\/\/recherche.upf.pf\/fr\/#\/schema\/logo\/image\/","url":"https:\/\/recherche.upf.pf\/wp-content\/uploads\/2021\/02\/Logo-UPF.png","contentUrl":"https:\/\/recherche.upf.pf\/wp-content\/uploads\/2021\/02\/Logo-UPF.png","width":2132,"height":968,"caption":"Universit\u00e9 de la Polyn\u00e9sie Fran\u00e7aise"},"image":{"@id":"https:\/\/recherche.upf.pf\/fr\/#\/schema\/logo\/image\/"},"sameAs":["https:\/\/www.facebook.com\/univpf","https:\/\/x.com\/univpf","https:\/\/www.instagram.com\/univpf\/","https:\/\/www.linkedin.com\/school\/universit\u00e9-de-la-polyn\u00e9sie-fran\u00e7aise\/","https:\/\/www.youtube.com\/channel\/UC535-cUv9j7pnLabFCFc17g","https:\/\/fr.wikipedia.org\/wiki\/Universit\u00e9_de_la_Polyn\u00e9sie_fran\u00e7aise"]}]}},"jetpack_shortlink":"https:\/\/wp.me\/Pd7hzg-qS","jetpack_sharing_enabled":true,"_links":{"self":[{"href":"https:\/\/recherche.upf.pf\/fr\/wp-json\/wp\/v2\/pages\/1666","targetHints":{"allow":["GET"]}}],"collection":[{"href":"https:\/\/recherche.upf.pf\/fr\/wp-json\/wp\/v2\/pages"}],"about":[{"href":"https:\/\/recherche.upf.pf\/fr\/wp-json\/wp\/v2\/types\/page"}],"author":[{"embeddable":true,"href":"https:\/\/recherche.upf.pf\/fr\/wp-json\/wp\/v2\/users\/103"}],"replies":[{"embeddable":true,"href":"https:\/\/recherche.upf.pf\/fr\/wp-json\/wp\/v2\/comments?post=1666"}],"version-history":[{"count":6,"href":"https:\/\/recherche.upf.pf\/fr\/wp-json\/wp\/v2\/pages\/1666\/revisions"}],"predecessor-version":[{"id":8578,"href":"https:\/\/recherche.upf.pf\/fr\/wp-json\/wp\/v2\/pages\/1666\/revisions\/8578"}],"wp:featuredmedia":[{"embeddable":true,"href":"https:\/\/recherche.upf.pf\/fr\/wp-json\/wp\/v2\/media\/2625"}],"wp:attachment":[{"href":"https:\/\/recherche.upf.pf\/fr\/wp-json\/wp\/v2\/media?parent=1666"}],"wp:term":[{"taxonomy":"author","embeddable":true,"href":"https:\/\/recherche.upf.pf\/fr\/wp-json\/wp\/v2\/coauthors?post=1666"}],"curies":[{"name":"wp","href":"https:\/\/api.w.org\/{rel}","templated":true}]}}