{"id":1200,"date":"2021-07-02T10:04:55","date_gmt":"2021-07-02T20:04:55","guid":{"rendered":"https:\/\/recherche.upf.pf\/?page_id=1200"},"modified":"2022-07-19T14:59:49","modified_gmt":"2022-07-20T00:59:49","slug":"charte-de-signature-unique","status":"publish","type":"page","link":"https:\/\/recherche.upf.pf\/fr\/charte-de-signature-unique\/","title":{"rendered":"Charte de signature unique"},"content":{"rendered":"<p>Afin d&#8217;<strong>am\u00e9liorer la visibilit\u00e9<\/strong>&nbsp;des publications de l&#8217;UPF,&nbsp;<strong>une charte de signature unique<\/strong>&nbsp;a \u00e9t\u00e9 d\u00e9finie avec les diff\u00e9rents laboratoires. Elle permet une reconnaissance automatique de nos productions scientifiques.&nbsp;<\/p>\n\n\n\n<p><strong>Elle doit \u00eatre utilis\u00e9e pour tout r\u00e9f\u00e9rencement\/signature des publications.<\/strong><\/p>\n\n\n\n<p class=\"has-text-align-center\"><a href=\"http:\/\/www.upf.pf\/sites\/default\/files\/RECHERCHE\/Charte%20signature%20UPF.pdf\" target=\"_blank\" rel=\"noreferrer noopener\"><strong>&#8211; T\u00e9l\u00e9charger la charte de signature &#8211;<\/strong><\/a><\/p>","protected":false},"excerpt":{"rendered":"<p>Afin d&#8217;am\u00e9liorer la visibilit\u00e9&nbsp;des publications de l&#8217;UPF,&nbsp;une charte de signature unique&nbsp;a \u00e9t\u00e9 d\u00e9finie avec les diff\u00e9rents laboratoires. Elle permet une reconnaissance automatique de nos productions scientifiques.&nbsp; Elle doit \u00eatre utilis\u00e9e pour tout r\u00e9f\u00e9rencement\/signature des publications. &#8211; T\u00e9l\u00e9charger la charte de signature &#8211;<\/p>\n","protected":false},"author":1,"featured_media":3707,"parent":0,"menu_order":0,"comment_status":"closed","ping_status":"closed","template":"","meta":{"_acf_changed":false,"_relevanssi_hide_post":"","_relevanssi_hide_content":"","_relevanssi_pin_for_all":"","_relevanssi_pin_keywords":"","_relevanssi_unpin_keywords":"","_relevanssi_related_keywords":"","_relevanssi_related_include_ids":"","_relevanssi_related_exclude_ids":"","_relevanssi_related_no_append":"","_relevanssi_related_not_related":"","_relevanssi_related_posts":"1","_relevanssi_noindex_reason":"","footnotes":""},"coauthors":[],"class_list":["post-1200","page","type-page","status-publish","has-post-thumbnail","hentry","entry"],"acf":[],"yoast_head":"<!-- This site is optimized with the Yoast SEO plugin v27.3 - https:\/\/yoast.com\/product\/yoast-seo-wordpress\/ -->\n<title>Charte de signature unique  &#8226; Recherche UPF<\/title>\n<meta name=\"robots\" content=\"index, follow, max-snippet:-1, max-image-preview:large, max-video-preview:-1\" \/>\n<link rel=\"canonical\" href=\"https:\/\/recherche.upf.pf\/fr\/charte-de-signature-unique\/\" \/>\n<meta property=\"og:locale\" content=\"fr_FR\" \/>\n<meta property=\"og:type\" content=\"article\" \/>\n<meta property=\"og:title\" content=\"Charte de signature unique  &#8226; Recherche UPF\" \/>\n<meta property=\"og:description\" content=\"Afin d&#8217;am\u00e9liorer la visibilit\u00e9&nbsp;des publications de l&#8217;UPF,&nbsp;une charte de signature unique&nbsp;a \u00e9t\u00e9 d\u00e9finie avec les diff\u00e9rents laboratoires. Elle permet une reconnaissance automatique de nos productions scientifiques.&nbsp; Elle doit \u00eatre utilis\u00e9e pour tout r\u00e9f\u00e9rencement\/signature des publications. &#8211; T\u00e9l\u00e9charger la charte de signature &#8211;\" \/>\n<meta property=\"og:url\" content=\"https:\/\/recherche.upf.pf\/fr\/charte-de-signature-unique\/\" \/>\n<meta property=\"og:site_name\" content=\"Recherche UPF\" \/>\n<meta property=\"article:publisher\" content=\"https:\/\/www.facebook.com\/univpf\" \/>\n<meta property=\"article:modified_time\" content=\"2022-07-20T00:59:49+00:00\" \/>\n<meta property=\"og:image\" content=\"https:\/\/recherche.upf.pf\/wp-content\/uploads\/2022\/07\/20170694-1-e1658278782349.jpg\" \/>\n\t<meta property=\"og:image:width\" content=\"2310\" \/>\n\t<meta property=\"og:image:height\" content=\"924\" \/>\n\t<meta property=\"og:image:type\" content=\"image\/jpeg\" \/>\n<meta name=\"twitter:card\" content=\"summary_large_image\" \/>\n<meta name=\"twitter:site\" content=\"@univpf\" \/>\n<meta name=\"twitter:label1\" content=\"Dur\u00e9e de lecture estim\u00e9e\" \/>\n\t<meta name=\"twitter:data1\" content=\"1 minute\" \/>\n\t<meta name=\"twitter:label2\" content=\"Written by\" \/>\n\t<meta name=\"twitter:data2\" content=\"Marcio Marim\" \/>\n<script type=\"application\/ld+json\" class=\"yoast-schema-graph\">{\"@context\":\"https:\\\/\\\/schema.org\",\"@graph\":[{\"@type\":\"WebPage\",\"@id\":\"https:\\\/\\\/recherche.upf.pf\\\/fr\\\/charte-de-signature-unique\\\/\",\"url\":\"https:\\\/\\\/recherche.upf.pf\\\/fr\\\/charte-de-signature-unique\\\/\",\"name\":\"Charte de signature unique  &#8226; Recherche UPF\",\"isPartOf\":{\"@id\":\"https:\\\/\\\/recherche.upf.pf\\\/fr\\\/#website\"},\"primaryImageOfPage\":{\"@id\":\"https:\\\/\\\/recherche.upf.pf\\\/fr\\\/charte-de-signature-unique\\\/#primaryimage\"},\"image\":{\"@id\":\"https:\\\/\\\/recherche.upf.pf\\\/fr\\\/charte-de-signature-unique\\\/#primaryimage\"},\"thumbnailUrl\":\"https:\\\/\\\/recherche.upf.pf\\\/wp-content\\\/uploads\\\/2022\\\/07\\\/20170694-1-e1658278782349.jpg\",\"datePublished\":\"2021-07-02T20:04:55+00:00\",\"dateModified\":\"2022-07-20T00:59:49+00:00\",\"breadcrumb\":{\"@id\":\"https:\\\/\\\/recherche.upf.pf\\\/fr\\\/charte-de-signature-unique\\\/#breadcrumb\"},\"inLanguage\":\"fr-FR\",\"potentialAction\":[{\"@type\":\"ReadAction\",\"target\":[\"https:\\\/\\\/recherche.upf.pf\\\/fr\\\/charte-de-signature-unique\\\/\"]}]},{\"@type\":\"ImageObject\",\"inLanguage\":\"fr-FR\",\"@id\":\"https:\\\/\\\/recherche.upf.pf\\\/fr\\\/charte-de-signature-unique\\\/#primaryimage\",\"url\":\"https:\\\/\\\/recherche.upf.pf\\\/wp-content\\\/uploads\\\/2022\\\/07\\\/20170694-1-e1658278782349.jpg\",\"contentUrl\":\"https:\\\/\\\/recherche.upf.pf\\\/wp-content\\\/uploads\\\/2022\\\/07\\\/20170694-1-e1658278782349.jpg\",\"width\":2310,\"height\":924},{\"@type\":\"BreadcrumbList\",\"@id\":\"https:\\\/\\\/recherche.upf.pf\\\/fr\\\/charte-de-signature-unique\\\/#breadcrumb\",\"itemListElement\":[{\"@type\":\"ListItem\",\"position\":1,\"name\":\"Accueil\",\"item\":\"https:\\\/\\\/recherche.upf.pf\\\/\"},{\"@type\":\"ListItem\",\"position\":2,\"name\":\"Charte de signature unique\"}]},{\"@type\":\"WebSite\",\"@id\":\"https:\\\/\\\/recherche.upf.pf\\\/fr\\\/#website\",\"url\":\"https:\\\/\\\/recherche.upf.pf\\\/fr\\\/\",\"name\":\"Recherche - Universit\u00e9 de la Polyn\u00e9sie Fran\u00e7aise\",\"description\":\"Universit\u00e9 de la Polyn\u00e9sie Fran\u00e7aise\",\"publisher\":{\"@id\":\"https:\\\/\\\/recherche.upf.pf\\\/fr\\\/#organization\"},\"alternateName\":\"Recherche UPF\",\"potentialAction\":[{\"@type\":\"SearchAction\",\"target\":{\"@type\":\"EntryPoint\",\"urlTemplate\":\"https:\\\/\\\/recherche.upf.pf\\\/fr\\\/?s={search_term_string}\"},\"query-input\":{\"@type\":\"PropertyValueSpecification\",\"valueRequired\":true,\"valueName\":\"search_term_string\"}}],\"inLanguage\":\"fr-FR\"},{\"@type\":\"Organization\",\"@id\":\"https:\\\/\\\/recherche.upf.pf\\\/fr\\\/#organization\",\"name\":\"Universit\u00e9 de la Polyn\u00e9sie Fran\u00e7aise\",\"url\":\"https:\\\/\\\/recherche.upf.pf\\\/fr\\\/\",\"logo\":{\"@type\":\"ImageObject\",\"inLanguage\":\"fr-FR\",\"@id\":\"https:\\\/\\\/recherche.upf.pf\\\/fr\\\/#\\\/schema\\\/logo\\\/image\\\/\",\"url\":\"https:\\\/\\\/recherche.upf.pf\\\/wp-content\\\/uploads\\\/2021\\\/02\\\/Logo-UPF.png\",\"contentUrl\":\"https:\\\/\\\/recherche.upf.pf\\\/wp-content\\\/uploads\\\/2021\\\/02\\\/Logo-UPF.png\",\"width\":2132,\"height\":968,\"caption\":\"Universit\u00e9 de la Polyn\u00e9sie Fran\u00e7aise\"},\"image\":{\"@id\":\"https:\\\/\\\/recherche.upf.pf\\\/fr\\\/#\\\/schema\\\/logo\\\/image\\\/\"},\"sameAs\":[\"https:\\\/\\\/www.facebook.com\\\/univpf\",\"https:\\\/\\\/x.com\\\/univpf\",\"https:\\\/\\\/www.instagram.com\\\/univpf\\\/\",\"https:\\\/\\\/www.linkedin.com\\\/school\\\/universit\u00e9-de-la-polyn\u00e9sie-fran\u00e7aise\\\/\",\"https:\\\/\\\/www.youtube.com\\\/channel\\\/UC535-cUv9j7pnLabFCFc17g\",\"https:\\\/\\\/fr.wikipedia.org\\\/wiki\\\/Universit\u00e9_de_la_Polyn\u00e9sie_fran\u00e7aise\"]}]}<\/script>\n<!-- \/ Yoast SEO plugin. -->","yoast_head_json":{"title":"Charte de signature unique  &#8226; Recherche UPF","robots":{"index":"index","follow":"follow","max-snippet":"max-snippet:-1","max-image-preview":"max-image-preview:large","max-video-preview":"max-video-preview:-1"},"canonical":"https:\/\/recherche.upf.pf\/fr\/charte-de-signature-unique\/","og_locale":"fr_FR","og_type":"article","og_title":"Charte de signature unique  &#8226; Recherche UPF","og_description":"Afin d&#8217;am\u00e9liorer la visibilit\u00e9&nbsp;des publications de l&#8217;UPF,&nbsp;une charte de signature unique&nbsp;a \u00e9t\u00e9 d\u00e9finie avec les diff\u00e9rents laboratoires. Elle permet une reconnaissance automatique de nos productions scientifiques.&nbsp; Elle doit \u00eatre utilis\u00e9e pour tout r\u00e9f\u00e9rencement\/signature des publications. &#8211; T\u00e9l\u00e9charger la charte de signature &#8211;","og_url":"https:\/\/recherche.upf.pf\/fr\/charte-de-signature-unique\/","og_site_name":"Recherche UPF","article_publisher":"https:\/\/www.facebook.com\/univpf","article_modified_time":"2022-07-20T00:59:49+00:00","og_image":[{"width":2310,"height":924,"url":"https:\/\/recherche.upf.pf\/wp-content\/uploads\/2022\/07\/20170694-1-e1658278782349.jpg","type":"image\/jpeg"}],"twitter_card":"summary_large_image","twitter_site":"@univpf","twitter_misc":{"Dur\u00e9e de lecture estim\u00e9e":"1 minute","Written by":"Marcio Marim"},"schema":{"@context":"https:\/\/schema.org","@graph":[{"@type":"WebPage","@id":"https:\/\/recherche.upf.pf\/fr\/charte-de-signature-unique\/","url":"https:\/\/recherche.upf.pf\/fr\/charte-de-signature-unique\/","name":"Charte de signature unique  &#8226; Recherche UPF","isPartOf":{"@id":"https:\/\/recherche.upf.pf\/fr\/#website"},"primaryImageOfPage":{"@id":"https:\/\/recherche.upf.pf\/fr\/charte-de-signature-unique\/#primaryimage"},"image":{"@id":"https:\/\/recherche.upf.pf\/fr\/charte-de-signature-unique\/#primaryimage"},"thumbnailUrl":"https:\/\/recherche.upf.pf\/wp-content\/uploads\/2022\/07\/20170694-1-e1658278782349.jpg","datePublished":"2021-07-02T20:04:55+00:00","dateModified":"2022-07-20T00:59:49+00:00","breadcrumb":{"@id":"https:\/\/recherche.upf.pf\/fr\/charte-de-signature-unique\/#breadcrumb"},"inLanguage":"fr-FR","potentialAction":[{"@type":"ReadAction","target":["https:\/\/recherche.upf.pf\/fr\/charte-de-signature-unique\/"]}]},{"@type":"ImageObject","inLanguage":"fr-FR","@id":"https:\/\/recherche.upf.pf\/fr\/charte-de-signature-unique\/#primaryimage","url":"https:\/\/recherche.upf.pf\/wp-content\/uploads\/2022\/07\/20170694-1-e1658278782349.jpg","contentUrl":"https:\/\/recherche.upf.pf\/wp-content\/uploads\/2022\/07\/20170694-1-e1658278782349.jpg","width":2310,"height":924},{"@type":"BreadcrumbList","@id":"https:\/\/recherche.upf.pf\/fr\/charte-de-signature-unique\/#breadcrumb","itemListElement":[{"@type":"ListItem","position":1,"name":"Accueil","item":"https:\/\/recherche.upf.pf\/"},{"@type":"ListItem","position":2,"name":"Charte de signature unique"}]},{"@type":"WebSite","@id":"https:\/\/recherche.upf.pf\/fr\/#website","url":"https:\/\/recherche.upf.pf\/fr\/","name":"Recherche - Universit\u00e9 de la Polyn\u00e9sie Fran\u00e7aise","description":"Universit\u00e9 de la Polyn\u00e9sie Fran\u00e7aise","publisher":{"@id":"https:\/\/recherche.upf.pf\/fr\/#organization"},"alternateName":"Recherche UPF","potentialAction":[{"@type":"SearchAction","target":{"@type":"EntryPoint","urlTemplate":"https:\/\/recherche.upf.pf\/fr\/?s={search_term_string}"},"query-input":{"@type":"PropertyValueSpecification","valueRequired":true,"valueName":"search_term_string"}}],"inLanguage":"fr-FR"},{"@type":"Organization","@id":"https:\/\/recherche.upf.pf\/fr\/#organization","name":"Universit\u00e9 de la Polyn\u00e9sie Fran\u00e7aise","url":"https:\/\/recherche.upf.pf\/fr\/","logo":{"@type":"ImageObject","inLanguage":"fr-FR","@id":"https:\/\/recherche.upf.pf\/fr\/#\/schema\/logo\/image\/","url":"https:\/\/recherche.upf.pf\/wp-content\/uploads\/2021\/02\/Logo-UPF.png","contentUrl":"https:\/\/recherche.upf.pf\/wp-content\/uploads\/2021\/02\/Logo-UPF.png","width":2132,"height":968,"caption":"Universit\u00e9 de la Polyn\u00e9sie Fran\u00e7aise"},"image":{"@id":"https:\/\/recherche.upf.pf\/fr\/#\/schema\/logo\/image\/"},"sameAs":["https:\/\/www.facebook.com\/univpf","https:\/\/x.com\/univpf","https:\/\/www.instagram.com\/univpf\/","https:\/\/www.linkedin.com\/school\/universit\u00e9-de-la-polyn\u00e9sie-fran\u00e7aise\/","https:\/\/www.youtube.com\/channel\/UC535-cUv9j7pnLabFCFc17g","https:\/\/fr.wikipedia.org\/wiki\/Universit\u00e9_de_la_Polyn\u00e9sie_fran\u00e7aise"]}]}},"jetpack_shortlink":"https:\/\/wp.me\/Pd7hzg-jm","jetpack_sharing_enabled":true,"_links":{"self":[{"href":"https:\/\/recherche.upf.pf\/fr\/wp-json\/wp\/v2\/pages\/1200","targetHints":{"allow":["GET"]}}],"collection":[{"href":"https:\/\/recherche.upf.pf\/fr\/wp-json\/wp\/v2\/pages"}],"about":[{"href":"https:\/\/recherche.upf.pf\/fr\/wp-json\/wp\/v2\/types\/page"}],"author":[{"embeddable":true,"href":"https:\/\/recherche.upf.pf\/fr\/wp-json\/wp\/v2\/users\/1"}],"replies":[{"embeddable":true,"href":"https:\/\/recherche.upf.pf\/fr\/wp-json\/wp\/v2\/comments?post=1200"}],"version-history":[{"count":1,"href":"https:\/\/recherche.upf.pf\/fr\/wp-json\/wp\/v2\/pages\/1200\/revisions"}],"predecessor-version":[{"id":1201,"href":"https:\/\/recherche.upf.pf\/fr\/wp-json\/wp\/v2\/pages\/1200\/revisions\/1201"}],"wp:featuredmedia":[{"embeddable":true,"href":"https:\/\/recherche.upf.pf\/fr\/wp-json\/wp\/v2\/media\/3707"}],"wp:attachment":[{"href":"https:\/\/recherche.upf.pf\/fr\/wp-json\/wp\/v2\/media?parent=1200"}],"wp:term":[{"taxonomy":"author","embeddable":true,"href":"https:\/\/recherche.upf.pf\/fr\/wp-json\/wp\/v2\/coauthors?post=1200"}],"curies":[{"name":"wp","href":"https:\/\/api.w.org\/{rel}","templated":true}]}}