{"id":3798,"date":"2022-07-22T11:22:41","date_gmt":"2022-07-22T21:22:41","guid":{"rendered":"https:\/\/recherche.upf.pf\/?page_id=3798"},"modified":"2022-08-08T10:32:36","modified_gmt":"2022-08-08T20:32:36","slug":"politique-de-recherche","status":"publish","type":"page","link":"https:\/\/recherche.upf.pf\/en\/politique-de-recherche\/","title":{"rendered":"Politique de recherche"},"content":{"rendered":"<p class=\"qtranxs-available-languages-message qtranxs-available-languages-message-en\">Sorry, this entry is only available in <a href=\"https:\/\/recherche.upf.pf\/fr\/wp-json\/wp\/v2\/pages\/3798\" class=\"qtranxs-available-language-link qtranxs-available-language-link-fr\" title=\"Fran\u00e7ais\">Fran\u00e7ais<\/a>.<\/p><p>Par son activit\u00e9 dans le domaine de la recherche, l\u2019Universit\u00e9 de la Polyn\u00e9sie fran\u00e7aise est engag\u00e9e en appui du d\u00e9veloppement durable du territoire de la Polyn\u00e9sie fran\u00e7aise, mettant en valeur sa culture, son patrimoine et sa biodiversit\u00e9, et r\u00e9pondant aux grands d\u00e9fis qui confrontent les soci\u00e9t\u00e9s insulaires de notre plan\u00e8te. Notre approche se base sur la pluridisciplinarit\u00e9, la science avec et pour la soci\u00e9t\u00e9 et s\u2019appuie sur des collaborations r\u00e9gionales, nationales et internationales. Cette d\u00e9marche est men\u00e9e en coh\u00e9rence avec notre environnement g\u00e9ographique (discontinu, multi-insulaire, isol\u00e9, r\u00e9gion Pacifique), naturel (oc\u00e9anique, lagonaire, \u00e9cosyst\u00e8mes coralliens, climat tropical, etc.) et social (tradition culturelle forte, soci\u00e9t\u00e9 contemporaine en transformation).&nbsp;<\/p>\n\n\n\n<p>Afin de favoriser l\u2019\u00e9mergence d\u2019une v\u00e9ritable dynamique de projets et d\u2019am\u00e9liorer la visibilit\u00e9 de la recherche, l\u2019UPF a identifi\u00e9 \/ d\u00e9fini plusieurs axes de comp\u00e9tences structurants :<\/p>\n\n\n\n<figure class=\"wp-block-image size-large\"><img loading=\"lazy\" decoding=\"async\" width=\"900\" height=\"340\" data-attachment-id=\"3800\" data-permalink=\"https:\/\/recherche.upf.pf\/en\/politique-de-recherche\/attachment\/axes-de-competences-recherche-upf\/\" data-orig-file=\"https:\/\/recherche.upf.pf\/wp-content\/uploads\/2022\/07\/Axes-de-compe\u0301tences-recherche-UPF.png\" data-orig-size=\"1468,555\" data-comments-opened=\"1\" data-image-meta=\"{&quot;aperture&quot;:&quot;0&quot;,&quot;credit&quot;:&quot;&quot;,&quot;camera&quot;:&quot;&quot;,&quot;caption&quot;:&quot;&quot;,&quot;created_timestamp&quot;:&quot;0&quot;,&quot;copyright&quot;:&quot;&quot;,&quot;focal_length&quot;:&quot;0&quot;,&quot;iso&quot;:&quot;0&quot;,&quot;shutter_speed&quot;:&quot;0&quot;,&quot;title&quot;:&quot;&quot;,&quot;orientation&quot;:&quot;0&quot;}\" data-image-title=\"Axes-de-compe\u0301tences-recherche-UPF\" data-image-description=\"\" data-image-caption=\"\" data-medium-file=\"https:\/\/recherche.upf.pf\/wp-content\/uploads\/2022\/07\/Axes-de-compe\u0301tences-recherche-UPF-300x300.png\" data-large-file=\"https:\/\/recherche.upf.pf\/wp-content\/uploads\/2022\/07\/Axes-de-compe\u0301tences-recherche-UPF-900x340.png\" src=\"https:\/\/recherche.upf.pf\/wp-content\/uploads\/2022\/07\/Axes-de-compe\u0301tences-recherche-UPF-900x340.png\" alt=\"\" class=\"wp-image-3800\" srcset=\"https:\/\/recherche.upf.pf\/wp-content\/uploads\/2022\/07\/Axes-de-compe\u0301tences-recherche-UPF-900x340.png 900w, https:\/\/recherche.upf.pf\/wp-content\/uploads\/2022\/07\/Axes-de-compe\u0301tences-recherche-UPF-300x113.png 300w, https:\/\/recherche.upf.pf\/wp-content\/uploads\/2022\/07\/Axes-de-compe\u0301tences-recherche-UPF-60x23.png 60w, https:\/\/recherche.upf.pf\/wp-content\/uploads\/2022\/07\/Axes-de-compe\u0301tences-recherche-UPF-600x227.png 600w, https:\/\/recherche.upf.pf\/wp-content\/uploads\/2022\/07\/Axes-de-compe\u0301tences-recherche-UPF.png 1468w\" sizes=\"auto, (max-width: 900px) 100vw, 900px\" \/><\/figure>\n\n\n\n<p>L&#8217;UPF dispose aujourd\u2019hui du potentiel de recherche interdisciplinaire le plus important de Polyn\u00e9sie fran\u00e7aise, rassemblant plus d&#8217;une centaine de personnels permanents. La qualit\u00e9 des travaux de recherche conduits par ces \u00e9quipes, est reconnue non seulement \u00e0 l&#8217;\u00e9chelle nationale, mais surtout au niveau r\u00e9gional et \u00e0 l&#8217;international. L&#8217;action de l&#8217;universit\u00e9 s&#8217;inscrit r\u00e9solument dans une dynamique partenariale, avec les universit\u00e9s fran\u00e7aises ultra-marines dans le cadre du laboratoire d&#8217;excellence Corail et \u00e0 une \u00e9chelle r\u00e9gionale via le r\u00e9seau des Universit\u00e9s du pacifique Insulaire (PIURN). D&#8217;autres partenariats sont \u00e9galement d\u00e9velopp\u00e9s avec l&#8217;Australie, la Nouvelle-Z\u00e9lande et \u00e0 l&#8217;\u00e9chelle Asie-Pacifique.<\/p>\n\n\n\n<p>Au niveau local, l&#8217;UPF s&#8217;est fortement investie dans la structuration des acteurs de la recherche. Ainsi d\u00e8s 2012 elle a port\u00e9 le projet de cr\u00e9ation de la premi\u00e8re Unit\u00e9 mixte de Recherches (UMR 241 Ecosyst\u00e8mes Oc\u00e9aniens) bas\u00e9e \u00e0 100% en Polyn\u00e9sie fran\u00e7aise, et associant des chercheurs de l&#8217;UPF, de l&#8217;IRD, de l&#8217;Ifremer et de l&#8217;Institut Louis Malard\u00e9. En 2017, l&#8217;UPF porte le projet de cr\u00e9ation de la Maison des Sciences de l&#8217;Homme du Pacifique (MSH-P) en partenariat avec le CNRS. Il s&#8217;agit de la 23\u00e8me MSH du r\u00e9seau national, et la premi\u00e8re en Outre-Mer. Dans la continuit\u00e9 de cette d\u00e9marche f\u00e9d\u00e9ratrice et dans le cadre de la Politique de site de Polyn\u00e9sie, l&#8217;UPF est \u00e0 l&#8217;initiative du <a href=\"https:\/\/recherche.upf.pf\/reseau\/resipol\/\">consortium RESIPOL<\/a>.<\/p>","protected":false},"excerpt":{"rendered":"<p>Sorry, this entry is only available in Fran\u00e7ais. Par son activit\u00e9 dans le domaine de la recherche, l\u2019Universit\u00e9 de la Polyn\u00e9sie fran\u00e7aise est engag\u00e9e en appui du d\u00e9veloppement durable du territoire de la Polyn\u00e9sie fran\u00e7aise, mettant en valeur sa culture, son patrimoine et sa biodiversit\u00e9, et r\u00e9pondant aux grands d\u00e9fis qui confrontent les soci\u00e9t\u00e9s insulaires&hellip; <a class=\"more-link\" href=\"https:\/\/recherche.upf.pf\/en\/politique-de-recherche\/\">Continue reading <span class=\"screen-reader-text\">Politique de recherche<\/span><\/a><\/p>\n","protected":false},"author":118,"featured_media":0,"parent":0,"menu_order":0,"comment_status":"closed","ping_status":"closed","template":"","meta":{"_acf_changed":false,"_relevanssi_hide_post":"","_relevanssi_hide_content":"","_relevanssi_pin_for_all":"","_relevanssi_pin_keywords":"","_relevanssi_unpin_keywords":"","_relevanssi_related_keywords":"","_relevanssi_related_include_ids":"","_relevanssi_related_exclude_ids":"","_relevanssi_related_no_append":"","_relevanssi_related_not_related":"","_relevanssi_related_posts":"","_relevanssi_noindex_reason":"","footnotes":""},"coauthors":[253],"class_list":["post-3798","page","type-page","status-publish","hentry","entry"],"acf":[],"yoast_head":"<!-- This site is optimized with the Yoast SEO plugin v27.3 - https:\/\/yoast.com\/product\/yoast-seo-wordpress\/ -->\n<title>Politique de recherche &#8226; Recherche UPF<\/title>\n<meta name=\"robots\" content=\"index, follow, max-snippet:-1, max-image-preview:large, max-video-preview:-1\" \/>\n<link rel=\"canonical\" href=\"https:\/\/recherche.upf.pf\/en\/politique-de-recherche\/\" \/>\n<meta property=\"og:locale\" content=\"en_US\" \/>\n<meta property=\"og:type\" content=\"article\" \/>\n<meta property=\"og:title\" content=\"Politique de recherche &#8226; Recherche UPF\" \/>\n<meta property=\"og:description\" content=\"Sorry, this entry is only available in Fran\u00e7ais. Par son activit\u00e9 dans le domaine de la recherche, l\u2019Universit\u00e9 de la Polyn\u00e9sie fran\u00e7aise est engag\u00e9e en appui du d\u00e9veloppement durable du territoire de la Polyn\u00e9sie fran\u00e7aise, mettant en valeur sa culture, son patrimoine et sa biodiversit\u00e9, et r\u00e9pondant aux grands d\u00e9fis qui confrontent les soci\u00e9t\u00e9s insulaires&hellip; Continue reading Politique de recherche\" \/>\n<meta property=\"og:url\" content=\"https:\/\/recherche.upf.pf\/fr\/politique-de-recherche\/\" \/>\n<meta property=\"og:site_name\" content=\"Recherche UPF\" \/>\n<meta property=\"article:publisher\" content=\"https:\/\/www.facebook.com\/univpf\" \/>\n<meta property=\"article:modified_time\" content=\"2022-08-08T20:32:36+00:00\" \/>\n<meta name=\"twitter:card\" content=\"summary_large_image\" \/>\n<meta name=\"twitter:site\" content=\"@univpf\" \/>\n<meta name=\"twitter:label1\" content=\"Est. reading time\" \/>\n\t<meta name=\"twitter:data1\" content=\"2 minutes\" \/>\n\t<meta name=\"twitter:label2\" content=\"Written by\" \/>\n\t<meta name=\"twitter:data2\" content=\"presta\" \/>\n<script type=\"application\/ld+json\" class=\"yoast-schema-graph\">{\"@context\":\"https:\\\/\\\/schema.org\",\"@graph\":[{\"@type\":\"WebPage\",\"@id\":\"https:\\\/\\\/recherche.upf.pf\\\/fr\\\/politique-de-recherche\\\/\",\"url\":\"https:\\\/\\\/recherche.upf.pf\\\/fr\\\/politique-de-recherche\\\/\",\"name\":\"Politique de recherche &#8226; Recherche UPF\",\"isPartOf\":{\"@id\":\"https:\\\/\\\/recherche.upf.pf\\\/fr\\\/#website\"},\"datePublished\":\"2022-07-22T21:22:41+00:00\",\"dateModified\":\"2022-08-08T20:32:36+00:00\",\"breadcrumb\":{\"@id\":\"https:\\\/\\\/recherche.upf.pf\\\/fr\\\/politique-de-recherche\\\/#breadcrumb\"},\"inLanguage\":\"en-US\",\"potentialAction\":[{\"@type\":\"ReadAction\",\"target\":[\"https:\\\/\\\/recherche.upf.pf\\\/fr\\\/politique-de-recherche\\\/\"]}]},{\"@type\":\"BreadcrumbList\",\"@id\":\"https:\\\/\\\/recherche.upf.pf\\\/fr\\\/politique-de-recherche\\\/#breadcrumb\",\"itemListElement\":[{\"@type\":\"ListItem\",\"position\":1,\"name\":\"Accueil\",\"item\":\"https:\\\/\\\/recherche.upf.pf\\\/\"},{\"@type\":\"ListItem\",\"position\":2,\"name\":\"Politique de recherche\"}]},{\"@type\":\"WebSite\",\"@id\":\"https:\\\/\\\/recherche.upf.pf\\\/fr\\\/#website\",\"url\":\"https:\\\/\\\/recherche.upf.pf\\\/fr\\\/\",\"name\":\"Recherche - Universit\u00e9 de la Polyn\u00e9sie Fran\u00e7aise\",\"description\":\"University of French Polynesia\",\"publisher\":{\"@id\":\"https:\\\/\\\/recherche.upf.pf\\\/fr\\\/#organization\"},\"alternateName\":\"Recherche UPF\",\"potentialAction\":[{\"@type\":\"SearchAction\",\"target\":{\"@type\":\"EntryPoint\",\"urlTemplate\":\"https:\\\/\\\/recherche.upf.pf\\\/fr\\\/?s={search_term_string}\"},\"query-input\":{\"@type\":\"PropertyValueSpecification\",\"valueRequired\":true,\"valueName\":\"search_term_string\"}}],\"inLanguage\":\"en-US\"},{\"@type\":\"Organization\",\"@id\":\"https:\\\/\\\/recherche.upf.pf\\\/fr\\\/#organization\",\"name\":\"Universit\u00e9 de la Polyn\u00e9sie Fran\u00e7aise\",\"url\":\"https:\\\/\\\/recherche.upf.pf\\\/fr\\\/\",\"logo\":{\"@type\":\"ImageObject\",\"inLanguage\":\"en-US\",\"@id\":\"https:\\\/\\\/recherche.upf.pf\\\/fr\\\/#\\\/schema\\\/logo\\\/image\\\/\",\"url\":\"https:\\\/\\\/recherche.upf.pf\\\/wp-content\\\/uploads\\\/2021\\\/02\\\/Logo-UPF.png\",\"contentUrl\":\"https:\\\/\\\/recherche.upf.pf\\\/wp-content\\\/uploads\\\/2021\\\/02\\\/Logo-UPF.png\",\"width\":2132,\"height\":968,\"caption\":\"Universit\u00e9 de la Polyn\u00e9sie Fran\u00e7aise\"},\"image\":{\"@id\":\"https:\\\/\\\/recherche.upf.pf\\\/fr\\\/#\\\/schema\\\/logo\\\/image\\\/\"},\"sameAs\":[\"https:\\\/\\\/www.facebook.com\\\/univpf\",\"https:\\\/\\\/x.com\\\/univpf\",\"https:\\\/\\\/www.instagram.com\\\/univpf\\\/\",\"https:\\\/\\\/www.linkedin.com\\\/school\\\/universit\u00e9-de-la-polyn\u00e9sie-fran\u00e7aise\\\/\",\"https:\\\/\\\/www.youtube.com\\\/channel\\\/UC535-cUv9j7pnLabFCFc17g\",\"https:\\\/\\\/fr.wikipedia.org\\\/wiki\\\/Universit\u00e9_de_la_Polyn\u00e9sie_fran\u00e7aise\"]}]}<\/script>\n<!-- \/ Yoast SEO plugin. -->","yoast_head_json":{"title":"Politique de recherche &#8226; Recherche UPF","robots":{"index":"index","follow":"follow","max-snippet":"max-snippet:-1","max-image-preview":"max-image-preview:large","max-video-preview":"max-video-preview:-1"},"canonical":"https:\/\/recherche.upf.pf\/en\/politique-de-recherche\/","og_locale":"en_US","og_type":"article","og_title":"Politique de recherche &#8226; Recherche UPF","og_description":"Sorry, this entry is only available in Fran\u00e7ais. Par son activit\u00e9 dans le domaine de la recherche, l\u2019Universit\u00e9 de la Polyn\u00e9sie fran\u00e7aise est engag\u00e9e en appui du d\u00e9veloppement durable du territoire de la Polyn\u00e9sie fran\u00e7aise, mettant en valeur sa culture, son patrimoine et sa biodiversit\u00e9, et r\u00e9pondant aux grands d\u00e9fis qui confrontent les soci\u00e9t\u00e9s insulaires&hellip; Continue reading Politique de recherche","og_url":"https:\/\/recherche.upf.pf\/fr\/politique-de-recherche\/","og_site_name":"Recherche UPF","article_publisher":"https:\/\/www.facebook.com\/univpf","article_modified_time":"2022-08-08T20:32:36+00:00","twitter_card":"summary_large_image","twitter_site":"@univpf","twitter_misc":{"Est. reading time":"2 minutes","Written by":"presta"},"schema":{"@context":"https:\/\/schema.org","@graph":[{"@type":"WebPage","@id":"https:\/\/recherche.upf.pf\/fr\/politique-de-recherche\/","url":"https:\/\/recherche.upf.pf\/fr\/politique-de-recherche\/","name":"Politique de recherche &#8226; Recherche UPF","isPartOf":{"@id":"https:\/\/recherche.upf.pf\/fr\/#website"},"datePublished":"2022-07-22T21:22:41+00:00","dateModified":"2022-08-08T20:32:36+00:00","breadcrumb":{"@id":"https:\/\/recherche.upf.pf\/fr\/politique-de-recherche\/#breadcrumb"},"inLanguage":"en-US","potentialAction":[{"@type":"ReadAction","target":["https:\/\/recherche.upf.pf\/fr\/politique-de-recherche\/"]}]},{"@type":"BreadcrumbList","@id":"https:\/\/recherche.upf.pf\/fr\/politique-de-recherche\/#breadcrumb","itemListElement":[{"@type":"ListItem","position":1,"name":"Accueil","item":"https:\/\/recherche.upf.pf\/"},{"@type":"ListItem","position":2,"name":"Politique de recherche"}]},{"@type":"WebSite","@id":"https:\/\/recherche.upf.pf\/fr\/#website","url":"https:\/\/recherche.upf.pf\/fr\/","name":"Recherche - Universit\u00e9 de la Polyn\u00e9sie Fran\u00e7aise","description":"University of French Polynesia","publisher":{"@id":"https:\/\/recherche.upf.pf\/fr\/#organization"},"alternateName":"Recherche UPF","potentialAction":[{"@type":"SearchAction","target":{"@type":"EntryPoint","urlTemplate":"https:\/\/recherche.upf.pf\/fr\/?s={search_term_string}"},"query-input":{"@type":"PropertyValueSpecification","valueRequired":true,"valueName":"search_term_string"}}],"inLanguage":"en-US"},{"@type":"Organization","@id":"https:\/\/recherche.upf.pf\/fr\/#organization","name":"Universit\u00e9 de la Polyn\u00e9sie Fran\u00e7aise","url":"https:\/\/recherche.upf.pf\/fr\/","logo":{"@type":"ImageObject","inLanguage":"en-US","@id":"https:\/\/recherche.upf.pf\/fr\/#\/schema\/logo\/image\/","url":"https:\/\/recherche.upf.pf\/wp-content\/uploads\/2021\/02\/Logo-UPF.png","contentUrl":"https:\/\/recherche.upf.pf\/wp-content\/uploads\/2021\/02\/Logo-UPF.png","width":2132,"height":968,"caption":"Universit\u00e9 de la Polyn\u00e9sie Fran\u00e7aise"},"image":{"@id":"https:\/\/recherche.upf.pf\/fr\/#\/schema\/logo\/image\/"},"sameAs":["https:\/\/www.facebook.com\/univpf","https:\/\/x.com\/univpf","https:\/\/www.instagram.com\/univpf\/","https:\/\/www.linkedin.com\/school\/universit\u00e9-de-la-polyn\u00e9sie-fran\u00e7aise\/","https:\/\/www.youtube.com\/channel\/UC535-cUv9j7pnLabFCFc17g","https:\/\/fr.wikipedia.org\/wiki\/Universit\u00e9_de_la_Polyn\u00e9sie_fran\u00e7aise"]}]}},"jetpack_shortlink":"https:\/\/wp.me\/Pd7hzg-Zg","jetpack_sharing_enabled":true,"_links":{"self":[{"href":"https:\/\/recherche.upf.pf\/en\/wp-json\/wp\/v2\/pages\/3798","targetHints":{"allow":["GET"]}}],"collection":[{"href":"https:\/\/recherche.upf.pf\/en\/wp-json\/wp\/v2\/pages"}],"about":[{"href":"https:\/\/recherche.upf.pf\/en\/wp-json\/wp\/v2\/types\/page"}],"author":[{"embeddable":true,"href":"https:\/\/recherche.upf.pf\/en\/wp-json\/wp\/v2\/users\/118"}],"replies":[{"embeddable":true,"href":"https:\/\/recherche.upf.pf\/en\/wp-json\/wp\/v2\/comments?post=3798"}],"version-history":[{"count":3,"href":"https:\/\/recherche.upf.pf\/en\/wp-json\/wp\/v2\/pages\/3798\/revisions"}],"predecessor-version":[{"id":3853,"href":"https:\/\/recherche.upf.pf\/en\/wp-json\/wp\/v2\/pages\/3798\/revisions\/3853"}],"wp:attachment":[{"href":"https:\/\/recherche.upf.pf\/en\/wp-json\/wp\/v2\/media?parent=3798"}],"wp:term":[{"taxonomy":"author","embeddable":true,"href":"https:\/\/recherche.upf.pf\/en\/wp-json\/wp\/v2\/coauthors?post=3798"}],"curies":[{"name":"wp","href":"https:\/\/api.w.org\/{rel}","templated":true}]}}