{"id":1671,"date":"2021-09-16T09:04:23","date_gmt":"2021-09-16T19:04:23","guid":{"rendered":"https:\/\/recherche.upf.pf\/?page_id=1671"},"modified":"2022-07-05T13:43:36","modified_gmt":"2022-07-05T23:43:36","slug":"emeritat","status":"publish","type":"page","link":"https:\/\/recherche.upf.pf\/en\/emeritat\/","title":{"rendered":"\u00c9m\u00e9ritat"},"content":{"rendered":"<p class=\"qtranxs-available-languages-message qtranxs-available-languages-message-en\">Sorry, this entry is only available in <a href=\"https:\/\/recherche.upf.pf\/fr\/wp-json\/wp\/v2\/pages\/1671\" class=\"qtranxs-available-language-link qtranxs-available-language-link-fr\" title=\"Fran\u00e7ais\">Fran\u00e7ais<\/a>.<\/p><p><em>Mis \u00e0 jour le 05 juillet 2022<\/em><\/p>\n\n\n\n<p>Suite au d\u00e9cret n\u00b02021-1423 du 29 octobre 2021, une r\u00e9vision de la d\u00e9lib\u00e9ration est en cours.<\/p>\n\n\n\n<p>\u00c0 ce jour, la pr\u00e9sente d\u00e9lib\u00e9ration CR-2017\/03 demeure applicable.<\/p>\n\n\n\n<div data-wp-interactive=\"core\/file\" class=\"wp-block-file\"><object data-wp-bind--hidden=\"!state.hasPdfPreview\" hidden class=\"wp-block-file__embed\" data=\"https:\/\/recherche.upf.pf\/wp-content\/uploads\/2022\/07\/Delib_CR_7_juin_2017-Emeritat.pdf\" type=\"application\/pdf\" style=\"width:100%;height:600px\" aria-label=\"Embed of Contenu embarqu\u00e9 Delib_CR_7_juin_2017-Emeritat..\"><\/object><a id=\"wp-block-file--media-dc052bf2-b286-4b37-82bb-5b4eb42f63f7\" href=\"https:\/\/recherche.upf.pf\/wp-content\/uploads\/2022\/07\/Delib_CR_7_juin_2017-Emeritat.pdf\">Delib_CR_7_juin_2017-Emeritat<\/a><a href=\"https:\/\/recherche.upf.pf\/wp-content\/uploads\/2022\/07\/Delib_CR_7_juin_2017-Emeritat.pdf\" class=\"wp-block-file__button\" download aria-describedby=\"wp-block-file--media-dc052bf2-b286-4b37-82bb-5b4eb42f63f7\">T\u00e9l\u00e9charger<\/a><\/div>","protected":false},"excerpt":{"rendered":"<p>Sorry, this entry is only available in Fran\u00e7ais. Mis \u00e0 jour le 05 juillet 2022 Suite au d\u00e9cret n\u00b02021-1423 du 29 octobre 2021, une r\u00e9vision de la d\u00e9lib\u00e9ration est en cours. \u00c0 ce jour, la pr\u00e9sente d\u00e9lib\u00e9ration CR-2017\/03 demeure applicable.<\/p>\n","protected":false},"author":1,"featured_media":0,"parent":0,"menu_order":0,"comment_status":"closed","ping_status":"closed","template":"","meta":{"_acf_changed":false,"_relevanssi_hide_post":"","_relevanssi_hide_content":"","_relevanssi_pin_for_all":"","_relevanssi_pin_keywords":"","_relevanssi_unpin_keywords":"","_relevanssi_related_keywords":"","_relevanssi_related_include_ids":"","_relevanssi_related_exclude_ids":"","_relevanssi_related_no_append":"","_relevanssi_related_not_related":"","_relevanssi_related_posts":"1","_relevanssi_noindex_reason":"","footnotes":""},"coauthors":[],"class_list":["post-1671","page","type-page","status-publish","hentry","entry"],"acf":[],"yoast_head":"<!-- This site is optimized with the Yoast SEO plugin v27.3 - https:\/\/yoast.com\/product\/yoast-seo-wordpress\/ -->\n<title>\u00c9m\u00e9ritat &#8226; Recherche UPF<\/title>\n<meta name=\"description\" content=\"Proc\u00e9dure \u00c9m\u00e9ritat de l&#039;Universit\u00e9 de la Polyn\u00e9sie fran\u00e7aise.\" \/>\n<meta name=\"robots\" content=\"index, follow, max-snippet:-1, max-image-preview:large, max-video-preview:-1\" \/>\n<link rel=\"canonical\" href=\"https:\/\/recherche.upf.pf\/en\/emeritat\/\" \/>\n<meta property=\"og:locale\" content=\"en_US\" \/>\n<meta property=\"og:type\" content=\"article\" \/>\n<meta property=\"og:title\" content=\"\u00c9m\u00e9ritat &#8226; Recherche UPF\" \/>\n<meta property=\"og:description\" content=\"Proc\u00e9dure \u00c9m\u00e9ritat de l&#039;Universit\u00e9 de la Polyn\u00e9sie fran\u00e7aise.\" \/>\n<meta property=\"og:url\" content=\"https:\/\/recherche.upf.pf\/fr\/emeritat\/\" \/>\n<meta property=\"og:site_name\" content=\"Recherche UPF\" \/>\n<meta property=\"article:publisher\" content=\"https:\/\/www.facebook.com\/univpf\" \/>\n<meta property=\"article:modified_time\" content=\"2022-07-05T23:43:36+00:00\" \/>\n<meta name=\"twitter:card\" content=\"summary_large_image\" \/>\n<meta name=\"twitter:site\" content=\"@univpf\" \/>\n<meta name=\"twitter:label1\" content=\"Est. reading time\" \/>\n\t<meta name=\"twitter:data1\" content=\"1 minute\" \/>\n\t<meta name=\"twitter:label2\" content=\"Written by\" \/>\n\t<meta name=\"twitter:data2\" content=\"Marcio Marim\" \/>\n<script type=\"application\/ld+json\" class=\"yoast-schema-graph\">{\"@context\":\"https:\\\/\\\/schema.org\",\"@graph\":[{\"@type\":\"WebPage\",\"@id\":\"https:\\\/\\\/recherche.upf.pf\\\/fr\\\/emeritat\\\/\",\"url\":\"https:\\\/\\\/recherche.upf.pf\\\/fr\\\/emeritat\\\/\",\"name\":\"\u00c9m\u00e9ritat &#8226; Recherche UPF\",\"isPartOf\":{\"@id\":\"https:\\\/\\\/recherche.upf.pf\\\/fr\\\/#website\"},\"datePublished\":\"2021-09-16T19:04:23+00:00\",\"dateModified\":\"2022-07-05T23:43:36+00:00\",\"description\":\"Proc\u00e9dure \u00c9m\u00e9ritat de l'Universit\u00e9 de la Polyn\u00e9sie fran\u00e7aise.\",\"breadcrumb\":{\"@id\":\"https:\\\/\\\/recherche.upf.pf\\\/fr\\\/emeritat\\\/#breadcrumb\"},\"inLanguage\":\"en-US\",\"potentialAction\":[{\"@type\":\"ReadAction\",\"target\":[\"https:\\\/\\\/recherche.upf.pf\\\/fr\\\/emeritat\\\/\"]}]},{\"@type\":\"BreadcrumbList\",\"@id\":\"https:\\\/\\\/recherche.upf.pf\\\/fr\\\/emeritat\\\/#breadcrumb\",\"itemListElement\":[{\"@type\":\"ListItem\",\"position\":1,\"name\":\"Accueil\",\"item\":\"https:\\\/\\\/recherche.upf.pf\\\/\"},{\"@type\":\"ListItem\",\"position\":2,\"name\":\"\u00c9m\u00e9ritat\"}]},{\"@type\":\"WebSite\",\"@id\":\"https:\\\/\\\/recherche.upf.pf\\\/fr\\\/#website\",\"url\":\"https:\\\/\\\/recherche.upf.pf\\\/fr\\\/\",\"name\":\"Recherche - Universit\u00e9 de la Polyn\u00e9sie Fran\u00e7aise\",\"description\":\"University of French Polynesia\",\"publisher\":{\"@id\":\"https:\\\/\\\/recherche.upf.pf\\\/fr\\\/#organization\"},\"alternateName\":\"Recherche UPF\",\"potentialAction\":[{\"@type\":\"SearchAction\",\"target\":{\"@type\":\"EntryPoint\",\"urlTemplate\":\"https:\\\/\\\/recherche.upf.pf\\\/fr\\\/?s={search_term_string}\"},\"query-input\":{\"@type\":\"PropertyValueSpecification\",\"valueRequired\":true,\"valueName\":\"search_term_string\"}}],\"inLanguage\":\"en-US\"},{\"@type\":\"Organization\",\"@id\":\"https:\\\/\\\/recherche.upf.pf\\\/fr\\\/#organization\",\"name\":\"Universit\u00e9 de la Polyn\u00e9sie Fran\u00e7aise\",\"url\":\"https:\\\/\\\/recherche.upf.pf\\\/fr\\\/\",\"logo\":{\"@type\":\"ImageObject\",\"inLanguage\":\"en-US\",\"@id\":\"https:\\\/\\\/recherche.upf.pf\\\/fr\\\/#\\\/schema\\\/logo\\\/image\\\/\",\"url\":\"https:\\\/\\\/recherche.upf.pf\\\/wp-content\\\/uploads\\\/2021\\\/02\\\/Logo-UPF.png\",\"contentUrl\":\"https:\\\/\\\/recherche.upf.pf\\\/wp-content\\\/uploads\\\/2021\\\/02\\\/Logo-UPF.png\",\"width\":2132,\"height\":968,\"caption\":\"Universit\u00e9 de la Polyn\u00e9sie Fran\u00e7aise\"},\"image\":{\"@id\":\"https:\\\/\\\/recherche.upf.pf\\\/fr\\\/#\\\/schema\\\/logo\\\/image\\\/\"},\"sameAs\":[\"https:\\\/\\\/www.facebook.com\\\/univpf\",\"https:\\\/\\\/x.com\\\/univpf\",\"https:\\\/\\\/www.instagram.com\\\/univpf\\\/\",\"https:\\\/\\\/www.linkedin.com\\\/school\\\/universit\u00e9-de-la-polyn\u00e9sie-fran\u00e7aise\\\/\",\"https:\\\/\\\/www.youtube.com\\\/channel\\\/UC535-cUv9j7pnLabFCFc17g\",\"https:\\\/\\\/fr.wikipedia.org\\\/wiki\\\/Universit\u00e9_de_la_Polyn\u00e9sie_fran\u00e7aise\"]}]}<\/script>\n<!-- \/ Yoast SEO plugin. -->","yoast_head_json":{"title":"\u00c9m\u00e9ritat &#8226; Recherche UPF","description":"Proc\u00e9dure \u00c9m\u00e9ritat de l'Universit\u00e9 de la Polyn\u00e9sie fran\u00e7aise.","robots":{"index":"index","follow":"follow","max-snippet":"max-snippet:-1","max-image-preview":"max-image-preview:large","max-video-preview":"max-video-preview:-1"},"canonical":"https:\/\/recherche.upf.pf\/en\/emeritat\/","og_locale":"en_US","og_type":"article","og_title":"\u00c9m\u00e9ritat &#8226; Recherche UPF","og_description":"Proc\u00e9dure \u00c9m\u00e9ritat de l'Universit\u00e9 de la Polyn\u00e9sie fran\u00e7aise.","og_url":"https:\/\/recherche.upf.pf\/fr\/emeritat\/","og_site_name":"Recherche UPF","article_publisher":"https:\/\/www.facebook.com\/univpf","article_modified_time":"2022-07-05T23:43:36+00:00","twitter_card":"summary_large_image","twitter_site":"@univpf","twitter_misc":{"Est. reading time":"1 minute","Written by":"Marcio Marim"},"schema":{"@context":"https:\/\/schema.org","@graph":[{"@type":"WebPage","@id":"https:\/\/recherche.upf.pf\/fr\/emeritat\/","url":"https:\/\/recherche.upf.pf\/fr\/emeritat\/","name":"\u00c9m\u00e9ritat &#8226; Recherche UPF","isPartOf":{"@id":"https:\/\/recherche.upf.pf\/fr\/#website"},"datePublished":"2021-09-16T19:04:23+00:00","dateModified":"2022-07-05T23:43:36+00:00","description":"Proc\u00e9dure \u00c9m\u00e9ritat de l'Universit\u00e9 de la Polyn\u00e9sie fran\u00e7aise.","breadcrumb":{"@id":"https:\/\/recherche.upf.pf\/fr\/emeritat\/#breadcrumb"},"inLanguage":"en-US","potentialAction":[{"@type":"ReadAction","target":["https:\/\/recherche.upf.pf\/fr\/emeritat\/"]}]},{"@type":"BreadcrumbList","@id":"https:\/\/recherche.upf.pf\/fr\/emeritat\/#breadcrumb","itemListElement":[{"@type":"ListItem","position":1,"name":"Accueil","item":"https:\/\/recherche.upf.pf\/"},{"@type":"ListItem","position":2,"name":"\u00c9m\u00e9ritat"}]},{"@type":"WebSite","@id":"https:\/\/recherche.upf.pf\/fr\/#website","url":"https:\/\/recherche.upf.pf\/fr\/","name":"Recherche - Universit\u00e9 de la Polyn\u00e9sie Fran\u00e7aise","description":"University of French Polynesia","publisher":{"@id":"https:\/\/recherche.upf.pf\/fr\/#organization"},"alternateName":"Recherche UPF","potentialAction":[{"@type":"SearchAction","target":{"@type":"EntryPoint","urlTemplate":"https:\/\/recherche.upf.pf\/fr\/?s={search_term_string}"},"query-input":{"@type":"PropertyValueSpecification","valueRequired":true,"valueName":"search_term_string"}}],"inLanguage":"en-US"},{"@type":"Organization","@id":"https:\/\/recherche.upf.pf\/fr\/#organization","name":"Universit\u00e9 de la Polyn\u00e9sie Fran\u00e7aise","url":"https:\/\/recherche.upf.pf\/fr\/","logo":{"@type":"ImageObject","inLanguage":"en-US","@id":"https:\/\/recherche.upf.pf\/fr\/#\/schema\/logo\/image\/","url":"https:\/\/recherche.upf.pf\/wp-content\/uploads\/2021\/02\/Logo-UPF.png","contentUrl":"https:\/\/recherche.upf.pf\/wp-content\/uploads\/2021\/02\/Logo-UPF.png","width":2132,"height":968,"caption":"Universit\u00e9 de la Polyn\u00e9sie Fran\u00e7aise"},"image":{"@id":"https:\/\/recherche.upf.pf\/fr\/#\/schema\/logo\/image\/"},"sameAs":["https:\/\/www.facebook.com\/univpf","https:\/\/x.com\/univpf","https:\/\/www.instagram.com\/univpf\/","https:\/\/www.linkedin.com\/school\/universit\u00e9-de-la-polyn\u00e9sie-fran\u00e7aise\/","https:\/\/www.youtube.com\/channel\/UC535-cUv9j7pnLabFCFc17g","https:\/\/fr.wikipedia.org\/wiki\/Universit\u00e9_de_la_Polyn\u00e9sie_fran\u00e7aise"]}]}},"jetpack_shortlink":"https:\/\/wp.me\/Pd7hzg-qX","jetpack_sharing_enabled":true,"_links":{"self":[{"href":"https:\/\/recherche.upf.pf\/en\/wp-json\/wp\/v2\/pages\/1671","targetHints":{"allow":["GET"]}}],"collection":[{"href":"https:\/\/recherche.upf.pf\/en\/wp-json\/wp\/v2\/pages"}],"about":[{"href":"https:\/\/recherche.upf.pf\/en\/wp-json\/wp\/v2\/types\/page"}],"author":[{"embeddable":true,"href":"https:\/\/recherche.upf.pf\/en\/wp-json\/wp\/v2\/users\/1"}],"replies":[{"embeddable":true,"href":"https:\/\/recherche.upf.pf\/en\/wp-json\/wp\/v2\/comments?post=1671"}],"version-history":[{"count":3,"href":"https:\/\/recherche.upf.pf\/en\/wp-json\/wp\/v2\/pages\/1671\/revisions"}],"predecessor-version":[{"id":3316,"href":"https:\/\/recherche.upf.pf\/en\/wp-json\/wp\/v2\/pages\/1671\/revisions\/3316"}],"wp:attachment":[{"href":"https:\/\/recherche.upf.pf\/en\/wp-json\/wp\/v2\/media?parent=1671"}],"wp:term":[{"taxonomy":"author","embeddable":true,"href":"https:\/\/recherche.upf.pf\/en\/wp-json\/wp\/v2\/coauthors?post=1671"}],"curies":[{"name":"wp","href":"https:\/\/api.w.org\/{rel}","templated":true}]}}