{"id":1662,"date":"2021-09-15T10:48:21","date_gmt":"2021-09-15T20:48:21","guid":{"rendered":"https:\/\/recherche.upf.pf\/?page_id=1662"},"modified":"2026-03-16T13:55:22","modified_gmt":"2026-03-16T23:55:22","slug":"futur-doctorant","status":"publish","type":"page","link":"https:\/\/recherche.upf.pf\/en\/futur-doctorant\/","title":{"rendered":"Futur Doctorant"},"content":{"rendered":"<p class=\"qtranxs-available-languages-message qtranxs-available-languages-message-en\">Sorry, this entry is only available in <a href=\"https:\/\/recherche.upf.pf\/fr\/wp-json\/wp\/v2\/pages\/1662\" class=\"qtranxs-available-language-link qtranxs-available-language-link-fr\" title=\"Fran\u00e7ais\">Fran\u00e7ais<\/a>.<\/p><h2 class=\"wp-block-heading section\">Inscription Doctorat <\/h2>\n\n\n\n<ul class=\"wp-block-list\">\n<li>Date d\u2019ouverture&nbsp;:&nbsp;<strong>&#8230;&#8230;&#8230;&#8230;&#8230;&#8230;&#8230;&#8230;&#8230;&#8230;&#8230;&#8230;&#8230;&#8230;&#8230;&#8230;.<\/strong><\/li>\n\n\n\n<li>Date de cl\u00f4ture des candidatures en 1 er ann\u00e9e :&nbsp;<strong>&#8230;&#8230;&#8230;&#8230;&#8230;&#8230;&#8230;&#8230;&#8230;&#8230;&#8230;&#8230;&#8230;&#8230;&#8230;&#8230;&#8230;&#8230;&#8230;&#8230;&#8230;&#8230;&#8230;<\/strong><\/li>\n\n\n\n<li>Date de cl\u00f4ture des inscriptions en 1 er ann\u00e9e : <strong>&#8230;&#8230;&#8230;&#8230;&#8230;&#8230;&#8230;&#8230;&#8230;&#8230;&#8230;&#8230;&#8230;&#8230;&#8230;&#8230;&#8230;&#8230;&#8230;&#8230;&#8230;&#8230;&#8230;&#8230;.<\/strong><\/li>\n<\/ul>\n\n\n\n<p>Le projet de doctorat \u00e0 l\u2019UPF ne prend forme qu\u2019\u00e0 partir du moment o\u00f9 l\u2019inscription administrative est finalis\u00e9e. <\/p>\n\n\n\n<p>Les futurs doctorants doivent envoyer leur dossier complet au secr\u00e9tariat de l\u2019\u00c9cole doctorale du Pacifique (EDP) par mail <strong><a href=\"mailto:ecole-doctorale@upf.pf\" target=\"_blank\" rel=\"noreferrer noopener\">ecole-doctorale@upf.pf<\/a><\/strong> . Une fois les autorisations du directeur de l&#8217;EDP et du pr\u00e9sident de l\u2019UPF relatives \u00e0 la premi\u00e8re inscription obtenues, le secr\u00e9tariat de l\u2019EDP vous contactera afin de finaliser l\u2019inscription administrative.<\/p>\n\n\n\n<p>Renseignements par t\u00e9l\u00e9phone au&nbsp;<strong>40 803 923<\/strong>&nbsp;(uniquement le matin). <\/p>\n\n\n\n<hr class=\"wp-block-separator has-alpha-channel-opacity\"\/>\n\n\n\n<p>L\u2019EDP s\u2019appuie sur l\u2019ensemble des enseignants-chercheurs et chercheurs implant\u00e9s localement et habilit\u00e9s \u00e0 diriger des recherches.<br>Conform\u00e9ment aux dispositions r\u00e9glementaires en vigueur, l\u2019UPF ne d\u00e9livre de dipl\u00f4me de doctorat que dans les domaines de comp\u00e9tences des laboratoires de recherche auxquels elle est adoss\u00e9e <a href=\"https:\/\/recherche.upf.pf\/fr\/laboratoires\/\">structures de recherche de l\u2019UPF<\/a><\/p>\n\n\n\n<hr class=\"wp-block-separator has-alpha-channel-opacity\"\/>\n\n\n\n<p>Documents t\u00e9l\u00e9chargeables &#8211; 1 \u00e8re inscription \u00e0 l&#8217;EDP ci-apr\u00e8s&nbsp;:<\/p>\n\n\n\n<ul class=\"wp-block-list\">\n<li><a href=\"https:\/\/recherche.upf.pf\/wp-content\/uploads\/2025\/07\/Procedure_Inscription-1ere-annee_2025-2026-1.pdf\" target=\"_blank\" rel=\"noreferrer noopener\">Notice explicative &#8211; proc\u00e9dure d&#8217;inscription EDP<\/a><\/li>\n\n\n\n<li><a href=\"https:\/\/recherche.upf.pf\/wp-content\/uploads\/2025\/07\/1-Autorisation_1ere-inscription_EDP-UPF_2025-2026-1.docx\" target=\"_blank\" rel=\"noreferrer noopener\">Autorisation inscription EDP 2025\/2026<\/a><\/li>\n\n\n\n<li><a href=\"https:\/\/recherche.upf.pf\/wp-content\/uploads\/2025\/06\/2-Charte-theses_EDP-UPF.pdf\" target=\"_blank\" rel=\"noreferrer noopener\">Charte des th\u00e8ses EDP<\/a><\/li>\n\n\n\n<li><a href=\"https:\/\/recherche.upf.pf\/wp-content\/uploads\/2025\/07\/3-Convention_formation_EDP-UPF_2025-2026-1.docx\" target=\"_blank\" rel=\"noreferrer noopener\">Convention de formation EDP<\/a><\/li>\n\n\n\n<li><a href=\"https:\/\/recherche.upf.pf\/wp-content\/uploads\/2025\/08\/4-Formulaire-STEP_1ere-annee_2025-2026.docx\" target=\"_blank\" rel=\"noreferrer noopener\">Formulaire de d\u00e9claration initiale STEP<\/a><\/li>\n<\/ul>\n\n\n\n<p><\/p>\n\n\n\n<h2 class=\"wp-block-heading section\">Financements d&#8217;une th\u00e8se<\/h2>\n\n\n\n<p>Les modalit\u00e9s de financement d\u2019une th\u00e8se sont extr\u00eamement vari\u00e9es.<\/p>\n\n\n\n<p>Par financement, on entend en premier lieu le financement du doctorant pendant les trois ann\u00e9es de son parcours, mais aussi le financement des moyens requis par ses travaux de recherche.<\/p>\n\n\n\n<p>S\u2019agissant du financement des doctorants, les sources de financement pratiqu\u00e9es sont multiples (la liste suivante ne pr\u00e9tend pas \u00e0 l\u2019exhaustivit\u00e9) :<\/p>\n\n\n\n<h3 class=\"wp-block-heading\">a. Le contrat doctoral<\/h3>\n\n\n\n<p>Chaque ann\u00e9e, l\u2019\u00e9cole doctorale du Pacifique propose au minimum 3 bourses doctorales (contrats doctoraux), permettant aux doctorants choisissant les sujets propos\u00e9s d\u2019\u00eatre financ\u00e9s par l\u2019UPF durant leurs travaux de recherche.<\/p>\n\n\n\n<p>Pour les personnes int\u00e9ress\u00e9es, vous pouvez t\u00e9l\u00e9charger <a href=\"https:\/\/recherche.upf.pf\/wp-content\/uploads\/2026\/02\/AAP-ContratDoctoral-2025_ATTRIBUTION.pdf\">la proc\u00e9dure &#8220;Attribution Contrat Doctoral \u00e0 l&#8217;UPF&#8221;<\/a> et<a href=\"https:\/\/recherche.upf.pf\/wp-content\/uploads\/2026\/02\/Formulaire_AAP-contrat-doctoral_UPF_2026.docx\"> le formulaire de proposition d&#8217;un sujet de recherche<\/a>, et renvoyer \u00e0 <a href=\"mailto:ecole-doctorale@upf.pf\" target=\"_blank\" rel=\"noreferrer noopener\">ecole-doctorale@upf.pf<\/a> avant le <strong>lundi 30 mars 2025 \u00e0 12H.<\/strong><br><br>Le contrat doctoral constitue un&nbsp;<strong>contrat \u00e0 dur\u00e9e d\u00e9termin\u00e9e<\/strong>&nbsp;pass\u00e9 entre l\u2019\u00c9tat et un doctorant afin de lui permettre de se consacrer pleinement et exclusivement \u00e0 ses travaux de recherche pour la pr\u00e9paration de sa th\u00e8se.<\/p>\n\n\n\n<p>Sa dur\u00e9e est de&nbsp;<strong>trois&nbsp;<\/strong>ans. Les doctorants contractuels peuvent accomplir des&nbsp;<strong>missions suppl\u00e9mentaires<\/strong>&nbsp;d\u00e9finies par l\u2019arr\u00eat\u00e9 du 29 ao\u00fbt 2016, par exemple des&nbsp;<strong>missions d\u2019enseignement<\/strong>. Le b\u00e9n\u00e9ficiaire d\u2019un contrat doctoral est salari\u00e9 de l\u2019universit\u00e9.<\/p>\n\n\n\n<h4 class=\"wp-block-heading\">Proc\u00e9dure<\/h4>\n\n\n\n<p>El\u00e9ments du dossier \u00e0 transmettre au laboratoire concern\u00e9 :<\/p>\n\n\n\n<ul class=\"wp-block-list\">\n<li>Lettre de motivation,<\/li>\n\n\n\n<li>Curriculum vitae,<\/li>\n\n\n\n<li>R\u00e9sultat et attestation de r\u00e9ussite du Mast\u00e8re 1 ou dipl\u00f4me \u00e9quivalent,<\/li>\n\n\n\n<li>r\u00e9sultat UEs th\u00e9oriques du Mast\u00e8re 2 ou dipl\u00f4me \u00e9quivalent.<\/li>\n<\/ul>\n\n\n\n<h4 class=\"wp-block-heading\">Conditions<\/h4>\n\n\n\n<p>Le contrat doctoral est un&nbsp;<strong>contrat unique<\/strong>. Il apporte toutes les garanties sociales d\u2019un vrai contrat de travail, conforme au droit public. De plus, l\u2019employeur s\u2019engage \u00e0 apporter au doctorant contractuel l\u2019encadrement et les formations n\u00e9cessaires \u00e0 l\u2019accomplissement de ses missions ainsi qu\u2019\u00e0 assurer une pr\u00e9paration \u00e0 l\u2019insertion professionnelle.&nbsp;<\/p>\n\n\n\n<p>Textes de r\u00e9f\u00e9rence<\/p>\n\n\n\n<p>Les textes s\u2019appliquant aux doctorants contractuels&nbsp;:<\/p>\n\n\n\n<ul class=\"wp-block-list\">\n<li><a href=\"https:\/\/recherche.upf.pf\/wp-content\/uploads\/2022\/08\/drcret_n-2016-1173_du_29-08-2016_contrat_doctoral_-_ok.pdf\" target=\"_blank\" rel=\"noreferrer noopener\">D\u00e9cret n\u00b0 2016-1173 du 29 ao\u00fbt 2016 relatif aux doctorants contractuels<\/a>&nbsp;;<\/li>\n\n\n\n<li><a href=\"https:\/\/recherche.upf.pf\/wp-content\/uploads\/2022\/08\/arrete-remuneration-contrat-doctoral_du_29-08-16_-_ok.pdf\" target=\"_blank\" rel=\"noreferrer noopener\">Arr\u00eat\u00e9 du 29 ao\u00fbt 2016 fixant le montant de la r\u00e9mun\u00e9ration du doctorant contractuel<\/a>&nbsp;;<\/li>\n\n\n\n<li><a href=\"https:\/\/recherche.upf.pf\/wp-content\/uploads\/2022\/08\/circulaire_du_18-07-2016_contrat_doctoral_-_ok.pdf\" target=\"_blank\" rel=\"noreferrer noopener\">Circulaire du 18 juillet 2016 relative \u00e0 la r\u00e9forme du contrat doctoral<\/a>.<\/li>\n<\/ul>\n\n\n\n<h3 class=\"wp-block-heading\">2. La Convention Industrielle de Formation par la Recherche (CIFRE)<\/h3>\n\n\n\n<p>Les conventions CIFRE ont pour objet de&nbsp;<strong>financer les th\u00e8ses effectu\u00e9es dans une entreprise ou une administration publique<\/strong>&nbsp;(Collectivit\u00e9s Territoriales, Associations \u00e0 vocation sociale, ONG, Etablissements consulaires [Chambres de Commerce et d&#8217;Industrie, d&#8217;Agriculture, des M\u00e9tiers&#8230;]).<\/p>\n\n\n\n<p>La bourse CIFRE est cofinanc\u00e9e par l\u2019\u00c9tat et l\u2019entreprise. Le doctorant CIFRE est un doctorant salari\u00e9 sous contrat de droit priv\u00e9. Il signe un CDD de 3 ans maximum ou un CDI avec une entreprise de droit fran\u00e7ais. Il peut ainsi r\u00e9aliser sa th\u00e8se en entreprise en menant un programme de recherche en liaison avec une \u00e9quipe de recherche ext\u00e9rieure \u00e0 l\u2019entreprise puisque son temps est \u00e9galement divis\u00e9 entre les deux organismes.<\/p>\n\n\n\n<p>A noter qu\u2019il n\u2019y a pas de limite d\u2019\u00e2ge pour b\u00e9n\u00e9ficier du dispositif CIFRE mais le candidat doit \u00eatre titulaire d&#8217;un dipl\u00f4me de niveau Master r\u00e9cent (moins de 3 ans).<\/p>\n\n\n\n<p><a href=\"https:\/\/www.anrt.asso.fr\/fr\/accueil-cifre\" target=\"_blank\" rel=\"noreferrer noopener\">En savoir +<\/a><\/p>\n\n\n\n<h3 class=\"wp-block-heading\">3. Autres types de financement<\/h3>\n\n\n\n<p>Outre les contrats doctoraux et le dispositif CIFRE, diverses sources de financement sont envisageables.<\/p>\n\n\n\n<p>Un laboratoire peut financer un doctorant sur le budget d\u2019un&nbsp;<strong>projet de recherche<\/strong>&nbsp;(ex : ANR&#8230;).<\/p>\n\n\n\n<p>Enfin, il existe d&#8217;autres sources de financement des doctorats qui \u00e9manent des organismes de recherche, des collectivit\u00e9s territoriales (particuli\u00e8rement des r\u00e9gions), des fondations, des associations susceptibles de financer les recherches des doctorants qui ne doivent pas \u00eatre n\u00e9glig\u00e9es.&nbsp;<\/p>\n\n\n\n<p>Contactez l&#8217;Ecole Doctorole pour plus d&#8217;informations.<\/p>\n\n\n\n<h2 class=\"wp-block-heading section\">Annexes pour information<\/h2>\n\n\n\n<ul class=\"wp-block-list\">\n<li><a href=\"https:\/\/www.legifrance.gouv.fr\/loda\/id\/JORFTEXT000032587086\/\" target=\"_blank\" rel=\"noreferrer noopener\">Arr\u00eat\u00e9 du 25 mai 2016 fixant le cadre national de la formation doctorale<\/a><\/li>\n\n\n\n<li><a href=\"https:\/\/recherche.upf.pf\/wp-content\/uploads\/2026\/02\/CNU-Discipline.pdf\" target=\"_blank\" rel=\"noreferrer noopener\">Liste des sections CNU 2025<\/a><\/li>\n\n\n\n<li><a href=\"https:\/\/recherche.upf.pf\/wp-content\/uploads\/2026\/03\/Theses-soutenues-UPF-ED469.pdf\">Th\u00e8ses soutenues \u00e0 l&#8217;EDP depuis 2019<\/a><\/li>\n<\/ul>","protected":false},"excerpt":{"rendered":"<p>Sorry, this entry is only available in Fran\u00e7ais. Inscription Doctorat Le projet de doctorat \u00e0 l\u2019UPF ne prend forme qu\u2019\u00e0 partir du moment o\u00f9 l\u2019inscription administrative est finalis\u00e9e. Les futurs doctorants doivent envoyer leur dossier complet au secr\u00e9tariat de l\u2019\u00c9cole doctorale du Pacifique (EDP) par mail ecole-doctorale@upf.pf . Une fois les autorisations du directeur de&hellip; <a class=\"more-link\" href=\"https:\/\/recherche.upf.pf\/en\/futur-doctorant\/\">Continue reading <span class=\"screen-reader-text\">Futur Doctorant<\/span><\/a><\/p>\n","protected":false},"author":103,"featured_media":3653,"parent":0,"menu_order":0,"comment_status":"closed","ping_status":"closed","template":"pages\/page-ecole-doctorale.php","meta":{"_acf_changed":false,"_relevanssi_hide_post":"","_relevanssi_hide_content":"","_relevanssi_pin_for_all":"","_relevanssi_pin_keywords":"","_relevanssi_unpin_keywords":"","_relevanssi_related_keywords":"","_relevanssi_related_include_ids":"","_relevanssi_related_exclude_ids":"","_relevanssi_related_no_append":"","_relevanssi_related_not_related":"","_relevanssi_related_posts":"1","_relevanssi_noindex_reason":"","footnotes":""},"coauthors":[233],"class_list":["post-1662","page","type-page","status-publish","has-post-thumbnail","hentry","entry"],"acf":[],"yoast_head":"<!-- This site is optimized with the Yoast SEO plugin v27.3 - https:\/\/yoast.com\/product\/yoast-seo-wordpress\/ -->\n<title>Futur Doctorant &#8226; Recherche UPF<\/title>\n<meta name=\"robots\" content=\"index, follow, max-snippet:-1, max-image-preview:large, max-video-preview:-1\" \/>\n<link rel=\"canonical\" href=\"https:\/\/recherche.upf.pf\/en\/futur-doctorant\/\" \/>\n<meta property=\"og:locale\" content=\"en_US\" \/>\n<meta property=\"og:type\" content=\"article\" \/>\n<meta property=\"og:title\" content=\"Futur Doctorant &#8226; Recherche UPF\" \/>\n<meta property=\"og:description\" content=\"Sorry, this entry is only available in Fran\u00e7ais. Inscription Doctorat Le projet de doctorat \u00e0 l\u2019UPF ne prend forme qu\u2019\u00e0 partir du moment o\u00f9 l\u2019inscription administrative est finalis\u00e9e. Les futurs doctorants doivent envoyer leur dossier complet au secr\u00e9tariat de l\u2019\u00c9cole doctorale du Pacifique (EDP) par mail ecole-doctorale@upf.pf . Une fois les autorisations du directeur de&hellip; Continue reading Futur Doctorant\" \/>\n<meta property=\"og:url\" content=\"https:\/\/recherche.upf.pf\/futur-doctorant\/\" \/>\n<meta property=\"og:site_name\" content=\"Recherche UPF\" \/>\n<meta property=\"article:publisher\" content=\"https:\/\/www.facebook.com\/univpf\" \/>\n<meta property=\"article:modified_time\" content=\"2026-03-16T23:55:22+00:00\" \/>\n<meta property=\"og:image\" content=\"https:\/\/recherche.upf.pf\/wp-content\/uploads\/2021\/04\/240884130_10159196131256265_4188623766290616824_n-e1657673453535.jpg\" \/>\n\t<meta property=\"og:image:width\" content=\"1920\" \/>\n\t<meta property=\"og:image:height\" content=\"901\" \/>\n\t<meta property=\"og:image:type\" content=\"image\/jpeg\" \/>\n<meta name=\"twitter:card\" content=\"summary_large_image\" \/>\n<meta name=\"twitter:site\" content=\"@univpf\" \/>\n<meta name=\"twitter:label1\" content=\"Est. reading time\" \/>\n\t<meta name=\"twitter:data1\" content=\"1 minute\" \/>\n\t<meta name=\"twitter:label2\" content=\"Written by\" \/>\n\t<meta name=\"twitter:data2\" content=\"Christophe Uraeva\" \/>\n<script type=\"application\/ld+json\" class=\"yoast-schema-graph\">{\"@context\":\"https:\\\/\\\/schema.org\",\"@graph\":[{\"@type\":\"WebPage\",\"@id\":\"https:\\\/\\\/recherche.upf.pf\\\/futur-doctorant\\\/\",\"url\":\"https:\\\/\\\/recherche.upf.pf\\\/futur-doctorant\\\/\",\"name\":\"Futur Doctorant &#8226; Recherche UPF\",\"isPartOf\":{\"@id\":\"https:\\\/\\\/recherche.upf.pf\\\/fr\\\/#website\"},\"primaryImageOfPage\":{\"@id\":\"https:\\\/\\\/recherche.upf.pf\\\/futur-doctorant\\\/#primaryimage\"},\"image\":{\"@id\":\"https:\\\/\\\/recherche.upf.pf\\\/futur-doctorant\\\/#primaryimage\"},\"thumbnailUrl\":\"https:\\\/\\\/recherche.upf.pf\\\/wp-content\\\/uploads\\\/2021\\\/04\\\/240884130_10159196131256265_4188623766290616824_n-e1657673453535.jpg\",\"datePublished\":\"2021-09-15T20:48:21+00:00\",\"dateModified\":\"2026-03-16T23:55:22+00:00\",\"breadcrumb\":{\"@id\":\"https:\\\/\\\/recherche.upf.pf\\\/futur-doctorant\\\/#breadcrumb\"},\"inLanguage\":\"en-US\",\"potentialAction\":[{\"@type\":\"ReadAction\",\"target\":[\"https:\\\/\\\/recherche.upf.pf\\\/futur-doctorant\\\/\"]}]},{\"@type\":\"ImageObject\",\"inLanguage\":\"en-US\",\"@id\":\"https:\\\/\\\/recherche.upf.pf\\\/futur-doctorant\\\/#primaryimage\",\"url\":\"https:\\\/\\\/recherche.upf.pf\\\/wp-content\\\/uploads\\\/2021\\\/04\\\/240884130_10159196131256265_4188623766290616824_n-e1657673453535.jpg\",\"contentUrl\":\"https:\\\/\\\/recherche.upf.pf\\\/wp-content\\\/uploads\\\/2021\\\/04\\\/240884130_10159196131256265_4188623766290616824_n-e1657673453535.jpg\",\"width\":1920,\"height\":901},{\"@type\":\"BreadcrumbList\",\"@id\":\"https:\\\/\\\/recherche.upf.pf\\\/futur-doctorant\\\/#breadcrumb\",\"itemListElement\":[{\"@type\":\"ListItem\",\"position\":1,\"name\":\"Accueil\",\"item\":\"https:\\\/\\\/recherche.upf.pf\\\/\"},{\"@type\":\"ListItem\",\"position\":2,\"name\":\"Futur Doctorant\"}]},{\"@type\":\"WebSite\",\"@id\":\"https:\\\/\\\/recherche.upf.pf\\\/fr\\\/#website\",\"url\":\"https:\\\/\\\/recherche.upf.pf\\\/fr\\\/\",\"name\":\"Recherche - Universit\u00e9 de la Polyn\u00e9sie Fran\u00e7aise\",\"description\":\"University of French Polynesia\",\"publisher\":{\"@id\":\"https:\\\/\\\/recherche.upf.pf\\\/fr\\\/#organization\"},\"alternateName\":\"Recherche UPF\",\"potentialAction\":[{\"@type\":\"SearchAction\",\"target\":{\"@type\":\"EntryPoint\",\"urlTemplate\":\"https:\\\/\\\/recherche.upf.pf\\\/fr\\\/?s={search_term_string}\"},\"query-input\":{\"@type\":\"PropertyValueSpecification\",\"valueRequired\":true,\"valueName\":\"search_term_string\"}}],\"inLanguage\":\"en-US\"},{\"@type\":\"Organization\",\"@id\":\"https:\\\/\\\/recherche.upf.pf\\\/fr\\\/#organization\",\"name\":\"Universit\u00e9 de la Polyn\u00e9sie Fran\u00e7aise\",\"url\":\"https:\\\/\\\/recherche.upf.pf\\\/fr\\\/\",\"logo\":{\"@type\":\"ImageObject\",\"inLanguage\":\"en-US\",\"@id\":\"https:\\\/\\\/recherche.upf.pf\\\/fr\\\/#\\\/schema\\\/logo\\\/image\\\/\",\"url\":\"https:\\\/\\\/recherche.upf.pf\\\/wp-content\\\/uploads\\\/2021\\\/02\\\/Logo-UPF.png\",\"contentUrl\":\"https:\\\/\\\/recherche.upf.pf\\\/wp-content\\\/uploads\\\/2021\\\/02\\\/Logo-UPF.png\",\"width\":2132,\"height\":968,\"caption\":\"Universit\u00e9 de la Polyn\u00e9sie Fran\u00e7aise\"},\"image\":{\"@id\":\"https:\\\/\\\/recherche.upf.pf\\\/fr\\\/#\\\/schema\\\/logo\\\/image\\\/\"},\"sameAs\":[\"https:\\\/\\\/www.facebook.com\\\/univpf\",\"https:\\\/\\\/x.com\\\/univpf\",\"https:\\\/\\\/www.instagram.com\\\/univpf\\\/\",\"https:\\\/\\\/www.linkedin.com\\\/school\\\/universit\u00e9-de-la-polyn\u00e9sie-fran\u00e7aise\\\/\",\"https:\\\/\\\/www.youtube.com\\\/channel\\\/UC535-cUv9j7pnLabFCFc17g\",\"https:\\\/\\\/fr.wikipedia.org\\\/wiki\\\/Universit\u00e9_de_la_Polyn\u00e9sie_fran\u00e7aise\"]}]}<\/script>\n<!-- \/ Yoast SEO plugin. -->","yoast_head_json":{"title":"Futur Doctorant &#8226; Recherche UPF","robots":{"index":"index","follow":"follow","max-snippet":"max-snippet:-1","max-image-preview":"max-image-preview:large","max-video-preview":"max-video-preview:-1"},"canonical":"https:\/\/recherche.upf.pf\/en\/futur-doctorant\/","og_locale":"en_US","og_type":"article","og_title":"Futur Doctorant &#8226; Recherche UPF","og_description":"Sorry, this entry is only available in Fran\u00e7ais. Inscription Doctorat Le projet de doctorat \u00e0 l\u2019UPF ne prend forme qu\u2019\u00e0 partir du moment o\u00f9 l\u2019inscription administrative est finalis\u00e9e. Les futurs doctorants doivent envoyer leur dossier complet au secr\u00e9tariat de l\u2019\u00c9cole doctorale du Pacifique (EDP) par mail ecole-doctorale@upf.pf . Une fois les autorisations du directeur de&hellip; Continue reading Futur Doctorant","og_url":"https:\/\/recherche.upf.pf\/futur-doctorant\/","og_site_name":"Recherche UPF","article_publisher":"https:\/\/www.facebook.com\/univpf","article_modified_time":"2026-03-16T23:55:22+00:00","og_image":[{"width":1920,"height":901,"url":"https:\/\/recherche.upf.pf\/wp-content\/uploads\/2021\/04\/240884130_10159196131256265_4188623766290616824_n-e1657673453535.jpg","type":"image\/jpeg"}],"twitter_card":"summary_large_image","twitter_site":"@univpf","twitter_misc":{"Est. reading time":"1 minute","Written by":"Christophe Uraeva"},"schema":{"@context":"https:\/\/schema.org","@graph":[{"@type":"WebPage","@id":"https:\/\/recherche.upf.pf\/futur-doctorant\/","url":"https:\/\/recherche.upf.pf\/futur-doctorant\/","name":"Futur Doctorant &#8226; Recherche UPF","isPartOf":{"@id":"https:\/\/recherche.upf.pf\/fr\/#website"},"primaryImageOfPage":{"@id":"https:\/\/recherche.upf.pf\/futur-doctorant\/#primaryimage"},"image":{"@id":"https:\/\/recherche.upf.pf\/futur-doctorant\/#primaryimage"},"thumbnailUrl":"https:\/\/recherche.upf.pf\/wp-content\/uploads\/2021\/04\/240884130_10159196131256265_4188623766290616824_n-e1657673453535.jpg","datePublished":"2021-09-15T20:48:21+00:00","dateModified":"2026-03-16T23:55:22+00:00","breadcrumb":{"@id":"https:\/\/recherche.upf.pf\/futur-doctorant\/#breadcrumb"},"inLanguage":"en-US","potentialAction":[{"@type":"ReadAction","target":["https:\/\/recherche.upf.pf\/futur-doctorant\/"]}]},{"@type":"ImageObject","inLanguage":"en-US","@id":"https:\/\/recherche.upf.pf\/futur-doctorant\/#primaryimage","url":"https:\/\/recherche.upf.pf\/wp-content\/uploads\/2021\/04\/240884130_10159196131256265_4188623766290616824_n-e1657673453535.jpg","contentUrl":"https:\/\/recherche.upf.pf\/wp-content\/uploads\/2021\/04\/240884130_10159196131256265_4188623766290616824_n-e1657673453535.jpg","width":1920,"height":901},{"@type":"BreadcrumbList","@id":"https:\/\/recherche.upf.pf\/futur-doctorant\/#breadcrumb","itemListElement":[{"@type":"ListItem","position":1,"name":"Accueil","item":"https:\/\/recherche.upf.pf\/"},{"@type":"ListItem","position":2,"name":"Futur Doctorant"}]},{"@type":"WebSite","@id":"https:\/\/recherche.upf.pf\/fr\/#website","url":"https:\/\/recherche.upf.pf\/fr\/","name":"Recherche - Universit\u00e9 de la Polyn\u00e9sie Fran\u00e7aise","description":"University of French Polynesia","publisher":{"@id":"https:\/\/recherche.upf.pf\/fr\/#organization"},"alternateName":"Recherche UPF","potentialAction":[{"@type":"SearchAction","target":{"@type":"EntryPoint","urlTemplate":"https:\/\/recherche.upf.pf\/fr\/?s={search_term_string}"},"query-input":{"@type":"PropertyValueSpecification","valueRequired":true,"valueName":"search_term_string"}}],"inLanguage":"en-US"},{"@type":"Organization","@id":"https:\/\/recherche.upf.pf\/fr\/#organization","name":"Universit\u00e9 de la Polyn\u00e9sie Fran\u00e7aise","url":"https:\/\/recherche.upf.pf\/fr\/","logo":{"@type":"ImageObject","inLanguage":"en-US","@id":"https:\/\/recherche.upf.pf\/fr\/#\/schema\/logo\/image\/","url":"https:\/\/recherche.upf.pf\/wp-content\/uploads\/2021\/02\/Logo-UPF.png","contentUrl":"https:\/\/recherche.upf.pf\/wp-content\/uploads\/2021\/02\/Logo-UPF.png","width":2132,"height":968,"caption":"Universit\u00e9 de la Polyn\u00e9sie Fran\u00e7aise"},"image":{"@id":"https:\/\/recherche.upf.pf\/fr\/#\/schema\/logo\/image\/"},"sameAs":["https:\/\/www.facebook.com\/univpf","https:\/\/x.com\/univpf","https:\/\/www.instagram.com\/univpf\/","https:\/\/www.linkedin.com\/school\/universit\u00e9-de-la-polyn\u00e9sie-fran\u00e7aise\/","https:\/\/www.youtube.com\/channel\/UC535-cUv9j7pnLabFCFc17g","https:\/\/fr.wikipedia.org\/wiki\/Universit\u00e9_de_la_Polyn\u00e9sie_fran\u00e7aise"]}]}},"jetpack_shortlink":"https:\/\/wp.me\/Pd7hzg-qO","jetpack_sharing_enabled":true,"_links":{"self":[{"href":"https:\/\/recherche.upf.pf\/en\/wp-json\/wp\/v2\/pages\/1662","targetHints":{"allow":["GET"]}}],"collection":[{"href":"https:\/\/recherche.upf.pf\/en\/wp-json\/wp\/v2\/pages"}],"about":[{"href":"https:\/\/recherche.upf.pf\/en\/wp-json\/wp\/v2\/types\/page"}],"author":[{"embeddable":true,"href":"https:\/\/recherche.upf.pf\/en\/wp-json\/wp\/v2\/users\/103"}],"replies":[{"embeddable":true,"href":"https:\/\/recherche.upf.pf\/en\/wp-json\/wp\/v2\/comments?post=1662"}],"version-history":[{"count":10,"href":"https:\/\/recherche.upf.pf\/en\/wp-json\/wp\/v2\/pages\/1662\/revisions"}],"predecessor-version":[{"id":11565,"href":"https:\/\/recherche.upf.pf\/en\/wp-json\/wp\/v2\/pages\/1662\/revisions\/11565"}],"wp:featuredmedia":[{"embeddable":true,"href":"https:\/\/recherche.upf.pf\/en\/wp-json\/wp\/v2\/media\/3653"}],"wp:attachment":[{"href":"https:\/\/recherche.upf.pf\/en\/wp-json\/wp\/v2\/media?parent=1662"}],"wp:term":[{"taxonomy":"author","embeddable":true,"href":"https:\/\/recherche.upf.pf\/en\/wp-json\/wp\/v2\/coauthors?post=1662"}],"curies":[{"name":"wp","href":"https:\/\/api.w.org\/{rel}","templated":true}]}}