{"id":1626,"date":"2021-09-10T01:53:14","date_gmt":"2021-09-10T11:53:14","guid":{"rendered":"https:\/\/recherche.upf.pf\/?page_id=1626"},"modified":"2022-07-22T13:34:32","modified_gmt":"2022-07-22T23:34:32","slug":"mentions-legales","status":"publish","type":"page","link":"https:\/\/recherche.upf.pf\/en\/mentions-legales\/","title":{"rendered":"Legal Notice"},"content":{"rendered":"<p class=\"qtranxs-available-languages-message qtranxs-available-languages-message-en\">Sorry, this entry is only available in <a href=\"https:\/\/recherche.upf.pf\/fr\/wp-json\/wp\/v2\/pages\/1626\" class=\"qtranxs-available-language-link qtranxs-available-language-link-fr\" title=\"Fran\u00e7ais\">Fran\u00e7ais<\/a>.<\/p><h5 class=\"wp-block-heading\">IDENTIFICATION<\/h5>\n\n\n\n<p>Vous \u00eates connect\u00e9s au site de la Recherche \u00e0 l\u2019UPF, Campus d\u2019Outumaoro, BP 6570, 98702 Faa&#8217;a, Tahiti, Polyn\u00e9sie fran\u00e7aise.<\/p>\n\n\n\n<ul class=\"wp-block-list\"><li>Directeur de la publication : Dr. Patrick CAPOLSINI, Pr\u00e9sident de l\u2019universit\u00e9&nbsp;<ul><li>Num\u00e9ro: (+689) 40 803 803<\/li><\/ul><ul><li>Courriel: courrier@upf.pf<\/li><\/ul><\/li><li>Responsable \u00e9ditorial : Camille BILLET MOULINET, responsable communication&nbsp;<\/li><li>Conception graphique et d\u00e9veloppements : Yhello \/ UPF<\/li><li>H\u00e9bergement et exploitation : direction des syst\u00e8mes d\u2019information de l\u2019UPF<\/li><\/ul>\n\n\n\n<h5 class=\"wp-block-heading\">PROPRI\u00c9T\u00c9 INTELLECTUELLE<\/h5>\n\n\n\n<p>Le droit d\u2019auteur s\u2019applique aux donn\u00e9es des sites Web. Conform\u00e9ment \u00e0 l\u2019article L 122.1 du Code de la propri\u00e9t\u00e9 intellectuelle, il s\u2019agit d\u2019un droit d\u2019exploitation appartenant \u00e0 l\u2019UPF et comprenant le droit de repr\u00e9sentation et le droit de reproduction. Ainsi tous les \u00e9l\u00e9ments constituant les pages web de l\u2019UPF (notamment les marques d\u00e9pos\u00e9es, les textes, graphismes, logos, photos et animations) sont prot\u00e9g\u00e9s par le droit d\u2019auteur et sont la propri\u00e9t\u00e9 de l\u2019UPF. A cet \u00e9gard, l\u2019UPF n\u2019accorde aucun droit de reproduction ou de copie, m\u00eame partielle au lecteur, quel que soit le proc\u00e9d\u00e9 utilis\u00e9, y compris pour les documents t\u00e9l\u00e9chargeables et les repr\u00e9sentations iconographiques et photographiques.<br><br>Le Code de la propri\u00e9t\u00e9 intellectuelle (article L 122.5) n\u2019autorise que, sous r\u00e9serve que soient indiqu\u00e9s clairement le nom de l\u2019auteur et la source :<\/p>\n\n\n\n<ul class=\"wp-block-list\"><li>les repr\u00e9sentations priv\u00e9es et gratuites effectu\u00e9es exclusivement dans un cercle de famille ;<\/li><li>les copies ou reproductions strictement r\u00e9serv\u00e9es \u00e0 l\u2019usage priv\u00e9 du copiste et non destin\u00e9es \u00e0 une utilisation collective.<\/li><\/ul>\n\n\n\n<p>En cons\u00e9quence, toute repr\u00e9sentation ou reproduction, int\u00e9grale ou partielle, de n\u2019importe quel \u00e9l\u00e9ment composant ce site, par quel que proc\u00e9d\u00e9 que ce soit, faite sans accord pr\u00e9alable du Pr\u00e9sident de l\u2019UPF, est illicite. Cette atteinte port\u00e9e aux droits de l\u2019auteur est consid\u00e9r\u00e9e comme constitutive d\u2019un d\u00e9lit de contrefa\u00e7on sanctionn\u00e9 par les articles L 335.2 et suivants du Code de la propri\u00e9t\u00e9 intellectuelle. De m\u00eame, la technique de lien profond (&#8220;deep linking&#8221;) est proscrite, c\u2019est-\u00e0-dire que les pages du site de l\u2019UPF ne doivent pas \u00eatre imbriqu\u00e9es \u00e0 l\u2019int\u00e9rieur des pages d\u2019un autre site.<\/p>\n\n\n\n<p><strong>Une autorisation pr\u00e9alable de reproduction d\u2019\u00e9l\u00e9ments constituant les pages web peut \u00eatre sollicit\u00e9e aupr\u00e8s de l\u2019UPF. En cas d\u2019accord, il sera fait mention explicite du propri\u00e9taire par l\u2019utilisateur de la source.<\/strong><\/p>\n\n\n\n<h5 class=\"wp-block-heading\">PROTECTION DES DONNEES PERSONNELLES ET COOKIES<\/h5>\n\n\n\n<p>L\u2019Universit\u00e9 de la Polyn\u00e9sie fran\u00e7aise s\u2019engage \u00e0 prot\u00e9ger les informations personnelles et la vie priv\u00e9e de ses usagers, visiteurs du Site internet et de toute personne utilisant ses Services de mani\u00e8re g\u00e9n\u00e9rale.<\/p>\n\n\n\n<p>Conform\u00e9ment au R\u00e8glement (UE) 2016\/679 relatif \u00e0 la protection des donn\u00e9es \u00e0 caract\u00e8re personnel, vous disposez du droit de demander au responsable du traitement l&#8217;acc\u00e8s aux donn\u00e9es \u00e0 caract\u00e8re personnel vous concernant, ainsi que la rectification ou l&#8217;effacement de celles-ci, et la limitation desdits traitements.<\/p>\n\n\n\n<p>Vous pouvez exercer l\u2019ensemble de ces droits en envoyant votre demande \u00e0 :<\/p>\n\n\n\n<p>Universit\u00e9 de la Polyn\u00e9sie fran\u00e7aise<\/p>\n\n\n\n<p>D\u00e9l\u00e9gu\u00e9 \u00e0 la protection des donn\u00e9es<\/p>\n\n\n\n<p>Campus d&#8217;Outumaoro&nbsp;&#8211; Punaauia &#8211; B.P. 6570 &#8211; 98702&nbsp;Faa&#8217;a&nbsp;&#8211; Tahiti &#8211; Polyn\u00e9sie fran\u00e7aise<\/p>\n\n\n\n<p>Ou par courriel\u202f: dpo@upf.pf<\/p>\n\n\n\n<p>Pour plus d\u2019informations concernant vos droits, veuillez consulter notre <a href=\"https:\/\/recherche.upf.pf\/politique-protection-donnees\/\">Politique de protection de donn\u00e9es et de gestion des cookies<\/a>. <\/p>\n\n\n\n<p>Enfin, en conformit\u00e9 avec la l\u00e9gislation invoqu\u00e9e, le ou les traitements de donn\u00e9es automatis\u00e9s \u00e9tablis \u00e0 partir du site&nbsp;<a href=\"http:\/\/www.recherche.upf.pf\">http:\/\/recherche.upf.pf<\/a> a ou ont fait l\u2019objet d\u2019un enregistrement dans le registre de traitements de donn\u00e9es personnelles tenu par l\u2019universit\u00e9.<\/p>\n\n\n\n<h5 class=\"wp-block-heading\">LIEN HYPERTEXTE<\/h5>\n\n\n\n<p>L\u2019Universit\u00e9 de la Polyn\u00e9sie fran\u00e7aise ne saurait \u00eatre tenue responsable des informations contenues sur les sites tiers. En aucun cas, l\u2019existence d\u2019un lien hypertexte entre l\u2019Universit\u00e9 de la Polyn\u00e9sie fran\u00e7aise et un site tiers ne signifie un contr\u00f4le ni une influence sur le contenu du site tiers par l\u2019Universit\u00e9 de la Polyn\u00e9sie fran\u00e7aise.<\/p>\n\n\n\n<p>Les liens hypertextes pr\u00e9sents sur le site et renvoyant \u00e0 un site Internet tiers ne sauraient engager la responsabilit\u00e9 de l\u2019Universit\u00e9 de la Polyn\u00e9sie fran\u00e7aise. L\u2019Universit\u00e9 de la Polyn\u00e9sie fran\u00e7aise n\u2019exer\u00e7ant aucun contr\u00f4le et n\u2019ayant aucune ma\u00eetrise sur le contenu de tout site tiers, vous y acc\u00e9dez sous votre propre responsabilit\u00e9. L\u2019Universit\u00e9 de la Polyn\u00e9sie fran\u00e7aise ne saurait en aucun cas \u00eatre tenue responsable du contenu ainsi que des produits ou services propos\u00e9s sur tout site tiers.<\/p>\n\n\n\n<h5 class=\"wp-block-heading\">OPTIMISATION D\u2019AFFICHAGE GRAPHIQUE DU SITE<\/h5>\n\n\n\n<p>Ce site est optimis\u00e9 pour un affichage en 1024&#215;768.&nbsp;<br><br>Il propose un affichage responsif en s\u2019adaptant automatiquement \u00e0 la largeur du support utilis\u00e9 (desktop, tablette, smartphone).<br><br>Le site est compatible avec les navigateurs suivants :<\/p>\n\n\n\n<ul class=\"wp-block-list\"><li>Internet Explorer 9+<\/li><li>Firefox 26+<\/li><li>Google Chrome 32+<\/li><li>Safari 7+<\/li><\/ul>\n\n\n\n<h5 class=\"wp-block-heading\">CREDITS PHOTOGRAPHIQUES<\/h5>\n\n\n\n<p>Les photos pr\u00e9sentes sur ce site peuvent \u00eatre reproduites, \u00e0 la condition toutefois d\u2019en indiquer explicitement la source : \u00a9UPF ou les cr\u00e9dits pr\u00e9cis\u00e9s sur la photo.<\/p>\n\n\n\n<h5 class=\"wp-block-heading\">CREDITS PHOTOS PAGES D&#8217;ACCUEIL ET PAGES INTERIEURES<\/h5>\n\n\n\n<p>Communication UPF, Circ\u00e9 Lefebvre, Matarai, Tahiti Tourisme, St\u00e9phane Mailion Photography, Manu&#8217;e Vecker-Sue, Etienne Raveino.<\/p>\n\n\n\n<h5 class=\"wp-block-heading\">AIDE TECHNIQUE A LA NAVIGATION<\/h5>\n\n\n\n<p>Fichiers PDF. &#8211; Adobe\u00ae Reader\u00ae<\/p>\n\n\n\n<p>Le site contient des fichiers au format PDF. Pour lire ce format, il faut disposer du logiciel gratuit&nbsp;Adobe\u00ae Reader\u00ae t\u00e9l\u00e9chargeable sur le site d&#8217;Adobe France :&nbsp;<a href=\"http:\/\/www.adobe.fr\/products\/acrobat\/readstep2.html\" target=\"_blank\" rel=\"noreferrer noopener\">http:\/\/www.adobe.fr\/products\/acrobat\/readstep2.html<\/a><\/p>","protected":false},"excerpt":{"rendered":"<p>Sorry, this entry is only available in Fran\u00e7ais. IDENTIFICATION Vous \u00eates connect\u00e9s au site de la Recherche \u00e0 l\u2019UPF, Campus d\u2019Outumaoro, BP 6570, 98702 Faa&#8217;a, Tahiti, Polyn\u00e9sie fran\u00e7aise. Directeur de la publication : Dr. Patrick CAPOLSINI, Pr\u00e9sident de l\u2019universit\u00e9&nbsp; Num\u00e9ro: (+689) 40 803 803 Courriel: courrier@upf.pf Responsable \u00e9ditorial : Camille BILLET MOULINET, responsable communication&nbsp; Conception&hellip; <a class=\"more-link\" href=\"https:\/\/recherche.upf.pf\/en\/mentions-legales\/\">Continue reading <span class=\"screen-reader-text\">Legal Notice<\/span><\/a><\/p>\n","protected":false},"author":1,"featured_media":3701,"parent":0,"menu_order":0,"comment_status":"closed","ping_status":"closed","template":"","meta":{"_acf_changed":false,"_relevanssi_hide_post":"","_relevanssi_hide_content":"","_relevanssi_pin_for_all":"","_relevanssi_pin_keywords":"","_relevanssi_unpin_keywords":"","_relevanssi_related_keywords":"","_relevanssi_related_include_ids":"","_relevanssi_related_exclude_ids":"","_relevanssi_related_no_append":"","_relevanssi_related_not_related":"","_relevanssi_related_posts":"1","_relevanssi_noindex_reason":"","footnotes":""},"coauthors":[349],"class_list":["post-1626","page","type-page","status-publish","has-post-thumbnail","hentry","entry"],"acf":[],"yoast_head":"<!-- This site is optimized with the Yoast SEO plugin v27.3 - https:\/\/yoast.com\/product\/yoast-seo-wordpress\/ -->\n<title>Legal Notice &#8226; Recherche UPF<\/title>\n<meta name=\"robots\" content=\"index, follow, max-snippet:-1, max-image-preview:large, max-video-preview:-1\" \/>\n<link rel=\"canonical\" href=\"https:\/\/recherche.upf.pf\/en\/mentions-legales\/\" \/>\n<meta property=\"og:locale\" content=\"en_US\" \/>\n<meta property=\"og:type\" content=\"article\" \/>\n<meta property=\"og:title\" content=\"Legal Notice &#8226; Recherche UPF\" \/>\n<meta property=\"og:description\" content=\"Sorry, this entry is only available in Fran\u00e7ais. IDENTIFICATION Vous \u00eates connect\u00e9s au site de la Recherche \u00e0 l\u2019UPF, Campus d\u2019Outumaoro, BP 6570, 98702 Faa&#8217;a, Tahiti, Polyn\u00e9sie fran\u00e7aise. Directeur de la publication : Dr. Patrick CAPOLSINI, Pr\u00e9sident de l\u2019universit\u00e9&nbsp; Num\u00e9ro: (+689) 40 803 803 Courriel: courrier@upf.pf Responsable \u00e9ditorial : Camille BILLET MOULINET, responsable communication&nbsp; Conception&hellip; Continue reading Legal Notice\" \/>\n<meta property=\"og:url\" content=\"https:\/\/recherche.upf.pf\/fr\/mentions-legales\/\" \/>\n<meta property=\"og:site_name\" content=\"Recherche UPF\" \/>\n<meta property=\"article:publisher\" content=\"https:\/\/www.facebook.com\/univpf\" \/>\n<meta property=\"article:modified_time\" content=\"2022-07-22T23:34:32+00:00\" \/>\n<meta property=\"og:image\" content=\"https:\/\/recherche.upf.pf\/wp-content\/uploads\/2022\/07\/DSC06562.jpg\" \/>\n\t<meta property=\"og:image:width\" content=\"3000\" \/>\n\t<meta property=\"og:image:height\" content=\"1688\" \/>\n\t<meta property=\"og:image:type\" content=\"image\/jpeg\" \/>\n<meta name=\"twitter:card\" content=\"summary_large_image\" \/>\n<meta name=\"twitter:site\" content=\"@univpf\" \/>\n<meta name=\"twitter:label1\" content=\"Est. reading time\" \/>\n\t<meta name=\"twitter:data1\" content=\"4 minutes\" \/>\n\t<meta name=\"twitter:label2\" content=\"Written by\" \/>\n\t<meta name=\"twitter:data2\" content=\"Marcio Marim\" \/>\n<script type=\"application\/ld+json\" class=\"yoast-schema-graph\">{\"@context\":\"https:\\\/\\\/schema.org\",\"@graph\":[{\"@type\":\"WebPage\",\"@id\":\"https:\\\/\\\/recherche.upf.pf\\\/fr\\\/mentions-legales\\\/\",\"url\":\"https:\\\/\\\/recherche.upf.pf\\\/fr\\\/mentions-legales\\\/\",\"name\":\"Legal Notice &#8226; Recherche UPF\",\"isPartOf\":{\"@id\":\"https:\\\/\\\/recherche.upf.pf\\\/fr\\\/#website\"},\"primaryImageOfPage\":{\"@id\":\"https:\\\/\\\/recherche.upf.pf\\\/fr\\\/mentions-legales\\\/#primaryimage\"},\"image\":{\"@id\":\"https:\\\/\\\/recherche.upf.pf\\\/fr\\\/mentions-legales\\\/#primaryimage\"},\"thumbnailUrl\":\"https:\\\/\\\/recherche.upf.pf\\\/wp-content\\\/uploads\\\/2022\\\/07\\\/DSC06562.jpg\",\"datePublished\":\"2021-09-10T11:53:14+00:00\",\"dateModified\":\"2022-07-22T23:34:32+00:00\",\"breadcrumb\":{\"@id\":\"https:\\\/\\\/recherche.upf.pf\\\/fr\\\/mentions-legales\\\/#breadcrumb\"},\"inLanguage\":\"en-US\",\"potentialAction\":[{\"@type\":\"ReadAction\",\"target\":[\"https:\\\/\\\/recherche.upf.pf\\\/fr\\\/mentions-legales\\\/\"]}]},{\"@type\":\"ImageObject\",\"inLanguage\":\"en-US\",\"@id\":\"https:\\\/\\\/recherche.upf.pf\\\/fr\\\/mentions-legales\\\/#primaryimage\",\"url\":\"https:\\\/\\\/recherche.upf.pf\\\/wp-content\\\/uploads\\\/2022\\\/07\\\/DSC06562.jpg\",\"contentUrl\":\"https:\\\/\\\/recherche.upf.pf\\\/wp-content\\\/uploads\\\/2022\\\/07\\\/DSC06562.jpg\",\"width\":3000,\"height\":1688},{\"@type\":\"BreadcrumbList\",\"@id\":\"https:\\\/\\\/recherche.upf.pf\\\/fr\\\/mentions-legales\\\/#breadcrumb\",\"itemListElement\":[{\"@type\":\"ListItem\",\"position\":1,\"name\":\"Accueil\",\"item\":\"https:\\\/\\\/recherche.upf.pf\\\/\"},{\"@type\":\"ListItem\",\"position\":2,\"name\":\"Mentions l\u00e9gales\"}]},{\"@type\":\"WebSite\",\"@id\":\"https:\\\/\\\/recherche.upf.pf\\\/fr\\\/#website\",\"url\":\"https:\\\/\\\/recherche.upf.pf\\\/fr\\\/\",\"name\":\"Recherche - Universit\u00e9 de la Polyn\u00e9sie Fran\u00e7aise\",\"description\":\"University of French Polynesia\",\"publisher\":{\"@id\":\"https:\\\/\\\/recherche.upf.pf\\\/fr\\\/#organization\"},\"alternateName\":\"Recherche UPF\",\"potentialAction\":[{\"@type\":\"SearchAction\",\"target\":{\"@type\":\"EntryPoint\",\"urlTemplate\":\"https:\\\/\\\/recherche.upf.pf\\\/fr\\\/?s={search_term_string}\"},\"query-input\":{\"@type\":\"PropertyValueSpecification\",\"valueRequired\":true,\"valueName\":\"search_term_string\"}}],\"inLanguage\":\"en-US\"},{\"@type\":\"Organization\",\"@id\":\"https:\\\/\\\/recherche.upf.pf\\\/fr\\\/#organization\",\"name\":\"Universit\u00e9 de la Polyn\u00e9sie Fran\u00e7aise\",\"url\":\"https:\\\/\\\/recherche.upf.pf\\\/fr\\\/\",\"logo\":{\"@type\":\"ImageObject\",\"inLanguage\":\"en-US\",\"@id\":\"https:\\\/\\\/recherche.upf.pf\\\/fr\\\/#\\\/schema\\\/logo\\\/image\\\/\",\"url\":\"https:\\\/\\\/recherche.upf.pf\\\/wp-content\\\/uploads\\\/2021\\\/02\\\/Logo-UPF.png\",\"contentUrl\":\"https:\\\/\\\/recherche.upf.pf\\\/wp-content\\\/uploads\\\/2021\\\/02\\\/Logo-UPF.png\",\"width\":2132,\"height\":968,\"caption\":\"Universit\u00e9 de la Polyn\u00e9sie Fran\u00e7aise\"},\"image\":{\"@id\":\"https:\\\/\\\/recherche.upf.pf\\\/fr\\\/#\\\/schema\\\/logo\\\/image\\\/\"},\"sameAs\":[\"https:\\\/\\\/www.facebook.com\\\/univpf\",\"https:\\\/\\\/x.com\\\/univpf\",\"https:\\\/\\\/www.instagram.com\\\/univpf\\\/\",\"https:\\\/\\\/www.linkedin.com\\\/school\\\/universit\u00e9-de-la-polyn\u00e9sie-fran\u00e7aise\\\/\",\"https:\\\/\\\/www.youtube.com\\\/channel\\\/UC535-cUv9j7pnLabFCFc17g\",\"https:\\\/\\\/fr.wikipedia.org\\\/wiki\\\/Universit\u00e9_de_la_Polyn\u00e9sie_fran\u00e7aise\"]}]}<\/script>\n<!-- \/ Yoast SEO plugin. -->","yoast_head_json":{"title":"Legal Notice &#8226; Recherche UPF","robots":{"index":"index","follow":"follow","max-snippet":"max-snippet:-1","max-image-preview":"max-image-preview:large","max-video-preview":"max-video-preview:-1"},"canonical":"https:\/\/recherche.upf.pf\/en\/mentions-legales\/","og_locale":"en_US","og_type":"article","og_title":"Legal Notice &#8226; Recherche UPF","og_description":"Sorry, this entry is only available in Fran\u00e7ais. IDENTIFICATION Vous \u00eates connect\u00e9s au site de la Recherche \u00e0 l\u2019UPF, Campus d\u2019Outumaoro, BP 6570, 98702 Faa&#8217;a, Tahiti, Polyn\u00e9sie fran\u00e7aise. Directeur de la publication : Dr. Patrick CAPOLSINI, Pr\u00e9sident de l\u2019universit\u00e9&nbsp; Num\u00e9ro: (+689) 40 803 803 Courriel: courrier@upf.pf Responsable \u00e9ditorial : Camille BILLET MOULINET, responsable communication&nbsp; Conception&hellip; Continue reading Legal Notice","og_url":"https:\/\/recherche.upf.pf\/fr\/mentions-legales\/","og_site_name":"Recherche UPF","article_publisher":"https:\/\/www.facebook.com\/univpf","article_modified_time":"2022-07-22T23:34:32+00:00","og_image":[{"width":3000,"height":1688,"url":"https:\/\/recherche.upf.pf\/wp-content\/uploads\/2022\/07\/DSC06562.jpg","type":"image\/jpeg"}],"twitter_card":"summary_large_image","twitter_site":"@univpf","twitter_misc":{"Est. reading time":"4 minutes","Written by":"Marcio Marim"},"schema":{"@context":"https:\/\/schema.org","@graph":[{"@type":"WebPage","@id":"https:\/\/recherche.upf.pf\/fr\/mentions-legales\/","url":"https:\/\/recherche.upf.pf\/fr\/mentions-legales\/","name":"Legal Notice &#8226; Recherche UPF","isPartOf":{"@id":"https:\/\/recherche.upf.pf\/fr\/#website"},"primaryImageOfPage":{"@id":"https:\/\/recherche.upf.pf\/fr\/mentions-legales\/#primaryimage"},"image":{"@id":"https:\/\/recherche.upf.pf\/fr\/mentions-legales\/#primaryimage"},"thumbnailUrl":"https:\/\/recherche.upf.pf\/wp-content\/uploads\/2022\/07\/DSC06562.jpg","datePublished":"2021-09-10T11:53:14+00:00","dateModified":"2022-07-22T23:34:32+00:00","breadcrumb":{"@id":"https:\/\/recherche.upf.pf\/fr\/mentions-legales\/#breadcrumb"},"inLanguage":"en-US","potentialAction":[{"@type":"ReadAction","target":["https:\/\/recherche.upf.pf\/fr\/mentions-legales\/"]}]},{"@type":"ImageObject","inLanguage":"en-US","@id":"https:\/\/recherche.upf.pf\/fr\/mentions-legales\/#primaryimage","url":"https:\/\/recherche.upf.pf\/wp-content\/uploads\/2022\/07\/DSC06562.jpg","contentUrl":"https:\/\/recherche.upf.pf\/wp-content\/uploads\/2022\/07\/DSC06562.jpg","width":3000,"height":1688},{"@type":"BreadcrumbList","@id":"https:\/\/recherche.upf.pf\/fr\/mentions-legales\/#breadcrumb","itemListElement":[{"@type":"ListItem","position":1,"name":"Accueil","item":"https:\/\/recherche.upf.pf\/"},{"@type":"ListItem","position":2,"name":"Mentions l\u00e9gales"}]},{"@type":"WebSite","@id":"https:\/\/recherche.upf.pf\/fr\/#website","url":"https:\/\/recherche.upf.pf\/fr\/","name":"Recherche - Universit\u00e9 de la Polyn\u00e9sie Fran\u00e7aise","description":"University of French Polynesia","publisher":{"@id":"https:\/\/recherche.upf.pf\/fr\/#organization"},"alternateName":"Recherche UPF","potentialAction":[{"@type":"SearchAction","target":{"@type":"EntryPoint","urlTemplate":"https:\/\/recherche.upf.pf\/fr\/?s={search_term_string}"},"query-input":{"@type":"PropertyValueSpecification","valueRequired":true,"valueName":"search_term_string"}}],"inLanguage":"en-US"},{"@type":"Organization","@id":"https:\/\/recherche.upf.pf\/fr\/#organization","name":"Universit\u00e9 de la Polyn\u00e9sie Fran\u00e7aise","url":"https:\/\/recherche.upf.pf\/fr\/","logo":{"@type":"ImageObject","inLanguage":"en-US","@id":"https:\/\/recherche.upf.pf\/fr\/#\/schema\/logo\/image\/","url":"https:\/\/recherche.upf.pf\/wp-content\/uploads\/2021\/02\/Logo-UPF.png","contentUrl":"https:\/\/recherche.upf.pf\/wp-content\/uploads\/2021\/02\/Logo-UPF.png","width":2132,"height":968,"caption":"Universit\u00e9 de la Polyn\u00e9sie Fran\u00e7aise"},"image":{"@id":"https:\/\/recherche.upf.pf\/fr\/#\/schema\/logo\/image\/"},"sameAs":["https:\/\/www.facebook.com\/univpf","https:\/\/x.com\/univpf","https:\/\/www.instagram.com\/univpf\/","https:\/\/www.linkedin.com\/school\/universit\u00e9-de-la-polyn\u00e9sie-fran\u00e7aise\/","https:\/\/www.youtube.com\/channel\/UC535-cUv9j7pnLabFCFc17g","https:\/\/fr.wikipedia.org\/wiki\/Universit\u00e9_de_la_Polyn\u00e9sie_fran\u00e7aise"]}]}},"jetpack_shortlink":"https:\/\/wp.me\/Pd7hzg-qe","jetpack_sharing_enabled":true,"_links":{"self":[{"href":"https:\/\/recherche.upf.pf\/en\/wp-json\/wp\/v2\/pages\/1626","targetHints":{"allow":["GET"]}}],"collection":[{"href":"https:\/\/recherche.upf.pf\/en\/wp-json\/wp\/v2\/pages"}],"about":[{"href":"https:\/\/recherche.upf.pf\/en\/wp-json\/wp\/v2\/types\/page"}],"author":[{"embeddable":true,"href":"https:\/\/recherche.upf.pf\/en\/wp-json\/wp\/v2\/users\/1"}],"replies":[{"embeddable":true,"href":"https:\/\/recherche.upf.pf\/en\/wp-json\/wp\/v2\/comments?post=1626"}],"version-history":[{"count":7,"href":"https:\/\/recherche.upf.pf\/en\/wp-json\/wp\/v2\/pages\/1626\/revisions"}],"predecessor-version":[{"id":3827,"href":"https:\/\/recherche.upf.pf\/en\/wp-json\/wp\/v2\/pages\/1626\/revisions\/3827"}],"wp:featuredmedia":[{"embeddable":true,"href":"https:\/\/recherche.upf.pf\/en\/wp-json\/wp\/v2\/media\/3701"}],"wp:attachment":[{"href":"https:\/\/recherche.upf.pf\/en\/wp-json\/wp\/v2\/media?parent=1626"}],"wp:term":[{"taxonomy":"author","embeddable":true,"href":"https:\/\/recherche.upf.pf\/en\/wp-json\/wp\/v2\/coauthors?post=1626"}],"curies":[{"name":"wp","href":"https:\/\/api.w.org\/{rel}","templated":true}]}}