{"id":1130,"date":"2021-06-22T02:48:08","date_gmt":"2021-06-22T12:48:08","guid":{"rendered":"https:\/\/recherche.upf.pf\/?page_id=1130"},"modified":"2022-07-19T14:49:43","modified_gmt":"2022-07-20T00:49:43","slug":"politique-protection-donnees","status":"publish","type":"page","link":"https:\/\/recherche.upf.pf\/en\/politique-protection-donnees\/","title":{"rendered":"Cookies &#038; Privacy Policy"},"content":{"rendered":"<h4 class=\"wp-block-heading\"><strong>1. Identity and coordinates<\/strong><\/h4>\n\n\n\n<p>These informations refer to the research website of the UPF, all its domains and sub-domains.<\/p>\n\n\n\n<h5 class=\"wp-block-heading\"><strong>Head of <\/strong>P<strong>ublication<\/strong><\/h5>\n\n\n\n<p>Dr Patrick CAPOLSINI, president of the University.<\/p>\n\n\n\n<h5 class=\"wp-block-heading\"><strong>Editorial Officer<\/strong><\/h5>\n\n\n\n<p>Pr Nabila GAERTNER &#8211; MAZOUNI, vice-president of the research commission.<\/p>\n\n\n\n<h5 class=\"wp-block-heading\"><strong>Webmasters<\/strong>&nbsp;<\/h5>\n\n\n\n<p>Circ\u00e9 Lefebvre, research communication assistant.<\/p>\n\n\n\n<h5 class=\"wp-block-heading\">Graphic design and developments<\/h5>\n\n\n\n<p><a href=\"https:\/\/yhello.co\/\" target=\"_blank\" rel=\"noreferrer noopener\">Yhello<\/a>.<\/p>\n\n\n\n<h5 class=\"wp-block-heading\">Hosting and Operation<\/h5>\n\n\n\n<p>Direction of UPF&#8217;s operating systems.<\/p>\n\n\n\n<h5 class=\"wp-block-heading\">Data Protection Officer<\/h5>\n\n\n\n<p>Society in charge:<\/p>\n\n\n\n<p>ACTECIL Polyn\u00e9sie<br>Rue Monseigneur Tepano Jaussen &#8211; Immeuble Ateivi &#8211; BP159 &#8211; 98713 Papeete.<\/p>\n\n\n\n<p>Represented by:<\/p>\n\n\n\n<p>Claire CHARUAU, and Amandine GILLE at UPF \u2013in charge of legal matters.<\/p>\n\n\n\n<p>Email: dpo@upf.pf<\/p>\n\n\n\n<h5 class=\"wp-block-heading\"><strong>Legal Entity<\/strong><\/h5>\n\n\n\n<p>Universit\u00e9 de la Polyn\u00e9sie Fran\u00e7aise<br>Campus d&#8217;Outumaoro &#8211; Punaauia <br>B.P. 6570<br>98702 Faa&#8217;a &#8211; Tahiti &#8211; Polyn\u00e9sie fran\u00e7aise<br>Phone : (+689) 40 803 803<br>Email : courrier@upf.pf<\/p>\n\n\n\n<h4 class=\"wp-block-heading\">2. Use of cookies<\/h4>\n\n\n\n<p>Some data about activity on the website and user preferences are stored via cookies. <\/p>\n\n\n\n<p>Cookies are used to improve navigation quality on the website, and also allow the University to evaluate the use that is made of the website.  <\/p>\n\n\n\n<pre class=\"wp-block-verse\">You can chose not to allow the storage of your informations via cookies by configuring your browser.<\/pre>\n\n\n\n<h4 class=\"wp-block-heading\">3. Destination of collected data, storage time.<\/h4>\n\n\n\n<p>Data collected are intended for the University of French Polynesia. Data about user preferences are collected by WordPress, data about site use are collected by Analytics, property of Google.<\/p>\n\n\n\n<p>The cookies storage time depends on the data type. For more information, have a look at the corresponding pages on <a href=\"https:\/\/wordpress.org\/support\/article\/cookies\/\">WordPress<\/a> and <a href=\"https:\/\/developers.google.com\/analytics\/devguides\/collection\/analyticsjs\/cookie-usage\">Analytics<\/a>.<\/p>\n\n\n\n<h4 class=\"wp-block-heading\">4. Personal Data<\/h4>\n\n\n\n<p>According to Article 34 of the French data protection act from the 6th of January of 1978, you can access your personal data held by the University of French Polynesia anytime, and irrevocably ask to modify or delete them by sending a request to <a href=\"mailto:com-recherche@upf.pf\">com-recherche@upf.pf<\/a>, or to the following address: Universit\u00e9 de la Polyn\u00e9sie fran\u00e7aise &#8211; Campus d\u2019Outumaoro &#8211; BP 6570, 98702 FAA\u2019A &#8211; Tahiti, Polyn\u00e9sie fran\u00e7aise.<\/p>","protected":false},"excerpt":{"rendered":"<p>1. Identity and coordinates These informations refer to the research website of the UPF, all its domains and sub-domains. Head of Publication Dr Patrick CAPOLSINI, president of the University. Editorial Officer Pr Nabila GAERTNER &#8211; MAZOUNI, vice-president of the research commission. Webmasters&nbsp; Circ\u00e9 Lefebvre, research communication assistant. Graphic design and developments Yhello. Hosting and Operation&hellip; <a class=\"more-link\" href=\"https:\/\/recherche.upf.pf\/en\/politique-protection-donnees\/\">Continue reading <span class=\"screen-reader-text\">Cookies &#038; Privacy Policy<\/span><\/a><\/p>\n","protected":false},"author":1,"featured_media":1132,"parent":0,"menu_order":0,"comment_status":"closed","ping_status":"closed","template":"","meta":{"_acf_changed":false,"_relevanssi_hide_post":"","_relevanssi_hide_content":"","_relevanssi_pin_for_all":"","_relevanssi_pin_keywords":"","_relevanssi_unpin_keywords":"","_relevanssi_related_keywords":"","_relevanssi_related_include_ids":"","_relevanssi_related_exclude_ids":"","_relevanssi_related_no_append":"","_relevanssi_related_not_related":"","_relevanssi_related_posts":"1","_relevanssi_noindex_reason":"","footnotes":""},"coauthors":[349],"class_list":["post-1130","page","type-page","status-publish","has-post-thumbnail","hentry","entry"],"acf":[],"yoast_head":"<!-- This site is optimized with the Yoast SEO plugin v27.3 - https:\/\/yoast.com\/product\/yoast-seo-wordpress\/ -->\n<title>Cookies &amp; Privacy Policy &#8226; Recherche UPF<\/title>\n<meta name=\"robots\" content=\"index, follow, max-snippet:-1, max-image-preview:large, max-video-preview:-1\" \/>\n<link rel=\"canonical\" href=\"https:\/\/recherche.upf.pf\/en\/politique-protection-donnees\/\" \/>\n<meta property=\"og:locale\" content=\"en_US\" \/>\n<meta property=\"og:type\" content=\"article\" \/>\n<meta property=\"og:title\" content=\"Cookies &amp; Privacy Policy &#8226; Recherche UPF\" \/>\n<meta property=\"og:description\" content=\"1. Identity and coordinates These informations refer to the research website of the UPF, all its domains and sub-domains. Head of Publication Dr Patrick CAPOLSINI, president of the University. Editorial Officer Pr Nabila GAERTNER &#8211; MAZOUNI, vice-president of the research commission. Webmasters&nbsp; Circ\u00e9 Lefebvre, research communication assistant. Graphic design and developments Yhello. Hosting and Operation&hellip; Continue reading Cookies &#038; Privacy Policy\" \/>\n<meta property=\"og:url\" content=\"https:\/\/recherche.upf.pf\/politique-protection-donnees\/\" \/>\n<meta property=\"og:site_name\" content=\"Recherche UPF\" \/>\n<meta property=\"article:publisher\" content=\"https:\/\/www.facebook.com\/univpf\" \/>\n<meta property=\"article:modified_time\" content=\"2022-07-20T00:49:43+00:00\" \/>\n<meta property=\"og:image\" content=\"https:\/\/recherche.upf.pf\/wp-content\/uploads\/2021\/06\/lfan1gswv5c.jpg\" \/>\n\t<meta property=\"og:image:width\" content=\"1600\" \/>\n\t<meta property=\"og:image:height\" content=\"1076\" \/>\n\t<meta property=\"og:image:type\" content=\"image\/jpeg\" \/>\n<meta name=\"twitter:card\" content=\"summary_large_image\" \/>\n<meta name=\"twitter:site\" content=\"@univpf\" \/>\n<meta name=\"twitter:label1\" content=\"Est. reading time\" \/>\n\t<meta name=\"twitter:data1\" content=\"15 minutes\" \/>\n\t<meta name=\"twitter:label2\" content=\"Written by\" \/>\n\t<meta name=\"twitter:data2\" content=\"Marcio Marim\" \/>\n<script type=\"application\/ld+json\" class=\"yoast-schema-graph\">{\"@context\":\"https:\\\/\\\/schema.org\",\"@graph\":[{\"@type\":\"WebPage\",\"@id\":\"https:\\\/\\\/recherche.upf.pf\\\/politique-protection-donnees\\\/\",\"url\":\"https:\\\/\\\/recherche.upf.pf\\\/politique-protection-donnees\\\/\",\"name\":\"Cookies & Privacy Policy &#8226; Recherche UPF\",\"isPartOf\":{\"@id\":\"https:\\\/\\\/recherche.upf.pf\\\/fr\\\/#website\"},\"primaryImageOfPage\":{\"@id\":\"https:\\\/\\\/recherche.upf.pf\\\/politique-protection-donnees\\\/#primaryimage\"},\"image\":{\"@id\":\"https:\\\/\\\/recherche.upf.pf\\\/politique-protection-donnees\\\/#primaryimage\"},\"thumbnailUrl\":\"https:\\\/\\\/recherche.upf.pf\\\/wp-content\\\/uploads\\\/2021\\\/06\\\/lfan1gswv5c.jpg\",\"datePublished\":\"2021-06-22T12:48:08+00:00\",\"dateModified\":\"2022-07-20T00:49:43+00:00\",\"breadcrumb\":{\"@id\":\"https:\\\/\\\/recherche.upf.pf\\\/politique-protection-donnees\\\/#breadcrumb\"},\"inLanguage\":\"en-US\",\"potentialAction\":[{\"@type\":\"ReadAction\",\"target\":[\"https:\\\/\\\/recherche.upf.pf\\\/politique-protection-donnees\\\/\"]}]},{\"@type\":\"ImageObject\",\"inLanguage\":\"en-US\",\"@id\":\"https:\\\/\\\/recherche.upf.pf\\\/politique-protection-donnees\\\/#primaryimage\",\"url\":\"https:\\\/\\\/recherche.upf.pf\\\/wp-content\\\/uploads\\\/2021\\\/06\\\/lfan1gswv5c.jpg\",\"contentUrl\":\"https:\\\/\\\/recherche.upf.pf\\\/wp-content\\\/uploads\\\/2021\\\/06\\\/lfan1gswv5c.jpg\",\"width\":1600,\"height\":1076,\"caption\":\"assorted-color security cameras\"},{\"@type\":\"BreadcrumbList\",\"@id\":\"https:\\\/\\\/recherche.upf.pf\\\/politique-protection-donnees\\\/#breadcrumb\",\"itemListElement\":[{\"@type\":\"ListItem\",\"position\":1,\"name\":\"Accueil\",\"item\":\"https:\\\/\\\/recherche.upf.pf\\\/\"},{\"@type\":\"ListItem\",\"position\":2,\"name\":\"Politique de protection des donn\u00e9es \u00e0\u00a0caract\u00e8re personnel\"}]},{\"@type\":\"WebSite\",\"@id\":\"https:\\\/\\\/recherche.upf.pf\\\/fr\\\/#website\",\"url\":\"https:\\\/\\\/recherche.upf.pf\\\/fr\\\/\",\"name\":\"Recherche - Universit\u00e9 de la Polyn\u00e9sie Fran\u00e7aise\",\"description\":\"University of French Polynesia\",\"publisher\":{\"@id\":\"https:\\\/\\\/recherche.upf.pf\\\/fr\\\/#organization\"},\"alternateName\":\"Recherche UPF\",\"potentialAction\":[{\"@type\":\"SearchAction\",\"target\":{\"@type\":\"EntryPoint\",\"urlTemplate\":\"https:\\\/\\\/recherche.upf.pf\\\/fr\\\/?s={search_term_string}\"},\"query-input\":{\"@type\":\"PropertyValueSpecification\",\"valueRequired\":true,\"valueName\":\"search_term_string\"}}],\"inLanguage\":\"en-US\"},{\"@type\":\"Organization\",\"@id\":\"https:\\\/\\\/recherche.upf.pf\\\/fr\\\/#organization\",\"name\":\"Universit\u00e9 de la Polyn\u00e9sie Fran\u00e7aise\",\"url\":\"https:\\\/\\\/recherche.upf.pf\\\/fr\\\/\",\"logo\":{\"@type\":\"ImageObject\",\"inLanguage\":\"en-US\",\"@id\":\"https:\\\/\\\/recherche.upf.pf\\\/fr\\\/#\\\/schema\\\/logo\\\/image\\\/\",\"url\":\"https:\\\/\\\/recherche.upf.pf\\\/wp-content\\\/uploads\\\/2021\\\/02\\\/Logo-UPF.png\",\"contentUrl\":\"https:\\\/\\\/recherche.upf.pf\\\/wp-content\\\/uploads\\\/2021\\\/02\\\/Logo-UPF.png\",\"width\":2132,\"height\":968,\"caption\":\"Universit\u00e9 de la Polyn\u00e9sie Fran\u00e7aise\"},\"image\":{\"@id\":\"https:\\\/\\\/recherche.upf.pf\\\/fr\\\/#\\\/schema\\\/logo\\\/image\\\/\"},\"sameAs\":[\"https:\\\/\\\/www.facebook.com\\\/univpf\",\"https:\\\/\\\/x.com\\\/univpf\",\"https:\\\/\\\/www.instagram.com\\\/univpf\\\/\",\"https:\\\/\\\/www.linkedin.com\\\/school\\\/universit\u00e9-de-la-polyn\u00e9sie-fran\u00e7aise\\\/\",\"https:\\\/\\\/www.youtube.com\\\/channel\\\/UC535-cUv9j7pnLabFCFc17g\",\"https:\\\/\\\/fr.wikipedia.org\\\/wiki\\\/Universit\u00e9_de_la_Polyn\u00e9sie_fran\u00e7aise\"]}]}<\/script>\n<!-- \/ Yoast SEO plugin. -->","yoast_head_json":{"title":"Cookies & Privacy Policy &#8226; Recherche UPF","robots":{"index":"index","follow":"follow","max-snippet":"max-snippet:-1","max-image-preview":"max-image-preview:large","max-video-preview":"max-video-preview:-1"},"canonical":"https:\/\/recherche.upf.pf\/en\/politique-protection-donnees\/","og_locale":"en_US","og_type":"article","og_title":"Cookies & Privacy Policy &#8226; Recherche UPF","og_description":"1. Identity and coordinates These informations refer to the research website of the UPF, all its domains and sub-domains. Head of Publication Dr Patrick CAPOLSINI, president of the University. Editorial Officer Pr Nabila GAERTNER &#8211; MAZOUNI, vice-president of the research commission. Webmasters&nbsp; Circ\u00e9 Lefebvre, research communication assistant. Graphic design and developments Yhello. Hosting and Operation&hellip; Continue reading Cookies &#038; Privacy Policy","og_url":"https:\/\/recherche.upf.pf\/politique-protection-donnees\/","og_site_name":"Recherche UPF","article_publisher":"https:\/\/www.facebook.com\/univpf","article_modified_time":"2022-07-20T00:49:43+00:00","og_image":[{"width":1600,"height":1076,"url":"https:\/\/recherche.upf.pf\/wp-content\/uploads\/2021\/06\/lfan1gswv5c.jpg","type":"image\/jpeg"}],"twitter_card":"summary_large_image","twitter_site":"@univpf","twitter_misc":{"Est. reading time":"15 minutes","Written by":"Marcio Marim"},"schema":{"@context":"https:\/\/schema.org","@graph":[{"@type":"WebPage","@id":"https:\/\/recherche.upf.pf\/politique-protection-donnees\/","url":"https:\/\/recherche.upf.pf\/politique-protection-donnees\/","name":"Cookies & Privacy Policy &#8226; Recherche UPF","isPartOf":{"@id":"https:\/\/recherche.upf.pf\/fr\/#website"},"primaryImageOfPage":{"@id":"https:\/\/recherche.upf.pf\/politique-protection-donnees\/#primaryimage"},"image":{"@id":"https:\/\/recherche.upf.pf\/politique-protection-donnees\/#primaryimage"},"thumbnailUrl":"https:\/\/recherche.upf.pf\/wp-content\/uploads\/2021\/06\/lfan1gswv5c.jpg","datePublished":"2021-06-22T12:48:08+00:00","dateModified":"2022-07-20T00:49:43+00:00","breadcrumb":{"@id":"https:\/\/recherche.upf.pf\/politique-protection-donnees\/#breadcrumb"},"inLanguage":"en-US","potentialAction":[{"@type":"ReadAction","target":["https:\/\/recherche.upf.pf\/politique-protection-donnees\/"]}]},{"@type":"ImageObject","inLanguage":"en-US","@id":"https:\/\/recherche.upf.pf\/politique-protection-donnees\/#primaryimage","url":"https:\/\/recherche.upf.pf\/wp-content\/uploads\/2021\/06\/lfan1gswv5c.jpg","contentUrl":"https:\/\/recherche.upf.pf\/wp-content\/uploads\/2021\/06\/lfan1gswv5c.jpg","width":1600,"height":1076,"caption":"assorted-color security cameras"},{"@type":"BreadcrumbList","@id":"https:\/\/recherche.upf.pf\/politique-protection-donnees\/#breadcrumb","itemListElement":[{"@type":"ListItem","position":1,"name":"Accueil","item":"https:\/\/recherche.upf.pf\/"},{"@type":"ListItem","position":2,"name":"Politique de protection des donn\u00e9es \u00e0\u00a0caract\u00e8re personnel"}]},{"@type":"WebSite","@id":"https:\/\/recherche.upf.pf\/fr\/#website","url":"https:\/\/recherche.upf.pf\/fr\/","name":"Recherche - Universit\u00e9 de la Polyn\u00e9sie Fran\u00e7aise","description":"University of French Polynesia","publisher":{"@id":"https:\/\/recherche.upf.pf\/fr\/#organization"},"alternateName":"Recherche UPF","potentialAction":[{"@type":"SearchAction","target":{"@type":"EntryPoint","urlTemplate":"https:\/\/recherche.upf.pf\/fr\/?s={search_term_string}"},"query-input":{"@type":"PropertyValueSpecification","valueRequired":true,"valueName":"search_term_string"}}],"inLanguage":"en-US"},{"@type":"Organization","@id":"https:\/\/recherche.upf.pf\/fr\/#organization","name":"Universit\u00e9 de la Polyn\u00e9sie Fran\u00e7aise","url":"https:\/\/recherche.upf.pf\/fr\/","logo":{"@type":"ImageObject","inLanguage":"en-US","@id":"https:\/\/recherche.upf.pf\/fr\/#\/schema\/logo\/image\/","url":"https:\/\/recherche.upf.pf\/wp-content\/uploads\/2021\/02\/Logo-UPF.png","contentUrl":"https:\/\/recherche.upf.pf\/wp-content\/uploads\/2021\/02\/Logo-UPF.png","width":2132,"height":968,"caption":"Universit\u00e9 de la Polyn\u00e9sie Fran\u00e7aise"},"image":{"@id":"https:\/\/recherche.upf.pf\/fr\/#\/schema\/logo\/image\/"},"sameAs":["https:\/\/www.facebook.com\/univpf","https:\/\/x.com\/univpf","https:\/\/www.instagram.com\/univpf\/","https:\/\/www.linkedin.com\/school\/universit\u00e9-de-la-polyn\u00e9sie-fran\u00e7aise\/","https:\/\/www.youtube.com\/channel\/UC535-cUv9j7pnLabFCFc17g","https:\/\/fr.wikipedia.org\/wiki\/Universit\u00e9_de_la_Polyn\u00e9sie_fran\u00e7aise"]}]}},"jetpack_shortlink":"https:\/\/wp.me\/Pd7hzg-ie","jetpack_sharing_enabled":true,"_links":{"self":[{"href":"https:\/\/recherche.upf.pf\/en\/wp-json\/wp\/v2\/pages\/1130","targetHints":{"allow":["GET"]}}],"collection":[{"href":"https:\/\/recherche.upf.pf\/en\/wp-json\/wp\/v2\/pages"}],"about":[{"href":"https:\/\/recherche.upf.pf\/en\/wp-json\/wp\/v2\/types\/page"}],"author":[{"embeddable":true,"href":"https:\/\/recherche.upf.pf\/en\/wp-json\/wp\/v2\/users\/1"}],"replies":[{"embeddable":true,"href":"https:\/\/recherche.upf.pf\/en\/wp-json\/wp\/v2\/comments?post=1130"}],"version-history":[{"count":9,"href":"https:\/\/recherche.upf.pf\/en\/wp-json\/wp\/v2\/pages\/1130\/revisions"}],"predecessor-version":[{"id":3704,"href":"https:\/\/recherche.upf.pf\/en\/wp-json\/wp\/v2\/pages\/1130\/revisions\/3704"}],"wp:featuredmedia":[{"embeddable":true,"href":"https:\/\/recherche.upf.pf\/en\/wp-json\/wp\/v2\/media\/1132"}],"wp:attachment":[{"href":"https:\/\/recherche.upf.pf\/en\/wp-json\/wp\/v2\/media?parent=1130"}],"wp:term":[{"taxonomy":"author","embeddable":true,"href":"https:\/\/recherche.upf.pf\/en\/wp-json\/wp\/v2\/coauthors?post=1130"}],"curies":[{"name":"wp","href":"https:\/\/api.w.org\/{rel}","templated":true}]}}